{"id":1396,"date":"2025-06-25T14:00:50","date_gmt":"2025-06-25T13:00:50","guid":{"rendered":"https:\/\/mattia.com\/?post_type=product&#038;p=1396"},"modified":"2025-07-04T08:32:18","modified_gmt":"2025-07-04T07:32:18","slug":"harmony-greige-luxury","status":"publish","type":"product","link":"https:\/\/mattia.com\/en\/produkt\/harmony-greige-luxury\/","title":{"rendered":"Textilplatta Harmony &#8211; Greige Luxury"},"content":{"rendered":"<p>Harmony \u00e4r en mjuk och lyxig helt\u00e4ckningsmatta i textilplattor. Denna sk\u00f6na modell passar perfekt i alla delar av hemmet f\u00f6r en h\u00e4rlig och ombodnande k\u00e4nsla.<br \/>\n\n\t\t<style>\n\t\t\t#gallery-1 {\n\t\t\t\tmargin: auto;\n\t\t\t}\n\t\t\t#gallery-1 .gallery-item {\n\t\t\t\tfloat: left;\n\t\t\t\tmargin-top: 10px;\n\t\t\t\ttext-align: center;\n\t\t\t\twidth: 33%;\n\t\t\t}\n\t\t\t#gallery-1 img {\n\t\t\t\tborder: 2px solid #cfcfcf;\n\t\t\t}\n\t\t\t#gallery-1 .gallery-caption {\n\t\t\t\tmargin-left: 0;\n\t\t\t}\n\t\t\t\/* see gallery_shortcode() in wp-includes\/media.php *\/\n\t\t<\/style>\n\t\t<div id='gallery-1' class='gallery galleryid-1396 gallery-columns-3 gallery-size-large'><dl class='gallery-item'>\n\t\t\t<dt class='gallery-icon portrait'>\n\t\t\t\t<img loading=\"lazy\" decoding=\"async\" width=\"1020\" height=\"1024\" src=\"https:\/\/mattia.com\/wp-content\/uploads\/2022\/10\/Harmony-heltackningsmatta-e1716553340979-1020x1024.jpg\" class=\"attachment-large size-large\" alt=\"\" srcset=\"https:\/\/mattia.com\/wp-content\/uploads\/2022\/10\/Harmony-heltackningsmatta-e1716553340979-1020x1024.jpg 1020w, https:\/\/mattia.com\/wp-content\/uploads\/2022\/10\/Harmony-heltackningsmatta-e1716553340979-300x300.jpg 300w, https:\/\/mattia.com\/wp-content\/uploads\/2022\/10\/Harmony-heltackningsmatta-e1716553340979-150x150.jpg 150w, https:\/\/mattia.com\/wp-content\/uploads\/2022\/10\/Harmony-heltackningsmatta-e1716553340979-600x603.jpg 600w, https:\/\/mattia.com\/wp-content\/uploads\/2022\/10\/Harmony-heltackningsmatta-e1716553340979-100x100.jpg 100w, https:\/\/mattia.com\/wp-content\/uploads\/2022\/10\/Harmony-heltackningsmatta-e1716553340979-64x64.jpg 64w, https:\/\/mattia.com\/wp-content\/uploads\/2022\/10\/Harmony-heltackningsmatta-e1716553340979.jpg 1175w\" sizes=\"auto, (max-width: 1020px) 100vw, 1020px\" \/>\n\t\t\t<\/dt><\/dl><dl class='gallery-item'>\n\t\t\t<dt class='gallery-icon portrait'>\n\t\t\t\t<img loading=\"lazy\" decoding=\"async\" width=\"774\" height=\"1024\" src=\"https:\/\/mattia.com\/wp-content\/uploads\/2022\/10\/Melkea-Harmony-textilplattor-e1716553370943-774x1024.jpg\" class=\"attachment-large size-large\" alt=\"\" srcset=\"https:\/\/mattia.com\/wp-content\/uploads\/2022\/10\/Melkea-Harmony-textilplattor-e1716553370943-774x1024.jpg 774w, https:\/\/mattia.com\/wp-content\/uploads\/2022\/10\/Melkea-Harmony-textilplattor-e1716553370943-227x300.jpg 227w, https:\/\/mattia.com\/wp-content\/uploads\/2022\/10\/Melkea-Harmony-textilplattor-e1716553370943-1162x1536.jpg 1162w, https:\/\/mattia.com\/wp-content\/uploads\/2022\/10\/Melkea-Harmony-textilplattor-e1716553370943-600x793.jpg 600w, https:\/\/mattia.com\/wp-content\/uploads\/2022\/10\/Melkea-Harmony-textilplattor-e1716553370943-64x85.jpg 64w, https:\/\/mattia.com\/wp-content\/uploads\/2022\/10\/Melkea-Harmony-textilplattor-e1716553370943.jpg 1179w\" sizes=\"auto, (max-width: 774px) 100vw, 774px\" \/>\n\t\t\t<\/dt><\/dl><dl class='gallery-item'>\n\t\t\t<dt class='gallery-icon portrait'>\n\t\t\t\t<img loading=\"lazy\" decoding=\"async\" width=\"764\" height=\"1024\" src=\"https:\/\/mattia.com\/wp-content\/uploads\/2022\/10\/Melkea-harmony-mid-grey-e1716553388237-764x1024.jpg\" class=\"attachment-large size-large\" alt=\"Sovrumsmatta\" srcset=\"https:\/\/mattia.com\/wp-content\/uploads\/2022\/10\/Melkea-harmony-mid-grey-e1716553388237-764x1024.jpg 764w, https:\/\/mattia.com\/wp-content\/uploads\/2022\/10\/Melkea-harmony-mid-grey-e1716553388237-224x300.jpg 224w, https:\/\/mattia.com\/wp-content\/uploads\/2022\/10\/Melkea-harmony-mid-grey-e1716553388237-1146x1536.jpg 1146w, https:\/\/mattia.com\/wp-content\/uploads\/2022\/10\/Melkea-harmony-mid-grey-e1716553388237-600x804.jpg 600w, https:\/\/mattia.com\/wp-content\/uploads\/2022\/10\/Melkea-harmony-mid-grey-e1716553388237-64x86.jpg 64w, https:\/\/mattia.com\/wp-content\/uploads\/2022\/10\/Melkea-harmony-mid-grey-e1716553388237.jpg 1179w\" sizes=\"auto, (max-width: 764px) 100vw, 764px\" \/>\n\t\t\t<\/dt><\/dl><br style=\"clear: both\" \/>\n\t\t<\/div>\n<\/p>\n","protected":false},"excerpt":{"rendered":"<p>Harmony \u00e4r en mjuk och lyxig helt\u00e4ckningsmatta i textilplattor. Denna sk\u00f6na modell passar perfekt i alla delar av hemmet f\u00f6r en h\u00e4rlig och ombodnande k\u00e4nsla.<\/p>\n","protected":false},"featured_media":1773,"comment_status":"closed","ping_status":"closed","template":"","meta":{"_acf_changed":false},"product_brand":[],"product_cat":[141,60,20,89,24],"product_tag":[],"class_list":{"0":"post-1396","1":"product","2":"type-product","3":"status-publish","4":"has-post-thumbnail","6":"product_cat-textilplattor","7":"product_cat-alla-produkter","8":"product_cat-melkea-textilplattor","9":"product_cat-harmony","10":"product_cat-rea-tillfalliga-partier","11":"pa_farg-brun","12":"pa_hojd-lugg-11-mm","13":"pa_produktklass-157","14":"pa_storlek-per-platta-cm-50x50","15":"pa_textilplatta-textilplatta","16":"pa_total-tjocklek-mm-13-mm","17":"pa_varumarke-mattia","18":"tm-no-options","20":"first","21":"instock","22":"sale","23":"taxable","24":"shipping-taxable","25":"purchasable","26":"product-type-simple"},"composite_layout":"","composite_add_to_cart_form_location":"","composite_editable_in_cart":false,"composite_sold_individually_context":"","composite_shop_price_calc":"","composite_components":[],"composite_scenarios":[],"acf":[],"yoast_head":"<!-- This site is optimized with the Yoast SEO plugin v24.3 - https:\/\/yoast.com\/wordpress\/plugins\/seo\/ -->\n<title>Textilplatta Mattia Harmony - Greige Luxury | Mattia<\/title>\n<meta name=\"description\" content=\"K\u00f6p Textilplatta Harmony - Greige Luxury hos Mattia. H\u00f6g kvalitet till marknadens b\u00e4sta priser med snabb leverans och fri frakt!\" \/>\n<meta name=\"robots\" content=\"index, follow, max-snippet:-1, max-image-preview:large, max-video-preview:-1\" \/>\n<link rel=\"canonical\" href=\"https:\/\/mattia.com\/produkt\/harmony-greige-luxury\/\" \/>\n<meta property=\"og:locale\" content=\"en_US\" \/>\n<meta property=\"og:type\" content=\"article\" \/>\n<meta property=\"og:title\" content=\"Textilplatta Mattia Harmony - Greige Luxury | Mattia\" \/>\n<meta property=\"og:description\" content=\"K\u00f6p Textilplatta Harmony - Greige Luxury hos Mattia. H\u00f6g kvalitet till marknadens b\u00e4sta priser med snabb leverans och fri frakt!\" \/>\n<meta property=\"og:url\" content=\"https:\/\/mattia.com\/produkt\/harmony-greige-luxury\/\" \/>\n<meta property=\"og:site_name\" content=\"Mattia\" \/>\n<meta property=\"article:publisher\" content=\"https:\/\/www.facebook.com\/Textilplattor\" \/>\n<meta property=\"article:modified_time\" content=\"2025-07-04T07:32:18+00:00\" \/>\n<meta property=\"og:image\" content=\"https:\/\/mattia.com\/wp-content\/uploads\/2021\/08\/Harmony-Greige-Luxury-scaled-1024x1024.jpg\" \/>\n\t<meta property=\"og:image:width\" content=\"1024\" \/>\n\t<meta property=\"og:image:height\" content=\"1024\" \/>\n\t<meta property=\"og:image:type\" content=\"image\/jpeg\" \/>\n<meta name=\"twitter:card\" content=\"summary_large_image\" \/>\n<meta name=\"twitter:label1\" content=\"Est. reading time\" \/>\n\t<meta name=\"twitter:data1\" content=\"1 minute\" \/>\n<script type=\"application\/ld+json\" class=\"yoast-schema-graph\">{\"@context\":\"https:\/\/schema.org\",\"@graph\":[{\"@type\":\"WebPage\",\"@id\":\"https:\/\/mattia.com\/produkt\/harmony-greige-luxury\/\",\"url\":\"https:\/\/mattia.com\/produkt\/harmony-greige-luxury\/\",\"name\":\"Textilplatta Mattia Harmony - Greige Luxury | Mattia\",\"isPartOf\":{\"@id\":\"https:\/\/mattia.com\/#website\"},\"primaryImageOfPage\":{\"@id\":\"https:\/\/mattia.com\/produkt\/harmony-greige-luxury\/#primaryimage\"},\"image\":{\"@id\":\"https:\/\/mattia.com\/produkt\/harmony-greige-luxury\/#primaryimage\"},\"thumbnailUrl\":\"https:\/\/mattia.com\/wp-content\/uploads\/2021\/08\/Harmony-Greige-Luxury-scaled.jpg\",\"datePublished\":\"2025-06-25T13:00:50+00:00\",\"dateModified\":\"2025-07-04T07:32:18+00:00\",\"description\":\"K\u00f6p Textilplatta Harmony - Greige Luxury hos Mattia. H\u00f6g kvalitet till marknadens b\u00e4sta priser med snabb leverans och fri frakt!\",\"breadcrumb\":{\"@id\":\"https:\/\/mattia.com\/produkt\/harmony-greige-luxury\/#breadcrumb\"},\"inLanguage\":\"en-US\",\"potentialAction\":[{\"@type\":\"ReadAction\",\"target\":[\"https:\/\/mattia.com\/produkt\/harmony-greige-luxury\/\"]}]},{\"@type\":\"ImageObject\",\"inLanguage\":\"en-US\",\"@id\":\"https:\/\/mattia.com\/produkt\/harmony-greige-luxury\/#primaryimage\",\"url\":\"https:\/\/mattia.com\/wp-content\/uploads\/2021\/08\/Harmony-Greige-Luxury-scaled.jpg\",\"contentUrl\":\"https:\/\/mattia.com\/wp-content\/uploads\/2021\/08\/Harmony-Greige-Luxury-scaled.jpg\",\"width\":2560,\"height\":2560,\"caption\":\"Sovrumsmatta-Harmony-Greige Luxury\"},{\"@type\":\"BreadcrumbList\",\"@id\":\"https:\/\/mattia.com\/produkt\/harmony-greige-luxury\/#breadcrumb\",\"itemListElement\":[{\"@type\":\"ListItem\",\"position\":1,\"name\":\"Hem\",\"item\":\"https:\/\/mattia.com\/\"},{\"@type\":\"ListItem\",\"position\":2,\"name\":\"Textilplattor\",\"item\":\"https:\/\/mattia.com\/shop\/\"},{\"@type\":\"ListItem\",\"position\":3,\"name\":\"Mattia\",\"item\":\"https:\/\/mattia.com\/varumarke\/mattia\/\"},{\"@type\":\"ListItem\",\"position\":4,\"name\":\"Textilplatta Harmony &#8211; Greige Luxury\"}]},{\"@type\":\"WebSite\",\"@id\":\"https:\/\/mattia.com\/#website\",\"url\":\"https:\/\/mattia.com\/\",\"name\":\"Mattia\",\"description\":\"Textilplattor till marknadens b\u00e4sta priser\",\"publisher\":{\"@id\":\"https:\/\/mattia.com\/#organization\"},\"potentialAction\":[{\"@type\":\"SearchAction\",\"target\":{\"@type\":\"EntryPoint\",\"urlTemplate\":\"https:\/\/mattia.com\/?s={search_term_string}\"},\"query-input\":{\"@type\":\"PropertyValueSpecification\",\"valueRequired\":true,\"valueName\":\"search_term_string\"}}],\"inLanguage\":\"en-US\"},{\"@type\":\"Organization\",\"@id\":\"https:\/\/mattia.com\/#organization\",\"name\":\"Mattia AB\",\"alternateName\":\"Mattia\",\"url\":\"https:\/\/mattia.com\/\",\"logo\":{\"@type\":\"ImageObject\",\"inLanguage\":\"en-US\",\"@id\":\"https:\/\/mattia.com\/#\/schema\/logo\/image\/\",\"url\":\"https:\/\/mattia.com\/wp-content\/uploads\/2020\/04\/logotype-1.png\",\"contentUrl\":\"https:\/\/mattia.com\/wp-content\/uploads\/2020\/04\/logotype-1.png\",\"width\":319,\"height\":90,\"caption\":\"Mattia AB\"},\"image\":{\"@id\":\"https:\/\/mattia.com\/#\/schema\/logo\/image\/\"},\"sameAs\":[\"https:\/\/www.facebook.com\/Textilplattor\"]}]}<\/script>\n<!-- \/ Yoast SEO plugin. -->","yoast_head_json":{"title":"Textilplatta Mattia Harmony - Greige Luxury | Mattia","description":"K\u00f6p Textilplatta Harmony - Greige Luxury hos Mattia. H\u00f6g kvalitet till marknadens b\u00e4sta priser med snabb leverans och fri frakt!","robots":{"index":"index","follow":"follow","max-snippet":"max-snippet:-1","max-image-preview":"max-image-preview:large","max-video-preview":"max-video-preview:-1"},"canonical":"https:\/\/mattia.com\/produkt\/harmony-greige-luxury\/","og_locale":"en_US","og_type":"article","og_title":"Textilplatta Mattia Harmony - Greige Luxury | Mattia","og_description":"K\u00f6p Textilplatta Harmony - Greige Luxury hos Mattia. H\u00f6g kvalitet till marknadens b\u00e4sta priser med snabb leverans och fri frakt!","og_url":"https:\/\/mattia.com\/produkt\/harmony-greige-luxury\/","og_site_name":"Mattia","article_publisher":"https:\/\/www.facebook.com\/Textilplattor","article_modified_time":"2025-07-04T07:32:18+00:00","og_image":[{"width":1024,"height":1024,"url":"https:\/\/mattia.com\/wp-content\/uploads\/2021\/08\/Harmony-Greige-Luxury-scaled-1024x1024.jpg","type":"image\/jpeg"}],"twitter_card":"summary_large_image","twitter_misc":{"Est. reading time":"1 minute"},"schema":{"@context":"https:\/\/schema.org","@graph":[{"@type":"WebPage","@id":"https:\/\/mattia.com\/produkt\/harmony-greige-luxury\/","url":"https:\/\/mattia.com\/produkt\/harmony-greige-luxury\/","name":"Textilplatta Mattia Harmony - Greige Luxury | Mattia","isPartOf":{"@id":"https:\/\/mattia.com\/#website"},"primaryImageOfPage":{"@id":"https:\/\/mattia.com\/produkt\/harmony-greige-luxury\/#primaryimage"},"image":{"@id":"https:\/\/mattia.com\/produkt\/harmony-greige-luxury\/#primaryimage"},"thumbnailUrl":"https:\/\/mattia.com\/wp-content\/uploads\/2021\/08\/Harmony-Greige-Luxury-scaled.jpg","datePublished":"2025-06-25T13:00:50+00:00","dateModified":"2025-07-04T07:32:18+00:00","description":"K\u00f6p Textilplatta Harmony - Greige Luxury hos Mattia. H\u00f6g kvalitet till marknadens b\u00e4sta priser med snabb leverans och fri frakt!","breadcrumb":{"@id":"https:\/\/mattia.com\/produkt\/harmony-greige-luxury\/#breadcrumb"},"inLanguage":"en-US","potentialAction":[{"@type":"ReadAction","target":["https:\/\/mattia.com\/produkt\/harmony-greige-luxury\/"]}]},{"@type":"ImageObject","inLanguage":"en-US","@id":"https:\/\/mattia.com\/produkt\/harmony-greige-luxury\/#primaryimage","url":"https:\/\/mattia.com\/wp-content\/uploads\/2021\/08\/Harmony-Greige-Luxury-scaled.jpg","contentUrl":"https:\/\/mattia.com\/wp-content\/uploads\/2021\/08\/Harmony-Greige-Luxury-scaled.jpg","width":2560,"height":2560,"caption":"Sovrumsmatta-Harmony-Greige Luxury"},{"@type":"BreadcrumbList","@id":"https:\/\/mattia.com\/produkt\/harmony-greige-luxury\/#breadcrumb","itemListElement":[{"@type":"ListItem","position":1,"name":"Hem","item":"https:\/\/mattia.com\/"},{"@type":"ListItem","position":2,"name":"Textilplattor","item":"https:\/\/mattia.com\/shop\/"},{"@type":"ListItem","position":3,"name":"Mattia","item":"https:\/\/mattia.com\/varumarke\/mattia\/"},{"@type":"ListItem","position":4,"name":"Textilplatta Harmony &#8211; Greige Luxury"}]},{"@type":"WebSite","@id":"https:\/\/mattia.com\/#website","url":"https:\/\/mattia.com\/","name":"Mattia","description":"Textilplattor till marknadens b\u00e4sta priser","publisher":{"@id":"https:\/\/mattia.com\/#organization"},"potentialAction":[{"@type":"SearchAction","target":{"@type":"EntryPoint","urlTemplate":"https:\/\/mattia.com\/?s={search_term_string}"},"query-input":{"@type":"PropertyValueSpecification","valueRequired":true,"valueName":"search_term_string"}}],"inLanguage":"en-US"},{"@type":"Organization","@id":"https:\/\/mattia.com\/#organization","name":"Mattia AB","alternateName":"Mattia","url":"https:\/\/mattia.com\/","logo":{"@type":"ImageObject","inLanguage":"en-US","@id":"https:\/\/mattia.com\/#\/schema\/logo\/image\/","url":"https:\/\/mattia.com\/wp-content\/uploads\/2020\/04\/logotype-1.png","contentUrl":"https:\/\/mattia.com\/wp-content\/uploads\/2020\/04\/logotype-1.png","width":319,"height":90,"caption":"Mattia AB"},"image":{"@id":"https:\/\/mattia.com\/#\/schema\/logo\/image\/"},"sameAs":["https:\/\/www.facebook.com\/Textilplattor"]}]}},"_links":{"self":[{"href":"https:\/\/mattia.com\/en\/wp-json\/wp\/v2\/product\/1396","targetHints":{"allow":["GET"]}}],"collection":[{"href":"https:\/\/mattia.com\/en\/wp-json\/wp\/v2\/product"}],"about":[{"href":"https:\/\/mattia.com\/en\/wp-json\/wp\/v2\/types\/product"}],"replies":[{"embeddable":true,"href":"https:\/\/mattia.com\/en\/wp-json\/wp\/v2\/comments?post=1396"}],"wp:featuredmedia":[{"embeddable":true,"href":"https:\/\/mattia.com\/en\/wp-json\/wp\/v2\/media\/1773"}],"wp:attachment":[{"href":"https:\/\/mattia.com\/en\/wp-json\/wp\/v2\/media?parent=1396"}],"wp:term":[{"taxonomy":"product_brand","embeddable":true,"href":"https:\/\/mattia.com\/en\/wp-json\/wp\/v2\/product_brand?post=1396"},{"taxonomy":"product_cat","embeddable":true,"href":"https:\/\/mattia.com\/en\/wp-json\/wp\/v2\/product_cat?post=1396"},{"taxonomy":"product_tag","embeddable":true,"href":"https:\/\/mattia.com\/en\/wp-json\/wp\/v2\/product_tag?post=1396"}],"curies":[{"name":"wp","href":"https:\/\/api.w.org\/{rel}","templated":true}]}}