{"id":1421,"date":"2022-02-23T10:37:53","date_gmt":"2022-02-23T09:37:53","guid":{"rendered":"https:\/\/mattia.com\/?post_type=product&#038;p=1421"},"modified":"2023-10-13T13:40:55","modified_gmt":"2023-10-13T12:40:55","slug":"elevation-azuro-cielo","status":"publish","type":"product","link":"https:\/\/mattia.com\/en\/produkt\/elevation-azuro-cielo\/","title":{"rendered":"Elevation Azuro Cielo"},"content":{"rendered":"<p>Slitstark och h\u00e5llbar textilplatta med ett melerat och stilfullt Skandinaviskt uttryck. Anpassad f\u00f6r offentlig milj\u00f6 med h\u00f6g trafik s\u00e5som hotell, butiker, kontor och liknande utrymmen. Tillverkad av v\u00e4rldsledande Interface.<\/p>\n","protected":false},"excerpt":{"rendered":"<p>Slitstark och h\u00e5llbar textilplatta med ett melerat och stilfullt Skandinaviskt uttryck. Anpassad f\u00f6r offentlig milj\u00f6 med h\u00f6g trafik s\u00e5som hotell, butiker, kontor och liknande utrymmen. Tillverkad av v\u00e4rldsledande Interface.<\/p>\n","protected":false},"featured_media":3328,"comment_status":"closed","ping_status":"closed","template":"","meta":{"_acf_changed":false},"product_brand":[],"product_cat":[60,87,93],"product_tag":[],"class_list":{"0":"post-1421","1":"product","2":"type-product","3":"status-publish","4":"has-post-thumbnail","6":"product_cat-alla-produkter","7":"product_cat-interface","8":"product_cat-elevation","9":"pa_farg-bla","10":"pa_produktklass-33-hard-pafrastning","11":"pa_sortering-1-a-sort","12":"pa_sortering-2-sort-fina","13":"pa_sortering-2-sort-skonhetsfel","14":"pa_storlek-per-platta-cm-50x50","15":"pa_textilplatta-textilplatta","16":"pa_varumarke-interface","17":"tm-no-options","19":"first","20":"instock","21":"taxable","22":"shipping-taxable","23":"purchasable","24":"product-type-variable"},"composite_layout":"","composite_add_to_cart_form_location":"","composite_editable_in_cart":false,"composite_sold_individually_context":"","composite_shop_price_calc":"","composite_components":[],"composite_scenarios":[],"acf":[],"yoast_head":"<!-- This site is optimized with the Yoast SEO plugin v24.3 - https:\/\/yoast.com\/wordpress\/plugins\/seo\/ -->\n<title>Elevation Azuro Cielo | Mattia<\/title>\n<meta name=\"description\" content=\"K\u00f6p Elevation Azuro Cielo hos Mattia. H\u00f6g kvalitet till marknadens b\u00e4sta priser med snabb leverans och fri frakt!\" \/>\n<meta name=\"robots\" content=\"index, follow, max-snippet:-1, max-image-preview:large, max-video-preview:-1\" \/>\n<link rel=\"canonical\" href=\"https:\/\/mattia.com\/produkt\/elevation-azuro-cielo\/\" \/>\n<meta property=\"og:locale\" content=\"en_US\" \/>\n<meta property=\"og:type\" content=\"article\" \/>\n<meta property=\"og:title\" content=\"Elevation Azuro Cielo | Mattia\" \/>\n<meta property=\"og:description\" content=\"K\u00f6p Elevation Azuro Cielo hos Mattia. H\u00f6g kvalitet till marknadens b\u00e4sta priser med snabb leverans och fri frakt!\" \/>\n<meta property=\"og:url\" content=\"https:\/\/mattia.com\/produkt\/elevation-azuro-cielo\/\" \/>\n<meta property=\"og:site_name\" content=\"Mattia\" \/>\n<meta property=\"article:publisher\" content=\"https:\/\/www.facebook.com\/Textilplattor\" \/>\n<meta property=\"article:modified_time\" content=\"2023-10-13T12:40:55+00:00\" \/>\n<meta property=\"og:image\" content=\"https:\/\/mattia.com\/wp-content\/uploads\/2022\/02\/Interface_Elevation_Azuro-Cielo-1024x937.png\" \/>\n\t<meta property=\"og:image:width\" content=\"1024\" \/>\n\t<meta property=\"og:image:height\" content=\"937\" \/>\n\t<meta property=\"og:image:type\" content=\"image\/png\" \/>\n<meta name=\"twitter:card\" content=\"summary_large_image\" \/>\n<meta name=\"twitter:label1\" content=\"Est. reading time\" \/>\n\t<meta name=\"twitter:data1\" content=\"1 minute\" \/>\n<script type=\"application\/ld+json\" class=\"yoast-schema-graph\">{\"@context\":\"https:\/\/schema.org\",\"@graph\":[{\"@type\":\"WebPage\",\"@id\":\"https:\/\/mattia.com\/produkt\/elevation-azuro-cielo\/\",\"url\":\"https:\/\/mattia.com\/produkt\/elevation-azuro-cielo\/\",\"name\":\"Elevation Azuro Cielo | Mattia\",\"isPartOf\":{\"@id\":\"https:\/\/mattia.com\/#website\"},\"primaryImageOfPage\":{\"@id\":\"https:\/\/mattia.com\/produkt\/elevation-azuro-cielo\/#primaryimage\"},\"image\":{\"@id\":\"https:\/\/mattia.com\/produkt\/elevation-azuro-cielo\/#primaryimage\"},\"thumbnailUrl\":\"https:\/\/mattia.com\/wp-content\/uploads\/2022\/02\/Interface_Elevation_Azuro-Cielo-e1747129549618.png\",\"datePublished\":\"2022-02-23T09:37:53+00:00\",\"dateModified\":\"2023-10-13T12:40:55+00:00\",\"description\":\"K\u00f6p Elevation Azuro Cielo hos Mattia. H\u00f6g kvalitet till marknadens b\u00e4sta priser med snabb leverans och fri frakt!\",\"breadcrumb\":{\"@id\":\"https:\/\/mattia.com\/produkt\/elevation-azuro-cielo\/#breadcrumb\"},\"inLanguage\":\"en-US\",\"potentialAction\":[{\"@type\":\"ReadAction\",\"target\":[\"https:\/\/mattia.com\/produkt\/elevation-azuro-cielo\/\"]}]},{\"@type\":\"ImageObject\",\"inLanguage\":\"en-US\",\"@id\":\"https:\/\/mattia.com\/produkt\/elevation-azuro-cielo\/#primaryimage\",\"url\":\"https:\/\/mattia.com\/wp-content\/uploads\/2022\/02\/Interface_Elevation_Azuro-Cielo-e1747129549618.png\",\"contentUrl\":\"https:\/\/mattia.com\/wp-content\/uploads\/2022\/02\/Interface_Elevation_Azuro-Cielo-e1747129549618.png\",\"width\":968,\"height\":968},{\"@type\":\"BreadcrumbList\",\"@id\":\"https:\/\/mattia.com\/produkt\/elevation-azuro-cielo\/#breadcrumb\",\"itemListElement\":[{\"@type\":\"ListItem\",\"position\":1,\"name\":\"Hem\",\"item\":\"https:\/\/mattia.com\/\"},{\"@type\":\"ListItem\",\"position\":2,\"name\":\"Textilplattor\",\"item\":\"https:\/\/mattia.com\/shop\/\"},{\"@type\":\"ListItem\",\"position\":3,\"name\":\"Interface\",\"item\":\"https:\/\/mattia.com\/varumarke\/interface\/\"},{\"@type\":\"ListItem\",\"position\":4,\"name\":\"Elevation Azuro Cielo\"}]},{\"@type\":\"WebSite\",\"@id\":\"https:\/\/mattia.com\/#website\",\"url\":\"https:\/\/mattia.com\/\",\"name\":\"Mattia\",\"description\":\"Textilplattor till marknadens b\u00e4sta priser\",\"publisher\":{\"@id\":\"https:\/\/mattia.com\/#organization\"},\"potentialAction\":[{\"@type\":\"SearchAction\",\"target\":{\"@type\":\"EntryPoint\",\"urlTemplate\":\"https:\/\/mattia.com\/?s={search_term_string}\"},\"query-input\":{\"@type\":\"PropertyValueSpecification\",\"valueRequired\":true,\"valueName\":\"search_term_string\"}}],\"inLanguage\":\"en-US\"},{\"@type\":\"Organization\",\"@id\":\"https:\/\/mattia.com\/#organization\",\"name\":\"Mattia AB\",\"alternateName\":\"Mattia\",\"url\":\"https:\/\/mattia.com\/\",\"logo\":{\"@type\":\"ImageObject\",\"inLanguage\":\"en-US\",\"@id\":\"https:\/\/mattia.com\/#\/schema\/logo\/image\/\",\"url\":\"https:\/\/mattia.com\/wp-content\/uploads\/2020\/04\/logotype-1.png\",\"contentUrl\":\"https:\/\/mattia.com\/wp-content\/uploads\/2020\/04\/logotype-1.png\",\"width\":319,\"height\":90,\"caption\":\"Mattia AB\"},\"image\":{\"@id\":\"https:\/\/mattia.com\/#\/schema\/logo\/image\/\"},\"sameAs\":[\"https:\/\/www.facebook.com\/Textilplattor\"]}]}<\/script>\n<!-- \/ Yoast SEO plugin. -->","yoast_head_json":{"title":"Elevation Azuro Cielo | Mattia","description":"K\u00f6p Elevation Azuro Cielo hos Mattia. H\u00f6g kvalitet till marknadens b\u00e4sta priser med snabb leverans och fri frakt!","robots":{"index":"index","follow":"follow","max-snippet":"max-snippet:-1","max-image-preview":"max-image-preview:large","max-video-preview":"max-video-preview:-1"},"canonical":"https:\/\/mattia.com\/produkt\/elevation-azuro-cielo\/","og_locale":"en_US","og_type":"article","og_title":"Elevation Azuro Cielo | Mattia","og_description":"K\u00f6p Elevation Azuro Cielo hos Mattia. H\u00f6g kvalitet till marknadens b\u00e4sta priser med snabb leverans och fri frakt!","og_url":"https:\/\/mattia.com\/produkt\/elevation-azuro-cielo\/","og_site_name":"Mattia","article_publisher":"https:\/\/www.facebook.com\/Textilplattor","article_modified_time":"2023-10-13T12:40:55+00:00","og_image":[{"width":1024,"height":937,"url":"https:\/\/mattia.com\/wp-content\/uploads\/2022\/02\/Interface_Elevation_Azuro-Cielo-1024x937.png","type":"image\/png"}],"twitter_card":"summary_large_image","twitter_misc":{"Est. reading time":"1 minute"},"schema":{"@context":"https:\/\/schema.org","@graph":[{"@type":"WebPage","@id":"https:\/\/mattia.com\/produkt\/elevation-azuro-cielo\/","url":"https:\/\/mattia.com\/produkt\/elevation-azuro-cielo\/","name":"Elevation Azuro Cielo | Mattia","isPartOf":{"@id":"https:\/\/mattia.com\/#website"},"primaryImageOfPage":{"@id":"https:\/\/mattia.com\/produkt\/elevation-azuro-cielo\/#primaryimage"},"image":{"@id":"https:\/\/mattia.com\/produkt\/elevation-azuro-cielo\/#primaryimage"},"thumbnailUrl":"https:\/\/mattia.com\/wp-content\/uploads\/2022\/02\/Interface_Elevation_Azuro-Cielo-e1747129549618.png","datePublished":"2022-02-23T09:37:53+00:00","dateModified":"2023-10-13T12:40:55+00:00","description":"K\u00f6p Elevation Azuro Cielo hos Mattia. H\u00f6g kvalitet till marknadens b\u00e4sta priser med snabb leverans och fri frakt!","breadcrumb":{"@id":"https:\/\/mattia.com\/produkt\/elevation-azuro-cielo\/#breadcrumb"},"inLanguage":"en-US","potentialAction":[{"@type":"ReadAction","target":["https:\/\/mattia.com\/produkt\/elevation-azuro-cielo\/"]}]},{"@type":"ImageObject","inLanguage":"en-US","@id":"https:\/\/mattia.com\/produkt\/elevation-azuro-cielo\/#primaryimage","url":"https:\/\/mattia.com\/wp-content\/uploads\/2022\/02\/Interface_Elevation_Azuro-Cielo-e1747129549618.png","contentUrl":"https:\/\/mattia.com\/wp-content\/uploads\/2022\/02\/Interface_Elevation_Azuro-Cielo-e1747129549618.png","width":968,"height":968},{"@type":"BreadcrumbList","@id":"https:\/\/mattia.com\/produkt\/elevation-azuro-cielo\/#breadcrumb","itemListElement":[{"@type":"ListItem","position":1,"name":"Hem","item":"https:\/\/mattia.com\/"},{"@type":"ListItem","position":2,"name":"Textilplattor","item":"https:\/\/mattia.com\/shop\/"},{"@type":"ListItem","position":3,"name":"Interface","item":"https:\/\/mattia.com\/varumarke\/interface\/"},{"@type":"ListItem","position":4,"name":"Elevation Azuro Cielo"}]},{"@type":"WebSite","@id":"https:\/\/mattia.com\/#website","url":"https:\/\/mattia.com\/","name":"Mattia","description":"Textilplattor till marknadens b\u00e4sta priser","publisher":{"@id":"https:\/\/mattia.com\/#organization"},"potentialAction":[{"@type":"SearchAction","target":{"@type":"EntryPoint","urlTemplate":"https:\/\/mattia.com\/?s={search_term_string}"},"query-input":{"@type":"PropertyValueSpecification","valueRequired":true,"valueName":"search_term_string"}}],"inLanguage":"en-US"},{"@type":"Organization","@id":"https:\/\/mattia.com\/#organization","name":"Mattia AB","alternateName":"Mattia","url":"https:\/\/mattia.com\/","logo":{"@type":"ImageObject","inLanguage":"en-US","@id":"https:\/\/mattia.com\/#\/schema\/logo\/image\/","url":"https:\/\/mattia.com\/wp-content\/uploads\/2020\/04\/logotype-1.png","contentUrl":"https:\/\/mattia.com\/wp-content\/uploads\/2020\/04\/logotype-1.png","width":319,"height":90,"caption":"Mattia AB"},"image":{"@id":"https:\/\/mattia.com\/#\/schema\/logo\/image\/"},"sameAs":["https:\/\/www.facebook.com\/Textilplattor"]}]}},"_links":{"self":[{"href":"https:\/\/mattia.com\/en\/wp-json\/wp\/v2\/product\/1421","targetHints":{"allow":["GET"]}}],"collection":[{"href":"https:\/\/mattia.com\/en\/wp-json\/wp\/v2\/product"}],"about":[{"href":"https:\/\/mattia.com\/en\/wp-json\/wp\/v2\/types\/product"}],"replies":[{"embeddable":true,"href":"https:\/\/mattia.com\/en\/wp-json\/wp\/v2\/comments?post=1421"}],"wp:featuredmedia":[{"embeddable":true,"href":"https:\/\/mattia.com\/en\/wp-json\/wp\/v2\/media\/3328"}],"wp:attachment":[{"href":"https:\/\/mattia.com\/en\/wp-json\/wp\/v2\/media?parent=1421"}],"wp:term":[{"taxonomy":"product_brand","embeddable":true,"href":"https:\/\/mattia.com\/en\/wp-json\/wp\/v2\/product_brand?post=1421"},{"taxonomy":"product_cat","embeddable":true,"href":"https:\/\/mattia.com\/en\/wp-json\/wp\/v2\/product_cat?post=1421"},{"taxonomy":"product_tag","embeddable":true,"href":"https:\/\/mattia.com\/en\/wp-json\/wp\/v2\/product_tag?post=1421"}],"curies":[{"name":"wp","href":"https:\/\/api.w.org\/{rel}","templated":true}]}}