{"id":1447,"date":"2022-02-23T10:38:03","date_gmt":"2022-02-23T09:38:03","guid":{"rendered":"https:\/\/mattia.com\/?post_type=product&#038;p=1447"},"modified":"2024-05-22T13:54:12","modified_gmt":"2024-05-22T12:54:12","slug":"heuga-727-yellow-green","status":"publish","type":"product","link":"https:\/\/mattia.com\/en\/produkt\/heuga-727-yellow-green\/","title":{"rendered":"Textilplatta Heuga 727 Yellow Green"},"content":{"rendered":"<p>Heuga 727 \u00e4r en stors\u00e4ljare fr\u00e5n Interface. En \u00f6glad textilplatta i melerad design. Passar in i de flesta kommersiella lokaler med sitt klassiska utseende.<\/p>\n","protected":false},"excerpt":{"rendered":"<p>Heuga 727 \u00e4r en stors\u00e4ljare fr\u00e5n Interface. En \u00f6glad textilplatta i melerad design. Passar in i de flesta kommersiella lokaler med sitt klassiska utseende.<\/p>\n","protected":false},"featured_media":1846,"comment_status":"closed","ping_status":"closed","template":"","meta":{"_acf_changed":false},"product_brand":[],"product_cat":[141,60,87,94],"product_tag":[],"class_list":{"0":"post-1447","1":"product","2":"type-product","3":"status-publish","4":"has-post-thumbnail","6":"product_cat-textilplattor","7":"product_cat-alla-produkter","8":"product_cat-interface","9":"product_cat-heuga-727","10":"pa_farg-gron","11":"pa_hojd-lugg-2-3","12":"pa_produktklass-33-hard-pafrastning","13":"pa_sortering-1-a-sort","14":"pa_sortering-2-sort-fina","15":"pa_sortering-2-sort-skonhetsfel","16":"pa_storlek-per-platta-cm-50x50","17":"pa_textilplatta-textilplatta","18":"pa_total-tjocklek-mm-6-1","19":"pa_varumarke-interface","20":"tm-no-options","22":"first","23":"instock","24":"taxable","25":"shipping-taxable","26":"purchasable","27":"product-type-variable"},"composite_layout":"","composite_add_to_cart_form_location":"","composite_editable_in_cart":false,"composite_sold_individually_context":"","composite_shop_price_calc":"","composite_components":[],"composite_scenarios":[],"acf":[],"yoast_head":"<!-- This site is optimized with the Yoast SEO plugin v24.3 - https:\/\/yoast.com\/wordpress\/plugins\/seo\/ -->\n<title>Textilplatta Interface Heuga 727 Yellow Green online | Mattia<\/title>\n<meta name=\"description\" content=\"K\u00f6p Textilplatta Heuga 727 Yellow Green hos Mattia. H\u00f6g kvalitet till marknadens b\u00e4sta priser med snabb leverans och fri frakt!\" \/>\n<meta name=\"robots\" content=\"index, follow, max-snippet:-1, max-image-preview:large, max-video-preview:-1\" \/>\n<link rel=\"canonical\" href=\"https:\/\/mattia.com\/produkt\/heuga-727-yellow-green\/\" \/>\n<meta property=\"og:locale\" content=\"en_US\" \/>\n<meta property=\"og:type\" content=\"article\" \/>\n<meta property=\"og:title\" content=\"Textilplatta Interface Heuga 727 Yellow Green online | Mattia\" \/>\n<meta property=\"og:description\" content=\"K\u00f6p Textilplatta Heuga 727 Yellow Green hos Mattia. H\u00f6g kvalitet till marknadens b\u00e4sta priser med snabb leverans och fri frakt!\" \/>\n<meta property=\"og:url\" content=\"https:\/\/mattia.com\/produkt\/heuga-727-yellow-green\/\" \/>\n<meta property=\"og:site_name\" content=\"Mattia\" \/>\n<meta property=\"article:publisher\" content=\"https:\/\/www.facebook.com\/Textilplattor\" \/>\n<meta property=\"article:modified_time\" content=\"2024-05-22T12:54:12+00:00\" \/>\n<meta property=\"og:image\" content=\"https:\/\/mattia.com\/wp-content\/uploads\/2022\/02\/Interface-heuga-727-yellow-green.jpg\" \/>\n\t<meta property=\"og:image:width\" content=\"1200\" \/>\n\t<meta property=\"og:image:height\" content=\"1200\" \/>\n\t<meta property=\"og:image:type\" content=\"image\/jpeg\" \/>\n<meta name=\"twitter:card\" content=\"summary_large_image\" \/>\n<meta name=\"twitter:label1\" content=\"Est. reading time\" \/>\n\t<meta name=\"twitter:data1\" content=\"1 minute\" \/>\n<script type=\"application\/ld+json\" class=\"yoast-schema-graph\">{\"@context\":\"https:\/\/schema.org\",\"@graph\":[{\"@type\":\"WebPage\",\"@id\":\"https:\/\/mattia.com\/produkt\/heuga-727-yellow-green\/\",\"url\":\"https:\/\/mattia.com\/produkt\/heuga-727-yellow-green\/\",\"name\":\"Textilplatta Interface Heuga 727 Yellow Green online | Mattia\",\"isPartOf\":{\"@id\":\"https:\/\/mattia.com\/#website\"},\"primaryImageOfPage\":{\"@id\":\"https:\/\/mattia.com\/produkt\/heuga-727-yellow-green\/#primaryimage\"},\"image\":{\"@id\":\"https:\/\/mattia.com\/produkt\/heuga-727-yellow-green\/#primaryimage\"},\"thumbnailUrl\":\"https:\/\/mattia.com\/wp-content\/uploads\/2022\/02\/Interface-heuga-727-yellow-green.jpg\",\"datePublished\":\"2022-02-23T09:38:03+00:00\",\"dateModified\":\"2024-05-22T12:54:12+00:00\",\"description\":\"K\u00f6p Textilplatta Heuga 727 Yellow Green hos Mattia. H\u00f6g kvalitet till marknadens b\u00e4sta priser med snabb leverans och fri frakt!\",\"breadcrumb\":{\"@id\":\"https:\/\/mattia.com\/produkt\/heuga-727-yellow-green\/#breadcrumb\"},\"inLanguage\":\"en-US\",\"potentialAction\":[{\"@type\":\"ReadAction\",\"target\":[\"https:\/\/mattia.com\/produkt\/heuga-727-yellow-green\/\"]}]},{\"@type\":\"ImageObject\",\"inLanguage\":\"en-US\",\"@id\":\"https:\/\/mattia.com\/produkt\/heuga-727-yellow-green\/#primaryimage\",\"url\":\"https:\/\/mattia.com\/wp-content\/uploads\/2022\/02\/Interface-heuga-727-yellow-green.jpg\",\"contentUrl\":\"https:\/\/mattia.com\/wp-content\/uploads\/2022\/02\/Interface-heuga-727-yellow-green.jpg\",\"width\":1200,\"height\":1200,\"caption\":\"Textilplattor-Interface-heuga-727-yellow-green\"},{\"@type\":\"BreadcrumbList\",\"@id\":\"https:\/\/mattia.com\/produkt\/heuga-727-yellow-green\/#breadcrumb\",\"itemListElement\":[{\"@type\":\"ListItem\",\"position\":1,\"name\":\"Hem\",\"item\":\"https:\/\/mattia.com\/\"},{\"@type\":\"ListItem\",\"position\":2,\"name\":\"Textilplattor\",\"item\":\"https:\/\/mattia.com\/shop\/\"},{\"@type\":\"ListItem\",\"position\":3,\"name\":\"Interface\",\"item\":\"https:\/\/mattia.com\/varumarke\/interface\/\"},{\"@type\":\"ListItem\",\"position\":4,\"name\":\"Textilplatta Heuga 727 Yellow Green\"}]},{\"@type\":\"WebSite\",\"@id\":\"https:\/\/mattia.com\/#website\",\"url\":\"https:\/\/mattia.com\/\",\"name\":\"Mattia\",\"description\":\"Textilplattor till marknadens b\u00e4sta priser\",\"publisher\":{\"@id\":\"https:\/\/mattia.com\/#organization\"},\"potentialAction\":[{\"@type\":\"SearchAction\",\"target\":{\"@type\":\"EntryPoint\",\"urlTemplate\":\"https:\/\/mattia.com\/?s={search_term_string}\"},\"query-input\":{\"@type\":\"PropertyValueSpecification\",\"valueRequired\":true,\"valueName\":\"search_term_string\"}}],\"inLanguage\":\"en-US\"},{\"@type\":\"Organization\",\"@id\":\"https:\/\/mattia.com\/#organization\",\"name\":\"Mattia AB\",\"alternateName\":\"Mattia\",\"url\":\"https:\/\/mattia.com\/\",\"logo\":{\"@type\":\"ImageObject\",\"inLanguage\":\"en-US\",\"@id\":\"https:\/\/mattia.com\/#\/schema\/logo\/image\/\",\"url\":\"https:\/\/mattia.com\/wp-content\/uploads\/2020\/04\/logotype-1.png\",\"contentUrl\":\"https:\/\/mattia.com\/wp-content\/uploads\/2020\/04\/logotype-1.png\",\"width\":319,\"height\":90,\"caption\":\"Mattia AB\"},\"image\":{\"@id\":\"https:\/\/mattia.com\/#\/schema\/logo\/image\/\"},\"sameAs\":[\"https:\/\/www.facebook.com\/Textilplattor\"]}]}<\/script>\n<!-- \/ Yoast SEO plugin. -->","yoast_head_json":{"title":"Textilplatta Interface Heuga 727 Yellow Green online | Mattia","description":"K\u00f6p Textilplatta Heuga 727 Yellow Green hos Mattia. H\u00f6g kvalitet till marknadens b\u00e4sta priser med snabb leverans och fri frakt!","robots":{"index":"index","follow":"follow","max-snippet":"max-snippet:-1","max-image-preview":"max-image-preview:large","max-video-preview":"max-video-preview:-1"},"canonical":"https:\/\/mattia.com\/produkt\/heuga-727-yellow-green\/","og_locale":"en_US","og_type":"article","og_title":"Textilplatta Interface Heuga 727 Yellow Green online | Mattia","og_description":"K\u00f6p Textilplatta Heuga 727 Yellow Green hos Mattia. H\u00f6g kvalitet till marknadens b\u00e4sta priser med snabb leverans och fri frakt!","og_url":"https:\/\/mattia.com\/produkt\/heuga-727-yellow-green\/","og_site_name":"Mattia","article_publisher":"https:\/\/www.facebook.com\/Textilplattor","article_modified_time":"2024-05-22T12:54:12+00:00","og_image":[{"width":1200,"height":1200,"url":"https:\/\/mattia.com\/wp-content\/uploads\/2022\/02\/Interface-heuga-727-yellow-green.jpg","type":"image\/jpeg"}],"twitter_card":"summary_large_image","twitter_misc":{"Est. reading time":"1 minute"},"schema":{"@context":"https:\/\/schema.org","@graph":[{"@type":"WebPage","@id":"https:\/\/mattia.com\/produkt\/heuga-727-yellow-green\/","url":"https:\/\/mattia.com\/produkt\/heuga-727-yellow-green\/","name":"Textilplatta Interface Heuga 727 Yellow Green online | Mattia","isPartOf":{"@id":"https:\/\/mattia.com\/#website"},"primaryImageOfPage":{"@id":"https:\/\/mattia.com\/produkt\/heuga-727-yellow-green\/#primaryimage"},"image":{"@id":"https:\/\/mattia.com\/produkt\/heuga-727-yellow-green\/#primaryimage"},"thumbnailUrl":"https:\/\/mattia.com\/wp-content\/uploads\/2022\/02\/Interface-heuga-727-yellow-green.jpg","datePublished":"2022-02-23T09:38:03+00:00","dateModified":"2024-05-22T12:54:12+00:00","description":"K\u00f6p Textilplatta Heuga 727 Yellow Green hos Mattia. H\u00f6g kvalitet till marknadens b\u00e4sta priser med snabb leverans och fri frakt!","breadcrumb":{"@id":"https:\/\/mattia.com\/produkt\/heuga-727-yellow-green\/#breadcrumb"},"inLanguage":"en-US","potentialAction":[{"@type":"ReadAction","target":["https:\/\/mattia.com\/produkt\/heuga-727-yellow-green\/"]}]},{"@type":"ImageObject","inLanguage":"en-US","@id":"https:\/\/mattia.com\/produkt\/heuga-727-yellow-green\/#primaryimage","url":"https:\/\/mattia.com\/wp-content\/uploads\/2022\/02\/Interface-heuga-727-yellow-green.jpg","contentUrl":"https:\/\/mattia.com\/wp-content\/uploads\/2022\/02\/Interface-heuga-727-yellow-green.jpg","width":1200,"height":1200,"caption":"Textilplattor-Interface-heuga-727-yellow-green"},{"@type":"BreadcrumbList","@id":"https:\/\/mattia.com\/produkt\/heuga-727-yellow-green\/#breadcrumb","itemListElement":[{"@type":"ListItem","position":1,"name":"Hem","item":"https:\/\/mattia.com\/"},{"@type":"ListItem","position":2,"name":"Textilplattor","item":"https:\/\/mattia.com\/shop\/"},{"@type":"ListItem","position":3,"name":"Interface","item":"https:\/\/mattia.com\/varumarke\/interface\/"},{"@type":"ListItem","position":4,"name":"Textilplatta Heuga 727 Yellow Green"}]},{"@type":"WebSite","@id":"https:\/\/mattia.com\/#website","url":"https:\/\/mattia.com\/","name":"Mattia","description":"Textilplattor till marknadens b\u00e4sta priser","publisher":{"@id":"https:\/\/mattia.com\/#organization"},"potentialAction":[{"@type":"SearchAction","target":{"@type":"EntryPoint","urlTemplate":"https:\/\/mattia.com\/?s={search_term_string}"},"query-input":{"@type":"PropertyValueSpecification","valueRequired":true,"valueName":"search_term_string"}}],"inLanguage":"en-US"},{"@type":"Organization","@id":"https:\/\/mattia.com\/#organization","name":"Mattia AB","alternateName":"Mattia","url":"https:\/\/mattia.com\/","logo":{"@type":"ImageObject","inLanguage":"en-US","@id":"https:\/\/mattia.com\/#\/schema\/logo\/image\/","url":"https:\/\/mattia.com\/wp-content\/uploads\/2020\/04\/logotype-1.png","contentUrl":"https:\/\/mattia.com\/wp-content\/uploads\/2020\/04\/logotype-1.png","width":319,"height":90,"caption":"Mattia AB"},"image":{"@id":"https:\/\/mattia.com\/#\/schema\/logo\/image\/"},"sameAs":["https:\/\/www.facebook.com\/Textilplattor"]}]}},"_links":{"self":[{"href":"https:\/\/mattia.com\/en\/wp-json\/wp\/v2\/product\/1447","targetHints":{"allow":["GET"]}}],"collection":[{"href":"https:\/\/mattia.com\/en\/wp-json\/wp\/v2\/product"}],"about":[{"href":"https:\/\/mattia.com\/en\/wp-json\/wp\/v2\/types\/product"}],"replies":[{"embeddable":true,"href":"https:\/\/mattia.com\/en\/wp-json\/wp\/v2\/comments?post=1447"}],"wp:featuredmedia":[{"embeddable":true,"href":"https:\/\/mattia.com\/en\/wp-json\/wp\/v2\/media\/1846"}],"wp:attachment":[{"href":"https:\/\/mattia.com\/en\/wp-json\/wp\/v2\/media?parent=1447"}],"wp:term":[{"taxonomy":"product_brand","embeddable":true,"href":"https:\/\/mattia.com\/en\/wp-json\/wp\/v2\/product_brand?post=1447"},{"taxonomy":"product_cat","embeddable":true,"href":"https:\/\/mattia.com\/en\/wp-json\/wp\/v2\/product_cat?post=1447"},{"taxonomy":"product_tag","embeddable":true,"href":"https:\/\/mattia.com\/en\/wp-json\/wp\/v2\/product_tag?post=1447"}],"curies":[{"name":"wp","href":"https:\/\/api.w.org\/{rel}","templated":true}]}}