{"id":1746,"date":"2022-02-23T11:01:06","date_gmt":"2022-02-23T10:01:06","guid":{"rendered":"https:\/\/mattia.com\/?post_type=product&#038;p=1746"},"modified":"2023-11-03T08:33:54","modified_gmt":"2023-11-03T07:33:54","slug":"first-forward-990","status":"publish","type":"product","link":"https:\/\/mattia.com\/en\/produkt\/first-forward-990\/","title":{"rendered":"Textilplatta FIRST FORWARD &#8211; 990"},"content":{"rendered":"<p>First Forward \u00e4r en Textilplatta\/helt\u00e4ckningsmatta som ger dig en m\u00e4ngd trendiga mix&amp;match-m\u00f6jligheter till en konkurrenskraftig prisniv\u00e5. N\u00e4r det kommer till design finns det inget enskilt element som \u00e4r mer slagkraftigt \u00e4n f\u00e4rg. Det \u00e4r d\u00e4rf\u00f6r First Forward erbjuder ett brett utbud av 27 f\u00e4rger \u2013 inklusive stilrena neutrala f\u00e4rger, lugnande naturinspirerade paletter och n\u00e5gra dj\u00e4rva funky nyanser.<\/p>\n","protected":false},"excerpt":{"rendered":"<p>First Forward \u00e4r en Textilplatta\/helt\u00e4ckningsmatta som ger dig en m\u00e4ngd trendiga mix&amp;match-m\u00f6jligheter till en konkurrenskraftig prisniv\u00e5. N\u00e4r det kommer till design finns det inget enskilt element som \u00e4r mer slagkraftigt \u00e4n f\u00e4rg. Det \u00e4r d\u00e4rf\u00f6r First Forward erbjuder ett brett utbud av 27 f\u00e4rger \u2013 inklusive stilrena neutrala f\u00e4rger, lugnande naturinspirerade paletter och n\u00e5gra dj\u00e4rva funky nyanser.<\/p>\n","protected":false},"featured_media":1758,"comment_status":"closed","ping_status":"closed","template":"","meta":{"_acf_changed":false},"product_brand":[],"product_cat":[141,60,85,90],"product_tag":[],"class_list":{"0":"post-1746","1":"product","2":"type-product","3":"status-publish","4":"has-post-thumbnail","6":"product_cat-textilplattor","7":"product_cat-alla-produkter","8":"product_cat-modulyss","9":"product_cat-first-forward","10":"pa_farg-gra","11":"pa_produktklass-33-hard-pafrastning","12":"pa_storlek-per-platta-cm-50x50","13":"pa_textilplatta-textilplatta","14":"pa_varumarke-modulyss","15":"tm-no-options","17":"first","18":"instock","19":"taxable","20":"shipping-taxable","21":"purchasable","22":"product-type-simple"},"composite_layout":"","composite_add_to_cart_form_location":"","composite_editable_in_cart":false,"composite_sold_individually_context":"","composite_shop_price_calc":"","composite_components":[],"composite_scenarios":[],"acf":[],"yoast_head":"<!-- This site is optimized with the Yoast SEO plugin v24.3 - https:\/\/yoast.com\/wordpress\/plugins\/seo\/ -->\n<title>Textilplatta Modulyss FIRST FORWARD - 990 | Mattia<\/title>\n<meta name=\"description\" content=\"K\u00f6p Textilplatta FIRST FORWARD - 990 hos Mattia. H\u00f6g kvalitet till marknadens b\u00e4sta priser med snabb leverans och fri frakt!\" \/>\n<meta name=\"robots\" content=\"index, follow, max-snippet:-1, max-image-preview:large, max-video-preview:-1\" \/>\n<link rel=\"canonical\" href=\"https:\/\/mattia.com\/produkt\/first-forward-990\/\" \/>\n<meta property=\"og:locale\" content=\"en_US\" \/>\n<meta property=\"og:type\" content=\"article\" \/>\n<meta property=\"og:title\" content=\"Textilplatta Modulyss FIRST FORWARD - 990 | Mattia\" \/>\n<meta property=\"og:description\" content=\"K\u00f6p Textilplatta FIRST FORWARD - 990 hos Mattia. H\u00f6g kvalitet till marknadens b\u00e4sta priser med snabb leverans och fri frakt!\" \/>\n<meta property=\"og:url\" content=\"https:\/\/mattia.com\/produkt\/first-forward-990\/\" \/>\n<meta property=\"og:site_name\" content=\"Mattia\" \/>\n<meta property=\"article:publisher\" content=\"https:\/\/www.facebook.com\/Textilplattor\" \/>\n<meta property=\"article:modified_time\" content=\"2023-11-03T07:33:54+00:00\" \/>\n<meta property=\"og:image\" content=\"https:\/\/mattia.com\/wp-content\/uploads\/2022\/02\/Modulyss-24-First-Forward-990.jpg\" \/>\n\t<meta property=\"og:image:width\" content=\"1200\" \/>\n\t<meta property=\"og:image:height\" content=\"1200\" \/>\n\t<meta property=\"og:image:type\" content=\"image\/jpeg\" \/>\n<meta name=\"twitter:card\" content=\"summary_large_image\" \/>\n<meta name=\"twitter:label1\" content=\"Est. reading time\" \/>\n\t<meta name=\"twitter:data1\" content=\"1 minute\" \/>\n<script type=\"application\/ld+json\" class=\"yoast-schema-graph\">{\"@context\":\"https:\/\/schema.org\",\"@graph\":[{\"@type\":\"WebPage\",\"@id\":\"https:\/\/mattia.com\/produkt\/first-forward-990\/\",\"url\":\"https:\/\/mattia.com\/produkt\/first-forward-990\/\",\"name\":\"Textilplatta Modulyss FIRST FORWARD - 990 | Mattia\",\"isPartOf\":{\"@id\":\"https:\/\/mattia.com\/#website\"},\"primaryImageOfPage\":{\"@id\":\"https:\/\/mattia.com\/produkt\/first-forward-990\/#primaryimage\"},\"image\":{\"@id\":\"https:\/\/mattia.com\/produkt\/first-forward-990\/#primaryimage\"},\"thumbnailUrl\":\"https:\/\/mattia.com\/wp-content\/uploads\/2022\/02\/Modulyss-24-First-Forward-990.jpg\",\"datePublished\":\"2022-02-23T10:01:06+00:00\",\"dateModified\":\"2023-11-03T07:33:54+00:00\",\"description\":\"K\u00f6p Textilplatta FIRST FORWARD - 990 hos Mattia. H\u00f6g kvalitet till marknadens b\u00e4sta priser med snabb leverans och fri frakt!\",\"breadcrumb\":{\"@id\":\"https:\/\/mattia.com\/produkt\/first-forward-990\/#breadcrumb\"},\"inLanguage\":\"en-US\",\"potentialAction\":[{\"@type\":\"ReadAction\",\"target\":[\"https:\/\/mattia.com\/produkt\/first-forward-990\/\"]}]},{\"@type\":\"ImageObject\",\"inLanguage\":\"en-US\",\"@id\":\"https:\/\/mattia.com\/produkt\/first-forward-990\/#primaryimage\",\"url\":\"https:\/\/mattia.com\/wp-content\/uploads\/2022\/02\/Modulyss-24-First-Forward-990.jpg\",\"contentUrl\":\"https:\/\/mattia.com\/wp-content\/uploads\/2022\/02\/Modulyss-24-First-Forward-990.jpg\",\"width\":1200,\"height\":1200,\"caption\":\"Textilplatta-Modulyss-24-First Forward-990\"},{\"@type\":\"BreadcrumbList\",\"@id\":\"https:\/\/mattia.com\/produkt\/first-forward-990\/#breadcrumb\",\"itemListElement\":[{\"@type\":\"ListItem\",\"position\":1,\"name\":\"Hem\",\"item\":\"https:\/\/mattia.com\/\"},{\"@type\":\"ListItem\",\"position\":2,\"name\":\"Textilplattor\",\"item\":\"https:\/\/mattia.com\/shop\/\"},{\"@type\":\"ListItem\",\"position\":3,\"name\":\"Modulyss\",\"item\":\"https:\/\/mattia.com\/varumarke\/modulyss\/\"},{\"@type\":\"ListItem\",\"position\":4,\"name\":\"Textilplatta FIRST FORWARD &#8211; 990\"}]},{\"@type\":\"WebSite\",\"@id\":\"https:\/\/mattia.com\/#website\",\"url\":\"https:\/\/mattia.com\/\",\"name\":\"Mattia\",\"description\":\"Textilplattor till marknadens b\u00e4sta priser\",\"publisher\":{\"@id\":\"https:\/\/mattia.com\/#organization\"},\"potentialAction\":[{\"@type\":\"SearchAction\",\"target\":{\"@type\":\"EntryPoint\",\"urlTemplate\":\"https:\/\/mattia.com\/?s={search_term_string}\"},\"query-input\":{\"@type\":\"PropertyValueSpecification\",\"valueRequired\":true,\"valueName\":\"search_term_string\"}}],\"inLanguage\":\"en-US\"},{\"@type\":\"Organization\",\"@id\":\"https:\/\/mattia.com\/#organization\",\"name\":\"Mattia AB\",\"alternateName\":\"Mattia\",\"url\":\"https:\/\/mattia.com\/\",\"logo\":{\"@type\":\"ImageObject\",\"inLanguage\":\"en-US\",\"@id\":\"https:\/\/mattia.com\/#\/schema\/logo\/image\/\",\"url\":\"https:\/\/mattia.com\/wp-content\/uploads\/2020\/04\/logotype-1.png\",\"contentUrl\":\"https:\/\/mattia.com\/wp-content\/uploads\/2020\/04\/logotype-1.png\",\"width\":319,\"height\":90,\"caption\":\"Mattia AB\"},\"image\":{\"@id\":\"https:\/\/mattia.com\/#\/schema\/logo\/image\/\"},\"sameAs\":[\"https:\/\/www.facebook.com\/Textilplattor\"]}]}<\/script>\n<!-- \/ Yoast SEO plugin. -->","yoast_head_json":{"title":"Textilplatta Modulyss FIRST FORWARD - 990 | Mattia","description":"K\u00f6p Textilplatta FIRST FORWARD - 990 hos Mattia. H\u00f6g kvalitet till marknadens b\u00e4sta priser med snabb leverans och fri frakt!","robots":{"index":"index","follow":"follow","max-snippet":"max-snippet:-1","max-image-preview":"max-image-preview:large","max-video-preview":"max-video-preview:-1"},"canonical":"https:\/\/mattia.com\/produkt\/first-forward-990\/","og_locale":"en_US","og_type":"article","og_title":"Textilplatta Modulyss FIRST FORWARD - 990 | Mattia","og_description":"K\u00f6p Textilplatta FIRST FORWARD - 990 hos Mattia. H\u00f6g kvalitet till marknadens b\u00e4sta priser med snabb leverans och fri frakt!","og_url":"https:\/\/mattia.com\/produkt\/first-forward-990\/","og_site_name":"Mattia","article_publisher":"https:\/\/www.facebook.com\/Textilplattor","article_modified_time":"2023-11-03T07:33:54+00:00","og_image":[{"width":1200,"height":1200,"url":"https:\/\/mattia.com\/wp-content\/uploads\/2022\/02\/Modulyss-24-First-Forward-990.jpg","type":"image\/jpeg"}],"twitter_card":"summary_large_image","twitter_misc":{"Est. reading time":"1 minute"},"schema":{"@context":"https:\/\/schema.org","@graph":[{"@type":"WebPage","@id":"https:\/\/mattia.com\/produkt\/first-forward-990\/","url":"https:\/\/mattia.com\/produkt\/first-forward-990\/","name":"Textilplatta Modulyss FIRST FORWARD - 990 | Mattia","isPartOf":{"@id":"https:\/\/mattia.com\/#website"},"primaryImageOfPage":{"@id":"https:\/\/mattia.com\/produkt\/first-forward-990\/#primaryimage"},"image":{"@id":"https:\/\/mattia.com\/produkt\/first-forward-990\/#primaryimage"},"thumbnailUrl":"https:\/\/mattia.com\/wp-content\/uploads\/2022\/02\/Modulyss-24-First-Forward-990.jpg","datePublished":"2022-02-23T10:01:06+00:00","dateModified":"2023-11-03T07:33:54+00:00","description":"K\u00f6p Textilplatta FIRST FORWARD - 990 hos Mattia. H\u00f6g kvalitet till marknadens b\u00e4sta priser med snabb leverans och fri frakt!","breadcrumb":{"@id":"https:\/\/mattia.com\/produkt\/first-forward-990\/#breadcrumb"},"inLanguage":"en-US","potentialAction":[{"@type":"ReadAction","target":["https:\/\/mattia.com\/produkt\/first-forward-990\/"]}]},{"@type":"ImageObject","inLanguage":"en-US","@id":"https:\/\/mattia.com\/produkt\/first-forward-990\/#primaryimage","url":"https:\/\/mattia.com\/wp-content\/uploads\/2022\/02\/Modulyss-24-First-Forward-990.jpg","contentUrl":"https:\/\/mattia.com\/wp-content\/uploads\/2022\/02\/Modulyss-24-First-Forward-990.jpg","width":1200,"height":1200,"caption":"Textilplatta-Modulyss-24-First Forward-990"},{"@type":"BreadcrumbList","@id":"https:\/\/mattia.com\/produkt\/first-forward-990\/#breadcrumb","itemListElement":[{"@type":"ListItem","position":1,"name":"Hem","item":"https:\/\/mattia.com\/"},{"@type":"ListItem","position":2,"name":"Textilplattor","item":"https:\/\/mattia.com\/shop\/"},{"@type":"ListItem","position":3,"name":"Modulyss","item":"https:\/\/mattia.com\/varumarke\/modulyss\/"},{"@type":"ListItem","position":4,"name":"Textilplatta FIRST FORWARD &#8211; 990"}]},{"@type":"WebSite","@id":"https:\/\/mattia.com\/#website","url":"https:\/\/mattia.com\/","name":"Mattia","description":"Textilplattor till marknadens b\u00e4sta priser","publisher":{"@id":"https:\/\/mattia.com\/#organization"},"potentialAction":[{"@type":"SearchAction","target":{"@type":"EntryPoint","urlTemplate":"https:\/\/mattia.com\/?s={search_term_string}"},"query-input":{"@type":"PropertyValueSpecification","valueRequired":true,"valueName":"search_term_string"}}],"inLanguage":"en-US"},{"@type":"Organization","@id":"https:\/\/mattia.com\/#organization","name":"Mattia AB","alternateName":"Mattia","url":"https:\/\/mattia.com\/","logo":{"@type":"ImageObject","inLanguage":"en-US","@id":"https:\/\/mattia.com\/#\/schema\/logo\/image\/","url":"https:\/\/mattia.com\/wp-content\/uploads\/2020\/04\/logotype-1.png","contentUrl":"https:\/\/mattia.com\/wp-content\/uploads\/2020\/04\/logotype-1.png","width":319,"height":90,"caption":"Mattia AB"},"image":{"@id":"https:\/\/mattia.com\/#\/schema\/logo\/image\/"},"sameAs":["https:\/\/www.facebook.com\/Textilplattor"]}]}},"_links":{"self":[{"href":"https:\/\/mattia.com\/en\/wp-json\/wp\/v2\/product\/1746","targetHints":{"allow":["GET"]}}],"collection":[{"href":"https:\/\/mattia.com\/en\/wp-json\/wp\/v2\/product"}],"about":[{"href":"https:\/\/mattia.com\/en\/wp-json\/wp\/v2\/types\/product"}],"replies":[{"embeddable":true,"href":"https:\/\/mattia.com\/en\/wp-json\/wp\/v2\/comments?post=1746"}],"wp:featuredmedia":[{"embeddable":true,"href":"https:\/\/mattia.com\/en\/wp-json\/wp\/v2\/media\/1758"}],"wp:attachment":[{"href":"https:\/\/mattia.com\/en\/wp-json\/wp\/v2\/media?parent=1746"}],"wp:term":[{"taxonomy":"product_brand","embeddable":true,"href":"https:\/\/mattia.com\/en\/wp-json\/wp\/v2\/product_brand?post=1746"},{"taxonomy":"product_cat","embeddable":true,"href":"https:\/\/mattia.com\/en\/wp-json\/wp\/v2\/product_cat?post=1746"},{"taxonomy":"product_tag","embeddable":true,"href":"https:\/\/mattia.com\/en\/wp-json\/wp\/v2\/product_tag?post=1746"}],"curies":[{"name":"wp","href":"https:\/\/api.w.org\/{rel}","templated":true}]}}