{"id":216,"date":"2020-04-05T17:12:10","date_gmt":"2020-04-05T16:12:10","guid":{"rendered":"https:\/\/mattia.com\/?post_type=product&#038;p=216"},"modified":"2024-12-09T13:28:48","modified_gmt":"2024-12-09T12:28:48","slug":"composure-solitude","status":"publish","type":"product","link":"https:\/\/mattia.com\/en\/produkt\/composure-solitude\/","title":{"rendered":"Textilplatta Composure Solitude"},"content":{"rendered":"<p>Elegant och popul\u00e4r textilplatta i mycket h\u00f6g kvalitet fr\u00e5n v\u00e4rldsledande tillverkaren Interface. Med inspiration fr\u00e5n naturen och ett m\u00f6nster i stenimitation \u00e4r mattan ett mjukt och ljudd\u00e4mpande alternativ till klinker. En omtyckt matta bland arkitekter och inredare, anpassat f\u00f6r offentlig milj\u00f6 s\u00e5som hotell, butiker, kontor och liknande utrymmen.<\/p>\n<p>Enkel att installera. L\u00e4gg som helt\u00e4ckningsmatta eller skapa mindre \u201c\u00f6ar\u201d t.ex. under arbetsplatsen, matplatsen, i entr\u00e9n, eller i monter p\u00e5 m\u00e4ssa etc.<\/p>\n<p>Plattorna \u00e4r 50\u00d750 cm och l\u00e4ggs enkelt samman till \u00f6nskad storlek med hj\u00e4lp av klisterlappar som f\u00e4sts p\u00e5 undersidan. Installationen kr\u00e4ver inget lim och golvet under bevaras intakt. Enstaka plattor kan d\u00e4rf\u00f6r enkelt bytas ut vid behov.<\/p>\n","protected":false},"excerpt":{"rendered":"<p>Elegant och popul\u00e4r textilplatta i mycket h\u00f6g kvalitet fr\u00e5n v\u00e4rldsledande tillverkaren Interface. Med inspiration fr\u00e5n naturen och ett m\u00f6nster i stenimitation \u00e4r mattan ett mjukt och ljudd\u00e4mpande alternativ till klinker. En omtyckt matta bland arkitekter och inredare, anpassat f\u00f6r offentlig milj\u00f6 s\u00e5som hotell, butiker, kontor och liknande utrymmen.<\/p>\n<p>Enkel att installera och bevarar underliggande golv intakt. L\u00e4gg som helt\u00e4ckningsmatta eller skapa mindre \u201c\u00f6ar\u201d t.ex. under arbetsplatsen, matplatsen, i entr\u00e9n, eller i monter p\u00e5 m\u00e4ssa etc.<\/p>\n","protected":false},"featured_media":757,"comment_status":"closed","ping_status":"closed","template":"","meta":{"_acf_changed":false},"product_brand":[],"product_cat":[141,60,87,18],"product_tag":[],"class_list":{"0":"post-216","1":"product","2":"type-product","3":"status-publish","4":"has-post-thumbnail","6":"product_cat-textilplattor","7":"product_cat-alla-produkter","8":"product_cat-interface","9":"product_cat-composure","10":"pa_produktklass-33-hard-pafrastning","11":"pa_sortering-1-a-sort","12":"pa_sortering-2-sort-fina","13":"pa_sortering-2-sort-skonhetsfel","14":"pa_storlek-per-platta-cm-50x50","15":"pa_textilplatta-textilplatta","16":"pa_varumarke-interface","17":"tm-no-options","19":"first","20":"instock","21":"sale","22":"taxable","23":"shipping-taxable","24":"purchasable","25":"product-type-variable","26":"has-default-attributes"},"composite_layout":"","composite_add_to_cart_form_location":"","composite_editable_in_cart":false,"composite_sold_individually_context":"","composite_shop_price_calc":"","composite_components":[],"composite_scenarios":[],"acf":[],"yoast_head":"<!-- This site is optimized with the Yoast SEO plugin v24.3 - https:\/\/yoast.com\/wordpress\/plugins\/seo\/ -->\n<title>Textilplatta Interface Composure Solitude | Mattia<\/title>\n<meta name=\"description\" content=\"K\u00f6p Textilplatta Composure Solitude hos Mattia. H\u00f6g kvalitet till marknadens b\u00e4sta priser med snabb leverans och fri frakt!\" \/>\n<meta name=\"robots\" content=\"index, follow, max-snippet:-1, max-image-preview:large, max-video-preview:-1\" \/>\n<link rel=\"canonical\" href=\"https:\/\/mattia.com\/produkt\/composure-solitude\/\" \/>\n<meta property=\"og:locale\" content=\"en_US\" \/>\n<meta property=\"og:type\" content=\"article\" \/>\n<meta property=\"og:title\" content=\"Textilplatta Interface Composure Solitude | Mattia\" \/>\n<meta property=\"og:description\" content=\"K\u00f6p Textilplatta Composure Solitude hos Mattia. H\u00f6g kvalitet till marknadens b\u00e4sta priser med snabb leverans och fri frakt!\" \/>\n<meta property=\"og:url\" content=\"https:\/\/mattia.com\/produkt\/composure-solitude\/\" \/>\n<meta property=\"og:site_name\" content=\"Mattia\" \/>\n<meta property=\"article:publisher\" content=\"https:\/\/www.facebook.com\/Textilplattor\" \/>\n<meta property=\"article:modified_time\" content=\"2024-12-09T12:28:48+00:00\" \/>\n<meta property=\"og:image\" content=\"https:\/\/mattia.com\/wp-content\/uploads\/2020\/04\/4169003.jpg\" \/>\n\t<meta property=\"og:image:width\" content=\"900\" \/>\n\t<meta property=\"og:image:height\" content=\"900\" \/>\n\t<meta property=\"og:image:type\" content=\"image\/jpeg\" \/>\n<meta name=\"twitter:card\" content=\"summary_large_image\" \/>\n<meta name=\"twitter:label1\" content=\"Est. reading time\" \/>\n\t<meta name=\"twitter:data1\" content=\"1 minute\" \/>\n<script type=\"application\/ld+json\" class=\"yoast-schema-graph\">{\"@context\":\"https:\/\/schema.org\",\"@graph\":[{\"@type\":\"WebPage\",\"@id\":\"https:\/\/mattia.com\/produkt\/composure-solitude\/\",\"url\":\"https:\/\/mattia.com\/produkt\/composure-solitude\/\",\"name\":\"Textilplatta Interface Composure Solitude | Mattia\",\"isPartOf\":{\"@id\":\"https:\/\/mattia.com\/#website\"},\"primaryImageOfPage\":{\"@id\":\"https:\/\/mattia.com\/produkt\/composure-solitude\/#primaryimage\"},\"image\":{\"@id\":\"https:\/\/mattia.com\/produkt\/composure-solitude\/#primaryimage\"},\"thumbnailUrl\":\"https:\/\/mattia.com\/wp-content\/uploads\/2020\/04\/4169003.jpg\",\"datePublished\":\"2020-04-05T16:12:10+00:00\",\"dateModified\":\"2024-12-09T12:28:48+00:00\",\"description\":\"K\u00f6p Textilplatta Composure Solitude hos Mattia. H\u00f6g kvalitet till marknadens b\u00e4sta priser med snabb leverans och fri frakt!\",\"breadcrumb\":{\"@id\":\"https:\/\/mattia.com\/produkt\/composure-solitude\/#breadcrumb\"},\"inLanguage\":\"en-US\",\"potentialAction\":[{\"@type\":\"ReadAction\",\"target\":[\"https:\/\/mattia.com\/produkt\/composure-solitude\/\"]}]},{\"@type\":\"ImageObject\",\"inLanguage\":\"en-US\",\"@id\":\"https:\/\/mattia.com\/produkt\/composure-solitude\/#primaryimage\",\"url\":\"https:\/\/mattia.com\/wp-content\/uploads\/2020\/04\/4169003.jpg\",\"contentUrl\":\"https:\/\/mattia.com\/wp-content\/uploads\/2020\/04\/4169003.jpg\",\"width\":900,\"height\":900,\"caption\":\"Textilplatta Composure Solitude\"},{\"@type\":\"BreadcrumbList\",\"@id\":\"https:\/\/mattia.com\/produkt\/composure-solitude\/#breadcrumb\",\"itemListElement\":[{\"@type\":\"ListItem\",\"position\":1,\"name\":\"Hem\",\"item\":\"https:\/\/mattia.com\/\"},{\"@type\":\"ListItem\",\"position\":2,\"name\":\"Textilplattor\",\"item\":\"https:\/\/mattia.com\/shop\/\"},{\"@type\":\"ListItem\",\"position\":3,\"name\":\"Interface\",\"item\":\"https:\/\/mattia.com\/varumarke\/interface\/\"},{\"@type\":\"ListItem\",\"position\":4,\"name\":\"Textilplatta Composure Solitude\"}]},{\"@type\":\"WebSite\",\"@id\":\"https:\/\/mattia.com\/#website\",\"url\":\"https:\/\/mattia.com\/\",\"name\":\"Mattia\",\"description\":\"Textilplattor till marknadens b\u00e4sta priser\",\"publisher\":{\"@id\":\"https:\/\/mattia.com\/#organization\"},\"potentialAction\":[{\"@type\":\"SearchAction\",\"target\":{\"@type\":\"EntryPoint\",\"urlTemplate\":\"https:\/\/mattia.com\/?s={search_term_string}\"},\"query-input\":{\"@type\":\"PropertyValueSpecification\",\"valueRequired\":true,\"valueName\":\"search_term_string\"}}],\"inLanguage\":\"en-US\"},{\"@type\":\"Organization\",\"@id\":\"https:\/\/mattia.com\/#organization\",\"name\":\"Mattia AB\",\"alternateName\":\"Mattia\",\"url\":\"https:\/\/mattia.com\/\",\"logo\":{\"@type\":\"ImageObject\",\"inLanguage\":\"en-US\",\"@id\":\"https:\/\/mattia.com\/#\/schema\/logo\/image\/\",\"url\":\"https:\/\/mattia.com\/wp-content\/uploads\/2020\/04\/logotype-1.png\",\"contentUrl\":\"https:\/\/mattia.com\/wp-content\/uploads\/2020\/04\/logotype-1.png\",\"width\":319,\"height\":90,\"caption\":\"Mattia AB\"},\"image\":{\"@id\":\"https:\/\/mattia.com\/#\/schema\/logo\/image\/\"},\"sameAs\":[\"https:\/\/www.facebook.com\/Textilplattor\"]}]}<\/script>\n<!-- \/ Yoast SEO plugin. -->","yoast_head_json":{"title":"Textilplatta Interface Composure Solitude | Mattia","description":"K\u00f6p Textilplatta Composure Solitude hos Mattia. H\u00f6g kvalitet till marknadens b\u00e4sta priser med snabb leverans och fri frakt!","robots":{"index":"index","follow":"follow","max-snippet":"max-snippet:-1","max-image-preview":"max-image-preview:large","max-video-preview":"max-video-preview:-1"},"canonical":"https:\/\/mattia.com\/produkt\/composure-solitude\/","og_locale":"en_US","og_type":"article","og_title":"Textilplatta Interface Composure Solitude | Mattia","og_description":"K\u00f6p Textilplatta Composure Solitude hos Mattia. H\u00f6g kvalitet till marknadens b\u00e4sta priser med snabb leverans och fri frakt!","og_url":"https:\/\/mattia.com\/produkt\/composure-solitude\/","og_site_name":"Mattia","article_publisher":"https:\/\/www.facebook.com\/Textilplattor","article_modified_time":"2024-12-09T12:28:48+00:00","og_image":[{"width":900,"height":900,"url":"https:\/\/mattia.com\/wp-content\/uploads\/2020\/04\/4169003.jpg","type":"image\/jpeg"}],"twitter_card":"summary_large_image","twitter_misc":{"Est. reading time":"1 minute"},"schema":{"@context":"https:\/\/schema.org","@graph":[{"@type":"WebPage","@id":"https:\/\/mattia.com\/produkt\/composure-solitude\/","url":"https:\/\/mattia.com\/produkt\/composure-solitude\/","name":"Textilplatta Interface Composure Solitude | Mattia","isPartOf":{"@id":"https:\/\/mattia.com\/#website"},"primaryImageOfPage":{"@id":"https:\/\/mattia.com\/produkt\/composure-solitude\/#primaryimage"},"image":{"@id":"https:\/\/mattia.com\/produkt\/composure-solitude\/#primaryimage"},"thumbnailUrl":"https:\/\/mattia.com\/wp-content\/uploads\/2020\/04\/4169003.jpg","datePublished":"2020-04-05T16:12:10+00:00","dateModified":"2024-12-09T12:28:48+00:00","description":"K\u00f6p Textilplatta Composure Solitude hos Mattia. H\u00f6g kvalitet till marknadens b\u00e4sta priser med snabb leverans och fri frakt!","breadcrumb":{"@id":"https:\/\/mattia.com\/produkt\/composure-solitude\/#breadcrumb"},"inLanguage":"en-US","potentialAction":[{"@type":"ReadAction","target":["https:\/\/mattia.com\/produkt\/composure-solitude\/"]}]},{"@type":"ImageObject","inLanguage":"en-US","@id":"https:\/\/mattia.com\/produkt\/composure-solitude\/#primaryimage","url":"https:\/\/mattia.com\/wp-content\/uploads\/2020\/04\/4169003.jpg","contentUrl":"https:\/\/mattia.com\/wp-content\/uploads\/2020\/04\/4169003.jpg","width":900,"height":900,"caption":"Textilplatta Composure Solitude"},{"@type":"BreadcrumbList","@id":"https:\/\/mattia.com\/produkt\/composure-solitude\/#breadcrumb","itemListElement":[{"@type":"ListItem","position":1,"name":"Hem","item":"https:\/\/mattia.com\/"},{"@type":"ListItem","position":2,"name":"Textilplattor","item":"https:\/\/mattia.com\/shop\/"},{"@type":"ListItem","position":3,"name":"Interface","item":"https:\/\/mattia.com\/varumarke\/interface\/"},{"@type":"ListItem","position":4,"name":"Textilplatta Composure Solitude"}]},{"@type":"WebSite","@id":"https:\/\/mattia.com\/#website","url":"https:\/\/mattia.com\/","name":"Mattia","description":"Textilplattor till marknadens b\u00e4sta priser","publisher":{"@id":"https:\/\/mattia.com\/#organization"},"potentialAction":[{"@type":"SearchAction","target":{"@type":"EntryPoint","urlTemplate":"https:\/\/mattia.com\/?s={search_term_string}"},"query-input":{"@type":"PropertyValueSpecification","valueRequired":true,"valueName":"search_term_string"}}],"inLanguage":"en-US"},{"@type":"Organization","@id":"https:\/\/mattia.com\/#organization","name":"Mattia AB","alternateName":"Mattia","url":"https:\/\/mattia.com\/","logo":{"@type":"ImageObject","inLanguage":"en-US","@id":"https:\/\/mattia.com\/#\/schema\/logo\/image\/","url":"https:\/\/mattia.com\/wp-content\/uploads\/2020\/04\/logotype-1.png","contentUrl":"https:\/\/mattia.com\/wp-content\/uploads\/2020\/04\/logotype-1.png","width":319,"height":90,"caption":"Mattia AB"},"image":{"@id":"https:\/\/mattia.com\/#\/schema\/logo\/image\/"},"sameAs":["https:\/\/www.facebook.com\/Textilplattor"]}]}},"_links":{"self":[{"href":"https:\/\/mattia.com\/en\/wp-json\/wp\/v2\/product\/216","targetHints":{"allow":["GET"]}}],"collection":[{"href":"https:\/\/mattia.com\/en\/wp-json\/wp\/v2\/product"}],"about":[{"href":"https:\/\/mattia.com\/en\/wp-json\/wp\/v2\/types\/product"}],"replies":[{"embeddable":true,"href":"https:\/\/mattia.com\/en\/wp-json\/wp\/v2\/comments?post=216"}],"wp:featuredmedia":[{"embeddable":true,"href":"https:\/\/mattia.com\/en\/wp-json\/wp\/v2\/media\/757"}],"wp:attachment":[{"href":"https:\/\/mattia.com\/en\/wp-json\/wp\/v2\/media?parent=216"}],"wp:term":[{"taxonomy":"product_brand","embeddable":true,"href":"https:\/\/mattia.com\/en\/wp-json\/wp\/v2\/product_brand?post=216"},{"taxonomy":"product_cat","embeddable":true,"href":"https:\/\/mattia.com\/en\/wp-json\/wp\/v2\/product_cat?post=216"},{"taxonomy":"product_tag","embeddable":true,"href":"https:\/\/mattia.com\/en\/wp-json\/wp\/v2\/product_tag?post=216"}],"curies":[{"name":"wp","href":"https:\/\/api.w.org\/{rel}","templated":true}]}}