{"id":247,"date":"2020-04-05T18:45:14","date_gmt":"2020-04-05T17:45:14","guid":{"rendered":"https:\/\/mattia.com\/?post_type=product&#038;p=247"},"modified":"2022-11-17T09:03:25","modified_gmt":"2022-11-17T08:03:25","slug":"mattia-expos-svart","status":"publish","type":"product","link":"https:\/\/mattia.com\/en\/produkt\/mattia-expos-svart\/","title":{"rendered":"Textilplatta Mattia Expos Svart"},"content":{"rendered":"<p>Specifikation MATTIA EXPOS<br \/>\nTyp: Textilplatta n\u00e5lfilt<br \/>\nKvalitet lugg: 100% Polyamid (SDN)<br \/>\nVikt lugg: 870gr\/kvm<br \/>\nH\u00f6jd lugg: ISO 1766, 4.2 mm<br \/>\nYtskikt f\u00f6r lugg: Polyflex med transparent glasfiber och non woven<br \/>\nTotal tjocklek: ISO 1765, 9 mm<br \/>\nTotal vikt: 5000gr\/kvm<br \/>\nStorlek per platta: 50 x 50 cm<br \/>\nAntal plattor per f\u00f6rpackning: 20<\/p>\n<p>Prestanda tester:<br \/>\nProduktklass: 33 (H\u00e5rd p\u00e5frestning)<br \/>\nCastor Chair Test: EN 985, A: F\u00f6r kontinuerligt anv\u00e4ndande<br \/>\nAbrasion friktionstest: EN 1963, Godk\u00e4nd<br \/>\nVettermann Test: ISO TR 10361 \/ EN 1471, Godk\u00e4nd<br \/>\nIsolerande f\u00f6rm\u00e5ga: ISO 8302, 0,14kvm K\/W<br \/>\nStabilitet: EN 986 Godk\u00e4nd<br \/>\nBrandklass: EN ISO 11925-2 \/ EN ISO 9239-1, B fl _ s1 (Sv\u00e5rant\u00e4ndligt material)<\/p>\n<p>F\u00e4rgfasthet:<br \/>\nDagsljus: ISO 105 B02, &gt;5<br \/>\nTorrskrubb: ISO 105 X12, 4.5<br \/>\nV\u00e5tskrubb: ISO 105 X12, 3.5<br \/>\nSchamporeng\u00f6ring: BS 1006, 4.5<br \/>\nVatten: ISO 105 E01, 4.5<br \/>\nVattenfl\u00e4ckar: EN 13297 5.0<\/p>\n<p>Elektrostatiska egenskaper:<br \/>\nHorisontalt elektriskt motst\u00e5nd: ISO CD 10965, 4 x 1011 \u03a9<br \/>\nVertikalt elektriskt motst\u00e5nd: ISO CD 10965, 1 x 1011 \u03a9<br \/>\nStatisk laddning: EN 1815 Antistatisk<\/p>\n","protected":false},"excerpt":{"rendered":"<p>Textilplattor \u00e4r ett modernt och smidigt s\u00e4tt att l\u00e4gga golv med hj\u00e4lp av symmetriska plattor. Textilplattor som helt\u00e4ckningsmatta har blivit v\u00e4ldigt popul\u00e4rt och det \u00e4r inte sv\u00e5rt att f\u00f6rst\u00e5 varf\u00f6r. En textilplatta b\u00e4r n\u00e4mligen med sig en rad f\u00f6rdelar.<\/p>\n","protected":false},"featured_media":248,"comment_status":"closed","ping_status":"closed","template":"","meta":{"_acf_changed":false},"product_brand":[],"product_cat":[141,60,103,21],"product_tag":[],"class_list":{"0":"post-247","1":"product","2":"type-product","3":"status-publish","4":"has-post-thumbnail","6":"product_cat-textilplattor","7":"product_cat-alla-produkter","8":"product_cat-expos","9":"product_cat-mattia-expos","10":"pa_antal-plattor-forpackning-26","11":"pa_farg-svart","12":"pa_hojd-lugg-39","13":"pa_produktklass-textilplatta-nalfilt","14":"pa_total-tjocklek-mm-46","15":"pa_total-vikt-gr-kvm-47","16":"pa_vikt-lugg-gr-kvm-49","17":"pa_ytskikt-for-lugg-polyflex-med-transparent-glasfiber-och-non-woven","18":"tm-no-options","20":"first","21":"instock","22":"taxable","23":"shipping-taxable","24":"purchasable","25":"product-type-simple"},"composite_layout":"","composite_add_to_cart_form_location":"","composite_editable_in_cart":false,"composite_sold_individually_context":"","composite_shop_price_calc":"","composite_components":[],"composite_scenarios":[],"acf":[],"yoast_head":"<!-- This site is optimized with the Yoast SEO plugin v24.3 - https:\/\/yoast.com\/wordpress\/plugins\/seo\/ -->\n<title>Textilplatta Mattia Expos Svart | Vi kan textilplattor | Mattia<\/title>\n<meta name=\"description\" content=\"K\u00f6p Textilplatta Mattia Expos Svart hos Mattia. H\u00f6g kvalitet till marknadens b\u00e4sta priser med snabb leverans och fri frakt!\" \/>\n<meta name=\"robots\" content=\"index, follow, max-snippet:-1, max-image-preview:large, max-video-preview:-1\" \/>\n<link rel=\"canonical\" href=\"https:\/\/mattia.com\/produkt\/mattia-expos-svart\/\" \/>\n<meta property=\"og:locale\" content=\"en_US\" \/>\n<meta property=\"og:type\" content=\"article\" \/>\n<meta property=\"og:title\" content=\"Textilplatta Mattia Expos Svart | Vi kan textilplattor | Mattia\" \/>\n<meta property=\"og:description\" content=\"K\u00f6p Textilplatta Mattia Expos Svart hos Mattia. H\u00f6g kvalitet till marknadens b\u00e4sta priser med snabb leverans och fri frakt!\" \/>\n<meta property=\"og:url\" content=\"https:\/\/mattia.com\/produkt\/mattia-expos-svart\/\" \/>\n<meta property=\"og:site_name\" content=\"Mattia\" \/>\n<meta property=\"article:publisher\" content=\"https:\/\/www.facebook.com\/Textilplattor\" \/>\n<meta property=\"article:modified_time\" content=\"2022-11-17T08:03:25+00:00\" \/>\n<meta property=\"og:image\" content=\"https:\/\/mattia.com\/wp-content\/uploads\/2020\/04\/mattia-expos-svart.-textilplatta.jpg\" \/>\n\t<meta property=\"og:image:width\" content=\"1000\" \/>\n\t<meta property=\"og:image:height\" content=\"1080\" \/>\n\t<meta property=\"og:image:type\" content=\"image\/jpeg\" \/>\n<meta name=\"twitter:card\" content=\"summary_large_image\" \/>\n<meta name=\"twitter:label1\" content=\"Est. reading time\" \/>\n\t<meta name=\"twitter:data1\" content=\"1 minute\" \/>\n<script type=\"application\/ld+json\" class=\"yoast-schema-graph\">{\"@context\":\"https:\/\/schema.org\",\"@graph\":[{\"@type\":\"WebPage\",\"@id\":\"https:\/\/mattia.com\/produkt\/mattia-expos-svart\/\",\"url\":\"https:\/\/mattia.com\/produkt\/mattia-expos-svart\/\",\"name\":\"Textilplatta Mattia Expos Svart | Vi kan textilplattor | Mattia\",\"isPartOf\":{\"@id\":\"https:\/\/mattia.com\/#website\"},\"primaryImageOfPage\":{\"@id\":\"https:\/\/mattia.com\/produkt\/mattia-expos-svart\/#primaryimage\"},\"image\":{\"@id\":\"https:\/\/mattia.com\/produkt\/mattia-expos-svart\/#primaryimage\"},\"thumbnailUrl\":\"https:\/\/mattia.com\/wp-content\/uploads\/2020\/04\/mattia-expos-svart.-textilplatta.jpg\",\"datePublished\":\"2020-04-05T17:45:14+00:00\",\"dateModified\":\"2022-11-17T08:03:25+00:00\",\"description\":\"K\u00f6p Textilplatta Mattia Expos Svart hos Mattia. H\u00f6g kvalitet till marknadens b\u00e4sta priser med snabb leverans och fri frakt!\",\"breadcrumb\":{\"@id\":\"https:\/\/mattia.com\/produkt\/mattia-expos-svart\/#breadcrumb\"},\"inLanguage\":\"en-US\",\"potentialAction\":[{\"@type\":\"ReadAction\",\"target\":[\"https:\/\/mattia.com\/produkt\/mattia-expos-svart\/\"]}]},{\"@type\":\"ImageObject\",\"inLanguage\":\"en-US\",\"@id\":\"https:\/\/mattia.com\/produkt\/mattia-expos-svart\/#primaryimage\",\"url\":\"https:\/\/mattia.com\/wp-content\/uploads\/2020\/04\/mattia-expos-svart.-textilplatta.jpg\",\"contentUrl\":\"https:\/\/mattia.com\/wp-content\/uploads\/2020\/04\/mattia-expos-svart.-textilplatta.jpg\",\"width\":1000,\"height\":1080,\"caption\":\"Textilplatta Mattia Expos Svart\"},{\"@type\":\"BreadcrumbList\",\"@id\":\"https:\/\/mattia.com\/produkt\/mattia-expos-svart\/#breadcrumb\",\"itemListElement\":[{\"@type\":\"ListItem\",\"position\":1,\"name\":\"Hem\",\"item\":\"https:\/\/mattia.com\/\"},{\"@type\":\"ListItem\",\"position\":2,\"name\":\"Textilplattor\",\"item\":\"https:\/\/mattia.com\/shop\/\"},{\"@type\":\"ListItem\",\"position\":3,\"name\":\"Textilplatta Mattia Expos Svart\"}]},{\"@type\":\"WebSite\",\"@id\":\"https:\/\/mattia.com\/#website\",\"url\":\"https:\/\/mattia.com\/\",\"name\":\"Mattia\",\"description\":\"Textilplattor till marknadens b\u00e4sta priser\",\"publisher\":{\"@id\":\"https:\/\/mattia.com\/#organization\"},\"potentialAction\":[{\"@type\":\"SearchAction\",\"target\":{\"@type\":\"EntryPoint\",\"urlTemplate\":\"https:\/\/mattia.com\/?s={search_term_string}\"},\"query-input\":{\"@type\":\"PropertyValueSpecification\",\"valueRequired\":true,\"valueName\":\"search_term_string\"}}],\"inLanguage\":\"en-US\"},{\"@type\":\"Organization\",\"@id\":\"https:\/\/mattia.com\/#organization\",\"name\":\"Mattia AB\",\"alternateName\":\"Mattia\",\"url\":\"https:\/\/mattia.com\/\",\"logo\":{\"@type\":\"ImageObject\",\"inLanguage\":\"en-US\",\"@id\":\"https:\/\/mattia.com\/#\/schema\/logo\/image\/\",\"url\":\"https:\/\/mattia.com\/wp-content\/uploads\/2020\/04\/logotype-1.png\",\"contentUrl\":\"https:\/\/mattia.com\/wp-content\/uploads\/2020\/04\/logotype-1.png\",\"width\":319,\"height\":90,\"caption\":\"Mattia AB\"},\"image\":{\"@id\":\"https:\/\/mattia.com\/#\/schema\/logo\/image\/\"},\"sameAs\":[\"https:\/\/www.facebook.com\/Textilplattor\"]}]}<\/script>\n<!-- \/ Yoast SEO plugin. -->","yoast_head_json":{"title":"Textilplatta Mattia Expos Svart | Vi kan textilplattor | Mattia","description":"K\u00f6p Textilplatta Mattia Expos Svart hos Mattia. H\u00f6g kvalitet till marknadens b\u00e4sta priser med snabb leverans och fri frakt!","robots":{"index":"index","follow":"follow","max-snippet":"max-snippet:-1","max-image-preview":"max-image-preview:large","max-video-preview":"max-video-preview:-1"},"canonical":"https:\/\/mattia.com\/produkt\/mattia-expos-svart\/","og_locale":"en_US","og_type":"article","og_title":"Textilplatta Mattia Expos Svart | Vi kan textilplattor | Mattia","og_description":"K\u00f6p Textilplatta Mattia Expos Svart hos Mattia. H\u00f6g kvalitet till marknadens b\u00e4sta priser med snabb leverans och fri frakt!","og_url":"https:\/\/mattia.com\/produkt\/mattia-expos-svart\/","og_site_name":"Mattia","article_publisher":"https:\/\/www.facebook.com\/Textilplattor","article_modified_time":"2022-11-17T08:03:25+00:00","og_image":[{"width":1000,"height":1080,"url":"https:\/\/mattia.com\/wp-content\/uploads\/2020\/04\/mattia-expos-svart.-textilplatta.jpg","type":"image\/jpeg"}],"twitter_card":"summary_large_image","twitter_misc":{"Est. reading time":"1 minute"},"schema":{"@context":"https:\/\/schema.org","@graph":[{"@type":"WebPage","@id":"https:\/\/mattia.com\/produkt\/mattia-expos-svart\/","url":"https:\/\/mattia.com\/produkt\/mattia-expos-svart\/","name":"Textilplatta Mattia Expos Svart | Vi kan textilplattor | Mattia","isPartOf":{"@id":"https:\/\/mattia.com\/#website"},"primaryImageOfPage":{"@id":"https:\/\/mattia.com\/produkt\/mattia-expos-svart\/#primaryimage"},"image":{"@id":"https:\/\/mattia.com\/produkt\/mattia-expos-svart\/#primaryimage"},"thumbnailUrl":"https:\/\/mattia.com\/wp-content\/uploads\/2020\/04\/mattia-expos-svart.-textilplatta.jpg","datePublished":"2020-04-05T17:45:14+00:00","dateModified":"2022-11-17T08:03:25+00:00","description":"K\u00f6p Textilplatta Mattia Expos Svart hos Mattia. H\u00f6g kvalitet till marknadens b\u00e4sta priser med snabb leverans och fri frakt!","breadcrumb":{"@id":"https:\/\/mattia.com\/produkt\/mattia-expos-svart\/#breadcrumb"},"inLanguage":"en-US","potentialAction":[{"@type":"ReadAction","target":["https:\/\/mattia.com\/produkt\/mattia-expos-svart\/"]}]},{"@type":"ImageObject","inLanguage":"en-US","@id":"https:\/\/mattia.com\/produkt\/mattia-expos-svart\/#primaryimage","url":"https:\/\/mattia.com\/wp-content\/uploads\/2020\/04\/mattia-expos-svart.-textilplatta.jpg","contentUrl":"https:\/\/mattia.com\/wp-content\/uploads\/2020\/04\/mattia-expos-svart.-textilplatta.jpg","width":1000,"height":1080,"caption":"Textilplatta Mattia Expos Svart"},{"@type":"BreadcrumbList","@id":"https:\/\/mattia.com\/produkt\/mattia-expos-svart\/#breadcrumb","itemListElement":[{"@type":"ListItem","position":1,"name":"Hem","item":"https:\/\/mattia.com\/"},{"@type":"ListItem","position":2,"name":"Textilplattor","item":"https:\/\/mattia.com\/shop\/"},{"@type":"ListItem","position":3,"name":"Textilplatta Mattia Expos Svart"}]},{"@type":"WebSite","@id":"https:\/\/mattia.com\/#website","url":"https:\/\/mattia.com\/","name":"Mattia","description":"Textilplattor till marknadens b\u00e4sta priser","publisher":{"@id":"https:\/\/mattia.com\/#organization"},"potentialAction":[{"@type":"SearchAction","target":{"@type":"EntryPoint","urlTemplate":"https:\/\/mattia.com\/?s={search_term_string}"},"query-input":{"@type":"PropertyValueSpecification","valueRequired":true,"valueName":"search_term_string"}}],"inLanguage":"en-US"},{"@type":"Organization","@id":"https:\/\/mattia.com\/#organization","name":"Mattia AB","alternateName":"Mattia","url":"https:\/\/mattia.com\/","logo":{"@type":"ImageObject","inLanguage":"en-US","@id":"https:\/\/mattia.com\/#\/schema\/logo\/image\/","url":"https:\/\/mattia.com\/wp-content\/uploads\/2020\/04\/logotype-1.png","contentUrl":"https:\/\/mattia.com\/wp-content\/uploads\/2020\/04\/logotype-1.png","width":319,"height":90,"caption":"Mattia AB"},"image":{"@id":"https:\/\/mattia.com\/#\/schema\/logo\/image\/"},"sameAs":["https:\/\/www.facebook.com\/Textilplattor"]}]}},"_links":{"self":[{"href":"https:\/\/mattia.com\/en\/wp-json\/wp\/v2\/product\/247","targetHints":{"allow":["GET"]}}],"collection":[{"href":"https:\/\/mattia.com\/en\/wp-json\/wp\/v2\/product"}],"about":[{"href":"https:\/\/mattia.com\/en\/wp-json\/wp\/v2\/types\/product"}],"replies":[{"embeddable":true,"href":"https:\/\/mattia.com\/en\/wp-json\/wp\/v2\/comments?post=247"}],"wp:featuredmedia":[{"embeddable":true,"href":"https:\/\/mattia.com\/en\/wp-json\/wp\/v2\/media\/248"}],"wp:attachment":[{"href":"https:\/\/mattia.com\/en\/wp-json\/wp\/v2\/media?parent=247"}],"wp:term":[{"taxonomy":"product_brand","embeddable":true,"href":"https:\/\/mattia.com\/en\/wp-json\/wp\/v2\/product_brand?post=247"},{"taxonomy":"product_cat","embeddable":true,"href":"https:\/\/mattia.com\/en\/wp-json\/wp\/v2\/product_cat?post=247"},{"taxonomy":"product_tag","embeddable":true,"href":"https:\/\/mattia.com\/en\/wp-json\/wp\/v2\/product_tag?post=247"}],"curies":[{"name":"wp","href":"https:\/\/api.w.org\/{rel}","templated":true}]}}