{"id":2614,"date":"2022-10-05T14:32:17","date_gmt":"2022-10-05T13:32:17","guid":{"rendered":"https:\/\/mattia.com\/?post_type=product&#038;p=2614"},"modified":"2024-10-29T09:36:17","modified_gmt":"2024-10-29T08:36:17","slug":"textilplatta-harmony-black-exclusive","status":"publish","type":"product","link":"https:\/\/mattia.com\/en\/produkt\/textilplatta-harmony-black-exclusive\/","title":{"rendered":"Textilplatta Harmony &#8211; Black exclusive"},"content":{"rendered":"<p>Harmony \u00e4r en mjuk och lyxig helt\u00e4ckningsmatta i textilplattor. Denna sk\u00f6na modell passar perfekt i alla delar av hemmet f\u00f6r en h\u00e4rlig och ombodnande k\u00e4nsla.<br \/>\nPopul\u00e4r sovrumsmatta.<\/p>\n","protected":false},"excerpt":{"rendered":"<p>Harmony \u00e4r en mjuk och lyxig helt\u00e4ckningsmatta i textilplattor. Denna sk\u00f6na modell passar perfekt i alla delar av hemmet f\u00f6r en h\u00e4rlig och ombodnande k\u00e4nsla.Popul\u00e4r sovrumsmatta.<\/p>\n","protected":false},"featured_media":2616,"comment_status":"closed","ping_status":"closed","template":"","meta":{"_acf_changed":false},"product_brand":[],"product_cat":[141,60,20,89],"product_tag":[],"class_list":{"0":"post-2614","1":"product","2":"type-product","3":"status-publish","4":"has-post-thumbnail","6":"product_cat-textilplattor","7":"product_cat-alla-produkter","8":"product_cat-melkea-textilplattor","9":"product_cat-harmony","10":"pa_farg-svart","11":"pa_hojd-lugg-11-mm","12":"pa_produktklass-157","13":"pa_storlek-per-platta-cm-50x50","14":"pa_textilplatta-textilplatta","15":"pa_total-tjocklek-mm-13-mm","16":"pa_varumarke-mattia","17":"tm-no-options","19":"first","20":"instock","21":"taxable","22":"shipping-taxable","23":"purchasable","24":"product-type-simple"},"composite_layout":"","composite_add_to_cart_form_location":"","composite_editable_in_cart":false,"composite_sold_individually_context":"","composite_shop_price_calc":"","composite_components":[],"composite_scenarios":[],"acf":[],"yoast_head":"<!-- This site is optimized with the Yoast SEO plugin v24.3 - https:\/\/yoast.com\/wordpress\/plugins\/seo\/ -->\n<title>Textilplatta Harmony - Black exclusive | Mattia<\/title>\n<meta name=\"description\" content=\"K\u00f6p Textilplatta Harmony - Black exclusive hos Mattia. H\u00f6g kvalitet till marknadens b\u00e4sta priser med snabb leverans och fri frakt!\" \/>\n<meta name=\"robots\" content=\"index, follow, max-snippet:-1, max-image-preview:large, max-video-preview:-1\" \/>\n<link rel=\"canonical\" href=\"https:\/\/mattia.com\/produkt\/textilplatta-harmony-black-exclusive\/\" \/>\n<meta property=\"og:locale\" content=\"en_US\" \/>\n<meta property=\"og:type\" content=\"article\" \/>\n<meta property=\"og:title\" content=\"Textilplatta Harmony - Black exclusive | Mattia\" \/>\n<meta property=\"og:description\" content=\"K\u00f6p Textilplatta Harmony - Black exclusive hos Mattia. H\u00f6g kvalitet till marknadens b\u00e4sta priser med snabb leverans och fri frakt!\" \/>\n<meta property=\"og:url\" content=\"https:\/\/mattia.com\/produkt\/textilplatta-harmony-black-exclusive\/\" \/>\n<meta property=\"og:site_name\" content=\"Mattia\" \/>\n<meta property=\"article:publisher\" content=\"https:\/\/www.facebook.com\/Textilplattor\" \/>\n<meta property=\"article:modified_time\" content=\"2024-10-29T08:36:17+00:00\" \/>\n<meta property=\"og:image\" content=\"https:\/\/mattia.com\/wp-content\/uploads\/2022\/10\/Textilplatta-sovrumsmatta-Melkea-harmony-black-exclusive-1-scaled-e1664977480887.jpg\" \/>\n\t<meta property=\"og:image:width\" content=\"1683\" \/>\n\t<meta property=\"og:image:height\" content=\"1728\" \/>\n\t<meta property=\"og:image:type\" content=\"image\/jpeg\" \/>\n<meta name=\"twitter:card\" content=\"summary_large_image\" \/>\n<meta name=\"twitter:label1\" content=\"Est. reading time\" \/>\n\t<meta name=\"twitter:data1\" content=\"1 minute\" \/>\n<script type=\"application\/ld+json\" class=\"yoast-schema-graph\">{\"@context\":\"https:\/\/schema.org\",\"@graph\":[{\"@type\":\"WebPage\",\"@id\":\"https:\/\/mattia.com\/produkt\/textilplatta-harmony-black-exclusive\/\",\"url\":\"https:\/\/mattia.com\/produkt\/textilplatta-harmony-black-exclusive\/\",\"name\":\"Textilplatta Harmony - Black exclusive | Mattia\",\"isPartOf\":{\"@id\":\"https:\/\/mattia.com\/#website\"},\"primaryImageOfPage\":{\"@id\":\"https:\/\/mattia.com\/produkt\/textilplatta-harmony-black-exclusive\/#primaryimage\"},\"image\":{\"@id\":\"https:\/\/mattia.com\/produkt\/textilplatta-harmony-black-exclusive\/#primaryimage\"},\"thumbnailUrl\":\"https:\/\/mattia.com\/wp-content\/uploads\/2022\/10\/Textilplatta-sovrumsmatta-Melkea-harmony-black-exclusive-1-scaled-e1664977480887.jpg\",\"datePublished\":\"2022-10-05T13:32:17+00:00\",\"dateModified\":\"2024-10-29T08:36:17+00:00\",\"description\":\"K\u00f6p Textilplatta Harmony - Black exclusive hos Mattia. H\u00f6g kvalitet till marknadens b\u00e4sta priser med snabb leverans och fri frakt!\",\"breadcrumb\":{\"@id\":\"https:\/\/mattia.com\/produkt\/textilplatta-harmony-black-exclusive\/#breadcrumb\"},\"inLanguage\":\"en-US\",\"potentialAction\":[{\"@type\":\"ReadAction\",\"target\":[\"https:\/\/mattia.com\/produkt\/textilplatta-harmony-black-exclusive\/\"]}]},{\"@type\":\"ImageObject\",\"inLanguage\":\"en-US\",\"@id\":\"https:\/\/mattia.com\/produkt\/textilplatta-harmony-black-exclusive\/#primaryimage\",\"url\":\"https:\/\/mattia.com\/wp-content\/uploads\/2022\/10\/Textilplatta-sovrumsmatta-Melkea-harmony-black-exclusive-1-scaled-e1664977480887.jpg\",\"contentUrl\":\"https:\/\/mattia.com\/wp-content\/uploads\/2022\/10\/Textilplatta-sovrumsmatta-Melkea-harmony-black-exclusive-1-scaled-e1664977480887.jpg\",\"width\":1683,\"height\":1728,\"caption\":\"Sovrumsmatta textilplatta-harmony-black exclusive\"},{\"@type\":\"BreadcrumbList\",\"@id\":\"https:\/\/mattia.com\/produkt\/textilplatta-harmony-black-exclusive\/#breadcrumb\",\"itemListElement\":[{\"@type\":\"ListItem\",\"position\":1,\"name\":\"Hem\",\"item\":\"https:\/\/mattia.com\/\"},{\"@type\":\"ListItem\",\"position\":2,\"name\":\"Textilplattor\",\"item\":\"https:\/\/mattia.com\/shop\/\"},{\"@type\":\"ListItem\",\"position\":3,\"name\":\"Mattia\",\"item\":\"https:\/\/mattia.com\/varumarke\/mattia\/\"},{\"@type\":\"ListItem\",\"position\":4,\"name\":\"Textilplatta Harmony &#8211; Black exclusive\"}]},{\"@type\":\"WebSite\",\"@id\":\"https:\/\/mattia.com\/#website\",\"url\":\"https:\/\/mattia.com\/\",\"name\":\"Mattia\",\"description\":\"Textilplattor till marknadens b\u00e4sta priser\",\"publisher\":{\"@id\":\"https:\/\/mattia.com\/#organization\"},\"potentialAction\":[{\"@type\":\"SearchAction\",\"target\":{\"@type\":\"EntryPoint\",\"urlTemplate\":\"https:\/\/mattia.com\/?s={search_term_string}\"},\"query-input\":{\"@type\":\"PropertyValueSpecification\",\"valueRequired\":true,\"valueName\":\"search_term_string\"}}],\"inLanguage\":\"en-US\"},{\"@type\":\"Organization\",\"@id\":\"https:\/\/mattia.com\/#organization\",\"name\":\"Mattia AB\",\"alternateName\":\"Mattia\",\"url\":\"https:\/\/mattia.com\/\",\"logo\":{\"@type\":\"ImageObject\",\"inLanguage\":\"en-US\",\"@id\":\"https:\/\/mattia.com\/#\/schema\/logo\/image\/\",\"url\":\"https:\/\/mattia.com\/wp-content\/uploads\/2020\/04\/logotype-1.png\",\"contentUrl\":\"https:\/\/mattia.com\/wp-content\/uploads\/2020\/04\/logotype-1.png\",\"width\":319,\"height\":90,\"caption\":\"Mattia AB\"},\"image\":{\"@id\":\"https:\/\/mattia.com\/#\/schema\/logo\/image\/\"},\"sameAs\":[\"https:\/\/www.facebook.com\/Textilplattor\"]}]}<\/script>\n<!-- \/ Yoast SEO plugin. -->","yoast_head_json":{"title":"Textilplatta Harmony - Black exclusive | Mattia","description":"K\u00f6p Textilplatta Harmony - Black exclusive hos Mattia. H\u00f6g kvalitet till marknadens b\u00e4sta priser med snabb leverans och fri frakt!","robots":{"index":"index","follow":"follow","max-snippet":"max-snippet:-1","max-image-preview":"max-image-preview:large","max-video-preview":"max-video-preview:-1"},"canonical":"https:\/\/mattia.com\/produkt\/textilplatta-harmony-black-exclusive\/","og_locale":"en_US","og_type":"article","og_title":"Textilplatta Harmony - Black exclusive | Mattia","og_description":"K\u00f6p Textilplatta Harmony - Black exclusive hos Mattia. H\u00f6g kvalitet till marknadens b\u00e4sta priser med snabb leverans och fri frakt!","og_url":"https:\/\/mattia.com\/produkt\/textilplatta-harmony-black-exclusive\/","og_site_name":"Mattia","article_publisher":"https:\/\/www.facebook.com\/Textilplattor","article_modified_time":"2024-10-29T08:36:17+00:00","og_image":[{"width":1683,"height":1728,"url":"https:\/\/mattia.com\/wp-content\/uploads\/2022\/10\/Textilplatta-sovrumsmatta-Melkea-harmony-black-exclusive-1-scaled-e1664977480887.jpg","type":"image\/jpeg"}],"twitter_card":"summary_large_image","twitter_misc":{"Est. reading time":"1 minute"},"schema":{"@context":"https:\/\/schema.org","@graph":[{"@type":"WebPage","@id":"https:\/\/mattia.com\/produkt\/textilplatta-harmony-black-exclusive\/","url":"https:\/\/mattia.com\/produkt\/textilplatta-harmony-black-exclusive\/","name":"Textilplatta Harmony - Black exclusive | Mattia","isPartOf":{"@id":"https:\/\/mattia.com\/#website"},"primaryImageOfPage":{"@id":"https:\/\/mattia.com\/produkt\/textilplatta-harmony-black-exclusive\/#primaryimage"},"image":{"@id":"https:\/\/mattia.com\/produkt\/textilplatta-harmony-black-exclusive\/#primaryimage"},"thumbnailUrl":"https:\/\/mattia.com\/wp-content\/uploads\/2022\/10\/Textilplatta-sovrumsmatta-Melkea-harmony-black-exclusive-1-scaled-e1664977480887.jpg","datePublished":"2022-10-05T13:32:17+00:00","dateModified":"2024-10-29T08:36:17+00:00","description":"K\u00f6p Textilplatta Harmony - Black exclusive hos Mattia. H\u00f6g kvalitet till marknadens b\u00e4sta priser med snabb leverans och fri frakt!","breadcrumb":{"@id":"https:\/\/mattia.com\/produkt\/textilplatta-harmony-black-exclusive\/#breadcrumb"},"inLanguage":"en-US","potentialAction":[{"@type":"ReadAction","target":["https:\/\/mattia.com\/produkt\/textilplatta-harmony-black-exclusive\/"]}]},{"@type":"ImageObject","inLanguage":"en-US","@id":"https:\/\/mattia.com\/produkt\/textilplatta-harmony-black-exclusive\/#primaryimage","url":"https:\/\/mattia.com\/wp-content\/uploads\/2022\/10\/Textilplatta-sovrumsmatta-Melkea-harmony-black-exclusive-1-scaled-e1664977480887.jpg","contentUrl":"https:\/\/mattia.com\/wp-content\/uploads\/2022\/10\/Textilplatta-sovrumsmatta-Melkea-harmony-black-exclusive-1-scaled-e1664977480887.jpg","width":1683,"height":1728,"caption":"Sovrumsmatta textilplatta-harmony-black exclusive"},{"@type":"BreadcrumbList","@id":"https:\/\/mattia.com\/produkt\/textilplatta-harmony-black-exclusive\/#breadcrumb","itemListElement":[{"@type":"ListItem","position":1,"name":"Hem","item":"https:\/\/mattia.com\/"},{"@type":"ListItem","position":2,"name":"Textilplattor","item":"https:\/\/mattia.com\/shop\/"},{"@type":"ListItem","position":3,"name":"Mattia","item":"https:\/\/mattia.com\/varumarke\/mattia\/"},{"@type":"ListItem","position":4,"name":"Textilplatta Harmony &#8211; Black exclusive"}]},{"@type":"WebSite","@id":"https:\/\/mattia.com\/#website","url":"https:\/\/mattia.com\/","name":"Mattia","description":"Textilplattor till marknadens b\u00e4sta priser","publisher":{"@id":"https:\/\/mattia.com\/#organization"},"potentialAction":[{"@type":"SearchAction","target":{"@type":"EntryPoint","urlTemplate":"https:\/\/mattia.com\/?s={search_term_string}"},"query-input":{"@type":"PropertyValueSpecification","valueRequired":true,"valueName":"search_term_string"}}],"inLanguage":"en-US"},{"@type":"Organization","@id":"https:\/\/mattia.com\/#organization","name":"Mattia AB","alternateName":"Mattia","url":"https:\/\/mattia.com\/","logo":{"@type":"ImageObject","inLanguage":"en-US","@id":"https:\/\/mattia.com\/#\/schema\/logo\/image\/","url":"https:\/\/mattia.com\/wp-content\/uploads\/2020\/04\/logotype-1.png","contentUrl":"https:\/\/mattia.com\/wp-content\/uploads\/2020\/04\/logotype-1.png","width":319,"height":90,"caption":"Mattia AB"},"image":{"@id":"https:\/\/mattia.com\/#\/schema\/logo\/image\/"},"sameAs":["https:\/\/www.facebook.com\/Textilplattor"]}]}},"_links":{"self":[{"href":"https:\/\/mattia.com\/en\/wp-json\/wp\/v2\/product\/2614","targetHints":{"allow":["GET"]}}],"collection":[{"href":"https:\/\/mattia.com\/en\/wp-json\/wp\/v2\/product"}],"about":[{"href":"https:\/\/mattia.com\/en\/wp-json\/wp\/v2\/types\/product"}],"replies":[{"embeddable":true,"href":"https:\/\/mattia.com\/en\/wp-json\/wp\/v2\/comments?post=2614"}],"wp:featuredmedia":[{"embeddable":true,"href":"https:\/\/mattia.com\/en\/wp-json\/wp\/v2\/media\/2616"}],"wp:attachment":[{"href":"https:\/\/mattia.com\/en\/wp-json\/wp\/v2\/media?parent=2614"}],"wp:term":[{"taxonomy":"product_brand","embeddable":true,"href":"https:\/\/mattia.com\/en\/wp-json\/wp\/v2\/product_brand?post=2614"},{"taxonomy":"product_cat","embeddable":true,"href":"https:\/\/mattia.com\/en\/wp-json\/wp\/v2\/product_cat?post=2614"},{"taxonomy":"product_tag","embeddable":true,"href":"https:\/\/mattia.com\/en\/wp-json\/wp\/v2\/product_tag?post=2614"}],"curies":[{"name":"wp","href":"https:\/\/api.w.org\/{rel}","templated":true}]}}