{"id":2890,"date":"2022-12-06T13:38:23","date_gmt":"2022-12-06T12:38:23","guid":{"rendered":"https:\/\/mattia.com\/?post_type=product&#038;p=2890"},"modified":"2025-05-15T14:23:19","modified_gmt":"2025-05-15T13:23:19","slug":"textilplatta-straightforward-lead","status":"publish","type":"product","link":"https:\/\/mattia.com\/en\/produkt\/textilplatta-straightforward-lead\/","title":{"rendered":"Textilplatta Straightforward Lead"},"content":{"rendered":"<p>Straight Forward \u00e4r en v\u00e4ldigt fin textilmatta fr\u00e5n Interface.<br \/>\nDessa textilplattor handlar om r\u00f6relse och f\u00e4rg. Var inte r\u00e4dd f\u00f6r att t\u00e4nka utanf\u00f6r ramarna n\u00e4r du tittar p\u00e5 paletten med f\u00e4rger.<\/p>\n<p>Tillverkade med hj\u00e4lp av Microtuft-teknik, de sm\u00e5, sn\u00e4va \u00f6glorna av nylon \u00e4r den perfekta hybriden mellan mjuka och h\u00e5rda golv. Bekv\u00e4mt under f\u00f6tterna samtidigt som den bidrar med ljusisolering \u00e5t rummet.<\/p>\n<p>Random installation inneb\u00e4r att du kan installera plattor hur som helst och resultatet kommer bli fantastiskt. Detta minskar ocks\u00e5 drastiskt materialspill, vilket \u00e4r mycket sn\u00e4llare f\u00f6r din budget och v\u00e5r dyrbara planet.<\/p>\n","protected":false},"excerpt":{"rendered":"<p>Straight Forward \u00e4r en v\u00e4ldigt fin textilmatta fr\u00e5n Interface.<br \/>\nDessa textilplattor handlar om r\u00f6relse och f\u00e4rg. Var inte r\u00e4dd f\u00f6r att t\u00e4nka utanf\u00f6r ramarna n\u00e4r du tittar p\u00e5 paletten med f\u00e4rger.<\/p>\n<p>Tillverkade med hj\u00e4lp av Microtuft-teknik, de sm\u00e5, sn\u00e4va \u00f6glorna av nylon \u00e4r den perfekta hybriden mellan mjuka och h\u00e5rda golv. Bekv\u00e4mt under f\u00f6tterna samtidigt som den bidrar med ljusisolering \u00e5t rummet.<\/p>\n","protected":false},"featured_media":2894,"comment_status":"closed","ping_status":"closed","template":"","meta":{"_acf_changed":false},"product_brand":[],"product_cat":[141,60,87,146,24],"product_tag":[],"class_list":{"0":"post-2890","1":"product","2":"type-product","3":"status-publish","4":"has-post-thumbnail","6":"product_cat-textilplattor","7":"product_cat-alla-produkter","8":"product_cat-interface","9":"product_cat-straightforward","10":"product_cat-rea-tillfalliga-partier","11":"pa_farg-gra","12":"pa_farg-svart","13":"pa_produktklass-33-hard-pafrastning","14":"pa_sortering-1-a-sort","15":"pa_sortering-2-sort-fina","16":"pa_sortering-2-sort-skonhetsfel","17":"pa_storlek-per-platta-cm-50x50","18":"pa_varumarke-interface","19":"tm-no-options","21":"first","22":"instock","23":"taxable","24":"shipping-taxable","25":"purchasable","26":"product-type-variable"},"composite_layout":"","composite_add_to_cart_form_location":"","composite_editable_in_cart":false,"composite_sold_individually_context":"","composite_shop_price_calc":"","composite_components":[],"composite_scenarios":[],"acf":[],"yoast_head":"<!-- This site is optimized with the Yoast SEO plugin v24.3 - https:\/\/yoast.com\/wordpress\/plugins\/seo\/ -->\n<title>Textilplatta Straightforward Lead | Mattia<\/title>\n<meta name=\"description\" content=\"K\u00f6p Textilplatta Straightforward Lead hos Mattia. H\u00f6g kvalitet till marknadens b\u00e4sta priser med snabb leverans och fri frakt!\" \/>\n<meta name=\"robots\" content=\"index, follow, max-snippet:-1, max-image-preview:large, max-video-preview:-1\" \/>\n<link rel=\"canonical\" href=\"https:\/\/mattia.com\/produkt\/textilplatta-straightforward-lead\/\" \/>\n<meta property=\"og:locale\" content=\"en_US\" \/>\n<meta property=\"og:type\" content=\"article\" \/>\n<meta property=\"og:title\" content=\"Textilplatta Straightforward Lead | Mattia\" \/>\n<meta property=\"og:description\" content=\"K\u00f6p Textilplatta Straightforward Lead hos Mattia. H\u00f6g kvalitet till marknadens b\u00e4sta priser med snabb leverans och fri frakt!\" \/>\n<meta property=\"og:url\" content=\"https:\/\/mattia.com\/produkt\/textilplatta-straightforward-lead\/\" \/>\n<meta property=\"og:site_name\" content=\"Mattia\" \/>\n<meta property=\"article:publisher\" content=\"https:\/\/www.facebook.com\/Textilplattor\" \/>\n<meta property=\"article:modified_time\" content=\"2025-05-15T13:23:19+00:00\" \/>\n<meta property=\"og:image\" content=\"https:\/\/mattia.com\/wp-content\/uploads\/2022\/12\/Textilplatta-strightforward-Lead-1579003.jpg\" \/>\n\t<meta property=\"og:image:width\" content=\"900\" \/>\n\t<meta property=\"og:image:height\" content=\"900\" \/>\n\t<meta property=\"og:image:type\" content=\"image\/jpeg\" \/>\n<meta name=\"twitter:card\" content=\"summary_large_image\" \/>\n<meta name=\"twitter:label1\" content=\"Est. reading time\" \/>\n\t<meta name=\"twitter:data1\" content=\"1 minute\" \/>\n<script type=\"application\/ld+json\" class=\"yoast-schema-graph\">{\"@context\":\"https:\/\/schema.org\",\"@graph\":[{\"@type\":\"WebPage\",\"@id\":\"https:\/\/mattia.com\/produkt\/textilplatta-straightforward-lead\/\",\"url\":\"https:\/\/mattia.com\/produkt\/textilplatta-straightforward-lead\/\",\"name\":\"Textilplatta Straightforward Lead | Mattia\",\"isPartOf\":{\"@id\":\"https:\/\/mattia.com\/#website\"},\"primaryImageOfPage\":{\"@id\":\"https:\/\/mattia.com\/produkt\/textilplatta-straightforward-lead\/#primaryimage\"},\"image\":{\"@id\":\"https:\/\/mattia.com\/produkt\/textilplatta-straightforward-lead\/#primaryimage\"},\"thumbnailUrl\":\"https:\/\/mattia.com\/wp-content\/uploads\/2022\/12\/Textilplatta-strightforward-Lead-1579003.jpg\",\"datePublished\":\"2022-12-06T12:38:23+00:00\",\"dateModified\":\"2025-05-15T13:23:19+00:00\",\"description\":\"K\u00f6p Textilplatta Straightforward Lead hos Mattia. H\u00f6g kvalitet till marknadens b\u00e4sta priser med snabb leverans och fri frakt!\",\"breadcrumb\":{\"@id\":\"https:\/\/mattia.com\/produkt\/textilplatta-straightforward-lead\/#breadcrumb\"},\"inLanguage\":\"en-US\",\"potentialAction\":[{\"@type\":\"ReadAction\",\"target\":[\"https:\/\/mattia.com\/produkt\/textilplatta-straightforward-lead\/\"]}]},{\"@type\":\"ImageObject\",\"inLanguage\":\"en-US\",\"@id\":\"https:\/\/mattia.com\/produkt\/textilplatta-straightforward-lead\/#primaryimage\",\"url\":\"https:\/\/mattia.com\/wp-content\/uploads\/2022\/12\/Textilplatta-strightforward-Lead-1579003.jpg\",\"contentUrl\":\"https:\/\/mattia.com\/wp-content\/uploads\/2022\/12\/Textilplatta-strightforward-Lead-1579003.jpg\",\"width\":900,\"height\":900,\"caption\":\"Textilplatta-strightforward-Lead\"},{\"@type\":\"BreadcrumbList\",\"@id\":\"https:\/\/mattia.com\/produkt\/textilplatta-straightforward-lead\/#breadcrumb\",\"itemListElement\":[{\"@type\":\"ListItem\",\"position\":1,\"name\":\"Hem\",\"item\":\"https:\/\/mattia.com\/\"},{\"@type\":\"ListItem\",\"position\":2,\"name\":\"Textilplattor\",\"item\":\"https:\/\/mattia.com\/shop\/\"},{\"@type\":\"ListItem\",\"position\":3,\"name\":\"Interface\",\"item\":\"https:\/\/mattia.com\/varumarke\/interface\/\"},{\"@type\":\"ListItem\",\"position\":4,\"name\":\"Textilplatta Straightforward Lead\"}]},{\"@type\":\"WebSite\",\"@id\":\"https:\/\/mattia.com\/#website\",\"url\":\"https:\/\/mattia.com\/\",\"name\":\"Mattia\",\"description\":\"Textilplattor till marknadens b\u00e4sta priser\",\"publisher\":{\"@id\":\"https:\/\/mattia.com\/#organization\"},\"potentialAction\":[{\"@type\":\"SearchAction\",\"target\":{\"@type\":\"EntryPoint\",\"urlTemplate\":\"https:\/\/mattia.com\/?s={search_term_string}\"},\"query-input\":{\"@type\":\"PropertyValueSpecification\",\"valueRequired\":true,\"valueName\":\"search_term_string\"}}],\"inLanguage\":\"en-US\"},{\"@type\":\"Organization\",\"@id\":\"https:\/\/mattia.com\/#organization\",\"name\":\"Mattia AB\",\"alternateName\":\"Mattia\",\"url\":\"https:\/\/mattia.com\/\",\"logo\":{\"@type\":\"ImageObject\",\"inLanguage\":\"en-US\",\"@id\":\"https:\/\/mattia.com\/#\/schema\/logo\/image\/\",\"url\":\"https:\/\/mattia.com\/wp-content\/uploads\/2020\/04\/logotype-1.png\",\"contentUrl\":\"https:\/\/mattia.com\/wp-content\/uploads\/2020\/04\/logotype-1.png\",\"width\":319,\"height\":90,\"caption\":\"Mattia AB\"},\"image\":{\"@id\":\"https:\/\/mattia.com\/#\/schema\/logo\/image\/\"},\"sameAs\":[\"https:\/\/www.facebook.com\/Textilplattor\"]}]}<\/script>\n<!-- \/ Yoast SEO plugin. -->","yoast_head_json":{"title":"Textilplatta Straightforward Lead | Mattia","description":"K\u00f6p Textilplatta Straightforward Lead hos Mattia. H\u00f6g kvalitet till marknadens b\u00e4sta priser med snabb leverans och fri frakt!","robots":{"index":"index","follow":"follow","max-snippet":"max-snippet:-1","max-image-preview":"max-image-preview:large","max-video-preview":"max-video-preview:-1"},"canonical":"https:\/\/mattia.com\/produkt\/textilplatta-straightforward-lead\/","og_locale":"en_US","og_type":"article","og_title":"Textilplatta Straightforward Lead | Mattia","og_description":"K\u00f6p Textilplatta Straightforward Lead hos Mattia. H\u00f6g kvalitet till marknadens b\u00e4sta priser med snabb leverans och fri frakt!","og_url":"https:\/\/mattia.com\/produkt\/textilplatta-straightforward-lead\/","og_site_name":"Mattia","article_publisher":"https:\/\/www.facebook.com\/Textilplattor","article_modified_time":"2025-05-15T13:23:19+00:00","og_image":[{"width":900,"height":900,"url":"https:\/\/mattia.com\/wp-content\/uploads\/2022\/12\/Textilplatta-strightforward-Lead-1579003.jpg","type":"image\/jpeg"}],"twitter_card":"summary_large_image","twitter_misc":{"Est. reading time":"1 minute"},"schema":{"@context":"https:\/\/schema.org","@graph":[{"@type":"WebPage","@id":"https:\/\/mattia.com\/produkt\/textilplatta-straightforward-lead\/","url":"https:\/\/mattia.com\/produkt\/textilplatta-straightforward-lead\/","name":"Textilplatta Straightforward Lead | Mattia","isPartOf":{"@id":"https:\/\/mattia.com\/#website"},"primaryImageOfPage":{"@id":"https:\/\/mattia.com\/produkt\/textilplatta-straightforward-lead\/#primaryimage"},"image":{"@id":"https:\/\/mattia.com\/produkt\/textilplatta-straightforward-lead\/#primaryimage"},"thumbnailUrl":"https:\/\/mattia.com\/wp-content\/uploads\/2022\/12\/Textilplatta-strightforward-Lead-1579003.jpg","datePublished":"2022-12-06T12:38:23+00:00","dateModified":"2025-05-15T13:23:19+00:00","description":"K\u00f6p Textilplatta Straightforward Lead hos Mattia. H\u00f6g kvalitet till marknadens b\u00e4sta priser med snabb leverans och fri frakt!","breadcrumb":{"@id":"https:\/\/mattia.com\/produkt\/textilplatta-straightforward-lead\/#breadcrumb"},"inLanguage":"en-US","potentialAction":[{"@type":"ReadAction","target":["https:\/\/mattia.com\/produkt\/textilplatta-straightforward-lead\/"]}]},{"@type":"ImageObject","inLanguage":"en-US","@id":"https:\/\/mattia.com\/produkt\/textilplatta-straightforward-lead\/#primaryimage","url":"https:\/\/mattia.com\/wp-content\/uploads\/2022\/12\/Textilplatta-strightforward-Lead-1579003.jpg","contentUrl":"https:\/\/mattia.com\/wp-content\/uploads\/2022\/12\/Textilplatta-strightforward-Lead-1579003.jpg","width":900,"height":900,"caption":"Textilplatta-strightforward-Lead"},{"@type":"BreadcrumbList","@id":"https:\/\/mattia.com\/produkt\/textilplatta-straightforward-lead\/#breadcrumb","itemListElement":[{"@type":"ListItem","position":1,"name":"Hem","item":"https:\/\/mattia.com\/"},{"@type":"ListItem","position":2,"name":"Textilplattor","item":"https:\/\/mattia.com\/shop\/"},{"@type":"ListItem","position":3,"name":"Interface","item":"https:\/\/mattia.com\/varumarke\/interface\/"},{"@type":"ListItem","position":4,"name":"Textilplatta Straightforward Lead"}]},{"@type":"WebSite","@id":"https:\/\/mattia.com\/#website","url":"https:\/\/mattia.com\/","name":"Mattia","description":"Textilplattor till marknadens b\u00e4sta priser","publisher":{"@id":"https:\/\/mattia.com\/#organization"},"potentialAction":[{"@type":"SearchAction","target":{"@type":"EntryPoint","urlTemplate":"https:\/\/mattia.com\/?s={search_term_string}"},"query-input":{"@type":"PropertyValueSpecification","valueRequired":true,"valueName":"search_term_string"}}],"inLanguage":"en-US"},{"@type":"Organization","@id":"https:\/\/mattia.com\/#organization","name":"Mattia AB","alternateName":"Mattia","url":"https:\/\/mattia.com\/","logo":{"@type":"ImageObject","inLanguage":"en-US","@id":"https:\/\/mattia.com\/#\/schema\/logo\/image\/","url":"https:\/\/mattia.com\/wp-content\/uploads\/2020\/04\/logotype-1.png","contentUrl":"https:\/\/mattia.com\/wp-content\/uploads\/2020\/04\/logotype-1.png","width":319,"height":90,"caption":"Mattia AB"},"image":{"@id":"https:\/\/mattia.com\/#\/schema\/logo\/image\/"},"sameAs":["https:\/\/www.facebook.com\/Textilplattor"]}]}},"_links":{"self":[{"href":"https:\/\/mattia.com\/en\/wp-json\/wp\/v2\/product\/2890","targetHints":{"allow":["GET"]}}],"collection":[{"href":"https:\/\/mattia.com\/en\/wp-json\/wp\/v2\/product"}],"about":[{"href":"https:\/\/mattia.com\/en\/wp-json\/wp\/v2\/types\/product"}],"replies":[{"embeddable":true,"href":"https:\/\/mattia.com\/en\/wp-json\/wp\/v2\/comments?post=2890"}],"wp:featuredmedia":[{"embeddable":true,"href":"https:\/\/mattia.com\/en\/wp-json\/wp\/v2\/media\/2894"}],"wp:attachment":[{"href":"https:\/\/mattia.com\/en\/wp-json\/wp\/v2\/media?parent=2890"}],"wp:term":[{"taxonomy":"product_brand","embeddable":true,"href":"https:\/\/mattia.com\/en\/wp-json\/wp\/v2\/product_brand?post=2890"},{"taxonomy":"product_cat","embeddable":true,"href":"https:\/\/mattia.com\/en\/wp-json\/wp\/v2\/product_cat?post=2890"},{"taxonomy":"product_tag","embeddable":true,"href":"https:\/\/mattia.com\/en\/wp-json\/wp\/v2\/product_tag?post=2890"}],"curies":[{"name":"wp","href":"https:\/\/api.w.org\/{rel}","templated":true}]}}