{"id":3053,"date":"2023-02-09T08:44:41","date_gmt":"2023-02-09T07:44:41","guid":{"rendered":"https:\/\/mattia.com\/?post_type=product&#038;p=3053"},"modified":"2025-05-13T10:29:29","modified_gmt":"2025-05-13T09:29:29","slug":"textilplatta-melkea-grand-591","status":"publish","type":"product","link":"https:\/\/mattia.com\/en\/produkt\/textilplatta-melkea-grand-591\/","title":{"rendered":"Textilplatta Melkea Grand 591"},"content":{"rendered":"<p>Popul\u00e4r textilplatta med mjuk och sk\u00f6n \u00f6glad lugg. Lyxig k\u00e4nsla som p\u00e5minner om ull i stilen.<br \/>\nFinns i ett par utvalda nyanser. <\/p>\n<p>Detta \u00e4r ett bra altrenativ till Heuga 530 fr\u00e5n Interface.<\/p>\n","protected":false},"excerpt":{"rendered":"<p>Popul\u00e4r textilplatta med mjuk och sk\u00f6n \u00f6glad lugg. Lyxig k\u00e4nsla som p\u00e5minner om ull i stilen.<br \/>\nFinns i ett par utvalda nyanser. <\/p>\n<p>Detta \u00e4r ett bra altrenativ till Heuga 530 fr\u00e5n Interface.<\/p>\n","protected":false},"featured_media":3054,"comment_status":"closed","ping_status":"closed","template":"","meta":{"_acf_changed":false},"product_brand":[],"product_cat":[141,60,20,137],"product_tag":[],"class_list":{"0":"post-3053","1":"product","2":"type-product","3":"status-publish","4":"has-post-thumbnail","6":"product_cat-textilplattor","7":"product_cat-alla-produkter","8":"product_cat-melkea-textilplattor","9":"product_cat-grand","10":"pa_farg-svart","11":"pa_produktklass-33-hard-pafrastning","12":"pa_sortering-1-a-sort","13":"pa_storlek-per-platta-cm-50x50","14":"pa_varumarke-mattia","15":"tm-no-options","17":"first","18":"instock","19":"taxable","20":"shipping-taxable","21":"purchasable","22":"product-type-simple"},"composite_layout":"","composite_add_to_cart_form_location":"","composite_editable_in_cart":false,"composite_sold_individually_context":"","composite_shop_price_calc":"","composite_components":[],"composite_scenarios":[],"acf":[],"yoast_head":"<!-- This site is optimized with the Yoast SEO plugin v24.3 - https:\/\/yoast.com\/wordpress\/plugins\/seo\/ -->\n<title>Textilplatta Melkea Grand 591 | Mattia<\/title>\n<meta name=\"description\" content=\"K\u00f6p Textilplatta Melkea Grand 591 hos Mattia. H\u00f6g kvalitet till marknadens b\u00e4sta priser med snabb leverans och fri frakt!\" \/>\n<meta name=\"robots\" content=\"index, follow, max-snippet:-1, max-image-preview:large, max-video-preview:-1\" \/>\n<link rel=\"canonical\" href=\"https:\/\/mattia.com\/produkt\/textilplatta-melkea-grand-591\/\" \/>\n<meta property=\"og:locale\" content=\"en_US\" \/>\n<meta property=\"og:type\" content=\"article\" \/>\n<meta property=\"og:title\" content=\"Textilplatta Melkea Grand 591 | Mattia\" \/>\n<meta property=\"og:description\" content=\"K\u00f6p Textilplatta Melkea Grand 591 hos Mattia. H\u00f6g kvalitet till marknadens b\u00e4sta priser med snabb leverans och fri frakt!\" \/>\n<meta property=\"og:url\" content=\"https:\/\/mattia.com\/produkt\/textilplatta-melkea-grand-591\/\" \/>\n<meta property=\"og:site_name\" content=\"Mattia\" \/>\n<meta property=\"article:publisher\" content=\"https:\/\/www.facebook.com\/Textilplattor\" \/>\n<meta property=\"article:modified_time\" content=\"2025-05-13T09:29:29+00:00\" \/>\n<meta property=\"og:image\" content=\"https:\/\/mattia.com\/wp-content\/uploads\/2023\/02\/Textilplatta-Melkea-Grand-591-scaled.jpg\" \/>\n\t<meta property=\"og:image:width\" content=\"2560\" \/>\n\t<meta property=\"og:image:height\" content=\"2528\" \/>\n\t<meta property=\"og:image:type\" content=\"image\/jpeg\" \/>\n<meta name=\"twitter:card\" content=\"summary_large_image\" \/>\n<meta name=\"twitter:label1\" content=\"Est. reading time\" \/>\n\t<meta name=\"twitter:data1\" content=\"1 minute\" \/>\n<script type=\"application\/ld+json\" class=\"yoast-schema-graph\">{\"@context\":\"https:\/\/schema.org\",\"@graph\":[{\"@type\":\"WebPage\",\"@id\":\"https:\/\/mattia.com\/produkt\/textilplatta-melkea-grand-591\/\",\"url\":\"https:\/\/mattia.com\/produkt\/textilplatta-melkea-grand-591\/\",\"name\":\"Textilplatta Melkea Grand 591 | Mattia\",\"isPartOf\":{\"@id\":\"https:\/\/mattia.com\/#website\"},\"primaryImageOfPage\":{\"@id\":\"https:\/\/mattia.com\/produkt\/textilplatta-melkea-grand-591\/#primaryimage\"},\"image\":{\"@id\":\"https:\/\/mattia.com\/produkt\/textilplatta-melkea-grand-591\/#primaryimage\"},\"thumbnailUrl\":\"https:\/\/mattia.com\/wp-content\/uploads\/2023\/02\/Textilplatta-Melkea-Grand-591-scaled.jpg\",\"datePublished\":\"2023-02-09T07:44:41+00:00\",\"dateModified\":\"2025-05-13T09:29:29+00:00\",\"description\":\"K\u00f6p Textilplatta Melkea Grand 591 hos Mattia. H\u00f6g kvalitet till marknadens b\u00e4sta priser med snabb leverans och fri frakt!\",\"breadcrumb\":{\"@id\":\"https:\/\/mattia.com\/produkt\/textilplatta-melkea-grand-591\/#breadcrumb\"},\"inLanguage\":\"en-US\",\"potentialAction\":[{\"@type\":\"ReadAction\",\"target\":[\"https:\/\/mattia.com\/produkt\/textilplatta-melkea-grand-591\/\"]}]},{\"@type\":\"ImageObject\",\"inLanguage\":\"en-US\",\"@id\":\"https:\/\/mattia.com\/produkt\/textilplatta-melkea-grand-591\/#primaryimage\",\"url\":\"https:\/\/mattia.com\/wp-content\/uploads\/2023\/02\/Textilplatta-Melkea-Grand-591-scaled.jpg\",\"contentUrl\":\"https:\/\/mattia.com\/wp-content\/uploads\/2023\/02\/Textilplatta-Melkea-Grand-591-scaled.jpg\",\"width\":2560,\"height\":2528,\"caption\":\"Svart textilmatta Melkea Grand\"},{\"@type\":\"BreadcrumbList\",\"@id\":\"https:\/\/mattia.com\/produkt\/textilplatta-melkea-grand-591\/#breadcrumb\",\"itemListElement\":[{\"@type\":\"ListItem\",\"position\":1,\"name\":\"Hem\",\"item\":\"https:\/\/mattia.com\/\"},{\"@type\":\"ListItem\",\"position\":2,\"name\":\"Textilplattor\",\"item\":\"https:\/\/mattia.com\/shop\/\"},{\"@type\":\"ListItem\",\"position\":3,\"name\":\"Mattia\",\"item\":\"https:\/\/mattia.com\/varumarke\/mattia\/\"},{\"@type\":\"ListItem\",\"position\":4,\"name\":\"Textilplatta Melkea Grand 591\"}]},{\"@type\":\"WebSite\",\"@id\":\"https:\/\/mattia.com\/#website\",\"url\":\"https:\/\/mattia.com\/\",\"name\":\"Mattia\",\"description\":\"Textilplattor till marknadens b\u00e4sta priser\",\"publisher\":{\"@id\":\"https:\/\/mattia.com\/#organization\"},\"potentialAction\":[{\"@type\":\"SearchAction\",\"target\":{\"@type\":\"EntryPoint\",\"urlTemplate\":\"https:\/\/mattia.com\/?s={search_term_string}\"},\"query-input\":{\"@type\":\"PropertyValueSpecification\",\"valueRequired\":true,\"valueName\":\"search_term_string\"}}],\"inLanguage\":\"en-US\"},{\"@type\":\"Organization\",\"@id\":\"https:\/\/mattia.com\/#organization\",\"name\":\"Mattia AB\",\"alternateName\":\"Mattia\",\"url\":\"https:\/\/mattia.com\/\",\"logo\":{\"@type\":\"ImageObject\",\"inLanguage\":\"en-US\",\"@id\":\"https:\/\/mattia.com\/#\/schema\/logo\/image\/\",\"url\":\"https:\/\/mattia.com\/wp-content\/uploads\/2020\/04\/logotype-1.png\",\"contentUrl\":\"https:\/\/mattia.com\/wp-content\/uploads\/2020\/04\/logotype-1.png\",\"width\":319,\"height\":90,\"caption\":\"Mattia AB\"},\"image\":{\"@id\":\"https:\/\/mattia.com\/#\/schema\/logo\/image\/\"},\"sameAs\":[\"https:\/\/www.facebook.com\/Textilplattor\"]}]}<\/script>\n<!-- \/ Yoast SEO plugin. -->","yoast_head_json":{"title":"Textilplatta Melkea Grand 591 | Mattia","description":"K\u00f6p Textilplatta Melkea Grand 591 hos Mattia. H\u00f6g kvalitet till marknadens b\u00e4sta priser med snabb leverans och fri frakt!","robots":{"index":"index","follow":"follow","max-snippet":"max-snippet:-1","max-image-preview":"max-image-preview:large","max-video-preview":"max-video-preview:-1"},"canonical":"https:\/\/mattia.com\/produkt\/textilplatta-melkea-grand-591\/","og_locale":"en_US","og_type":"article","og_title":"Textilplatta Melkea Grand 591 | Mattia","og_description":"K\u00f6p Textilplatta Melkea Grand 591 hos Mattia. H\u00f6g kvalitet till marknadens b\u00e4sta priser med snabb leverans och fri frakt!","og_url":"https:\/\/mattia.com\/produkt\/textilplatta-melkea-grand-591\/","og_site_name":"Mattia","article_publisher":"https:\/\/www.facebook.com\/Textilplattor","article_modified_time":"2025-05-13T09:29:29+00:00","og_image":[{"width":2560,"height":2528,"url":"https:\/\/mattia.com\/wp-content\/uploads\/2023\/02\/Textilplatta-Melkea-Grand-591-scaled.jpg","type":"image\/jpeg"}],"twitter_card":"summary_large_image","twitter_misc":{"Est. reading time":"1 minute"},"schema":{"@context":"https:\/\/schema.org","@graph":[{"@type":"WebPage","@id":"https:\/\/mattia.com\/produkt\/textilplatta-melkea-grand-591\/","url":"https:\/\/mattia.com\/produkt\/textilplatta-melkea-grand-591\/","name":"Textilplatta Melkea Grand 591 | Mattia","isPartOf":{"@id":"https:\/\/mattia.com\/#website"},"primaryImageOfPage":{"@id":"https:\/\/mattia.com\/produkt\/textilplatta-melkea-grand-591\/#primaryimage"},"image":{"@id":"https:\/\/mattia.com\/produkt\/textilplatta-melkea-grand-591\/#primaryimage"},"thumbnailUrl":"https:\/\/mattia.com\/wp-content\/uploads\/2023\/02\/Textilplatta-Melkea-Grand-591-scaled.jpg","datePublished":"2023-02-09T07:44:41+00:00","dateModified":"2025-05-13T09:29:29+00:00","description":"K\u00f6p Textilplatta Melkea Grand 591 hos Mattia. H\u00f6g kvalitet till marknadens b\u00e4sta priser med snabb leverans och fri frakt!","breadcrumb":{"@id":"https:\/\/mattia.com\/produkt\/textilplatta-melkea-grand-591\/#breadcrumb"},"inLanguage":"en-US","potentialAction":[{"@type":"ReadAction","target":["https:\/\/mattia.com\/produkt\/textilplatta-melkea-grand-591\/"]}]},{"@type":"ImageObject","inLanguage":"en-US","@id":"https:\/\/mattia.com\/produkt\/textilplatta-melkea-grand-591\/#primaryimage","url":"https:\/\/mattia.com\/wp-content\/uploads\/2023\/02\/Textilplatta-Melkea-Grand-591-scaled.jpg","contentUrl":"https:\/\/mattia.com\/wp-content\/uploads\/2023\/02\/Textilplatta-Melkea-Grand-591-scaled.jpg","width":2560,"height":2528,"caption":"Svart textilmatta Melkea Grand"},{"@type":"BreadcrumbList","@id":"https:\/\/mattia.com\/produkt\/textilplatta-melkea-grand-591\/#breadcrumb","itemListElement":[{"@type":"ListItem","position":1,"name":"Hem","item":"https:\/\/mattia.com\/"},{"@type":"ListItem","position":2,"name":"Textilplattor","item":"https:\/\/mattia.com\/shop\/"},{"@type":"ListItem","position":3,"name":"Mattia","item":"https:\/\/mattia.com\/varumarke\/mattia\/"},{"@type":"ListItem","position":4,"name":"Textilplatta Melkea Grand 591"}]},{"@type":"WebSite","@id":"https:\/\/mattia.com\/#website","url":"https:\/\/mattia.com\/","name":"Mattia","description":"Textilplattor till marknadens b\u00e4sta priser","publisher":{"@id":"https:\/\/mattia.com\/#organization"},"potentialAction":[{"@type":"SearchAction","target":{"@type":"EntryPoint","urlTemplate":"https:\/\/mattia.com\/?s={search_term_string}"},"query-input":{"@type":"PropertyValueSpecification","valueRequired":true,"valueName":"search_term_string"}}],"inLanguage":"en-US"},{"@type":"Organization","@id":"https:\/\/mattia.com\/#organization","name":"Mattia AB","alternateName":"Mattia","url":"https:\/\/mattia.com\/","logo":{"@type":"ImageObject","inLanguage":"en-US","@id":"https:\/\/mattia.com\/#\/schema\/logo\/image\/","url":"https:\/\/mattia.com\/wp-content\/uploads\/2020\/04\/logotype-1.png","contentUrl":"https:\/\/mattia.com\/wp-content\/uploads\/2020\/04\/logotype-1.png","width":319,"height":90,"caption":"Mattia AB"},"image":{"@id":"https:\/\/mattia.com\/#\/schema\/logo\/image\/"},"sameAs":["https:\/\/www.facebook.com\/Textilplattor"]}]}},"_links":{"self":[{"href":"https:\/\/mattia.com\/en\/wp-json\/wp\/v2\/product\/3053","targetHints":{"allow":["GET"]}}],"collection":[{"href":"https:\/\/mattia.com\/en\/wp-json\/wp\/v2\/product"}],"about":[{"href":"https:\/\/mattia.com\/en\/wp-json\/wp\/v2\/types\/product"}],"replies":[{"embeddable":true,"href":"https:\/\/mattia.com\/en\/wp-json\/wp\/v2\/comments?post=3053"}],"wp:featuredmedia":[{"embeddable":true,"href":"https:\/\/mattia.com\/en\/wp-json\/wp\/v2\/media\/3054"}],"wp:attachment":[{"href":"https:\/\/mattia.com\/en\/wp-json\/wp\/v2\/media?parent=3053"}],"wp:term":[{"taxonomy":"product_brand","embeddable":true,"href":"https:\/\/mattia.com\/en\/wp-json\/wp\/v2\/product_brand?post=3053"},{"taxonomy":"product_cat","embeddable":true,"href":"https:\/\/mattia.com\/en\/wp-json\/wp\/v2\/product_cat?post=3053"},{"taxonomy":"product_tag","embeddable":true,"href":"https:\/\/mattia.com\/en\/wp-json\/wp\/v2\/product_tag?post=3053"}],"curies":[{"name":"wp","href":"https:\/\/api.w.org\/{rel}","templated":true}]}}