{"id":3127,"date":"2023-04-19T08:07:46","date_gmt":"2023-04-19T07:07:46","guid":{"rendered":"https:\/\/mattia.com\/?post_type=product&#038;p=3127"},"modified":"2024-05-07T15:15:34","modified_gmt":"2024-05-07T14:15:34","slug":"textilplatta-melkea-entrema-antracit","status":"publish","type":"product","link":"https:\/\/mattia.com\/en\/produkt\/textilplatta-melkea-entrema-antracit\/","title":{"rendered":"Textilplatta Melkea Entrema Antracit"},"content":{"rendered":"<p>V\u00e5r textilmatta Entrema l\u00e4mpar sig fr\u00e4mst f\u00f6r entr\u00e9er, korridorer och ytor d\u00e4r skrapfunktion \u00e4r en f\u00f6rdel.<br \/>\nL\u00e5t denna textila platta ta hand om smuts, grus och dylikt f\u00f6r att h\u00e5lla \u00f6vrig yta s\u00e5 ren och fr\u00e4sch som m\u00f6jligt.<\/p>\n<p>Textilmattor som placeras vid ing\u00e5ngen till en byggnad eller ett rum f\u00f6r att hj\u00e4lpa till att ta bort smuts och skr\u00e4p fr\u00e5n skor innan de g\u00e5r in. Entr\u00e9mattor kan ocks\u00e5 bidra till att minska risken f\u00f6r halka och fall genom att ge en halkfri yta. Dessutom kan entr\u00e9mattor f\u00f6rst\u00e4rka ett utrymmes estetiska tilltalande genom att l\u00e4gga till f\u00e4rg, struktur och design<\/p>\n<p>Dessa textilplattor \u00e4r 50&#215;50 cm och har lite olika installationsm\u00f6jligheter beroende p\u00e5 vilket m\u00f6nster man \u00f6nskar.<\/p>\n","protected":false},"excerpt":{"rendered":"<p>V\u00e5r textilmatta Entrema l\u00e4mpar sig fr\u00e4mst f\u00f6r entr\u00e9er, korridorer och ytor d\u00e4r skrapfunktion \u00e4r en f\u00f6rdel.<br \/>\nL\u00e5t denna textila platta ta hand om smuts, grus och dylikt f\u00f6r att h\u00e5lla \u00f6vrig yta s\u00e5 ren och fr\u00e4sch som m\u00f6jligt.<\/p>\n<p>Textilmattor som placeras vid ing\u00e5ngen till en byggnad eller ett rum f\u00f6r att hj\u00e4lpa till att ta bort smuts och skr\u00e4p fr\u00e5n skor innan de g\u00e5r in. Entr\u00e9mattor kan ocks\u00e5 bidra till att minska risken f\u00f6r halka och fall genom att ge en halkfri yta. Dessutom kan entr\u00e9mattor f\u00f6rst\u00e4rka ett utrymmes estetiska tilltalande genom att l\u00e4gga till f\u00e4rg, struktur och design<\/p>\n<p>Dessa textilplattor \u00e4r 50&#215;50 cm och har lite olika installationsm\u00f6jligheter beroende p\u00e5 vilket m\u00f6nster man \u00f6nskar.<\/p>\n","protected":false},"featured_media":3128,"comment_status":"closed","ping_status":"closed","template":"","meta":{"_acf_changed":false},"product_brand":[],"product_cat":[141,60,20,158,24],"product_tag":[],"class_list":{"0":"post-3127","1":"product","2":"type-product","3":"status-publish","4":"has-post-thumbnail","6":"product_cat-textilplattor","7":"product_cat-alla-produkter","8":"product_cat-melkea-textilplattor","9":"product_cat-entrema","10":"product_cat-rea-tillfalliga-partier","11":"pa_farg-svart","12":"pa_produktklass-33-hard-pafrastning","13":"pa_sortering-1-a-sort","14":"pa_storlek-per-platta-cm-50x50","15":"pa_varumarke-mattia","16":"tm-no-options","18":"first","19":"instock","20":"sale","21":"taxable","22":"shipping-taxable","23":"purchasable","24":"product-type-simple"},"composite_layout":"","composite_add_to_cart_form_location":"","composite_editable_in_cart":false,"composite_sold_individually_context":"","composite_shop_price_calc":"","composite_components":[],"composite_scenarios":[],"acf":[],"yoast_head":"<!-- This site is optimized with the Yoast SEO plugin v24.3 - https:\/\/yoast.com\/wordpress\/plugins\/seo\/ -->\n<title>Textilplatta Melkea Entrema Antracit | Mattia<\/title>\n<meta name=\"description\" content=\"K\u00f6p Textilplatta Melkea Entrema Antracit hos Mattia. H\u00f6g kvalitet till marknadens b\u00e4sta priser med snabb leverans och fri frakt!\" \/>\n<meta name=\"robots\" content=\"index, follow, max-snippet:-1, max-image-preview:large, max-video-preview:-1\" \/>\n<link rel=\"canonical\" href=\"https:\/\/mattia.com\/produkt\/textilplatta-melkea-entrema-antracit\/\" \/>\n<meta property=\"og:locale\" content=\"en_US\" \/>\n<meta property=\"og:type\" content=\"article\" \/>\n<meta property=\"og:title\" content=\"Textilplatta Melkea Entrema Antracit | Mattia\" \/>\n<meta property=\"og:description\" content=\"K\u00f6p Textilplatta Melkea Entrema Antracit hos Mattia. H\u00f6g kvalitet till marknadens b\u00e4sta priser med snabb leverans och fri frakt!\" \/>\n<meta property=\"og:url\" content=\"https:\/\/mattia.com\/produkt\/textilplatta-melkea-entrema-antracit\/\" \/>\n<meta property=\"og:site_name\" content=\"Mattia\" \/>\n<meta property=\"article:publisher\" content=\"https:\/\/www.facebook.com\/Textilplattor\" \/>\n<meta property=\"article:modified_time\" content=\"2024-05-07T14:15:34+00:00\" \/>\n<meta property=\"og:image\" content=\"https:\/\/mattia.com\/wp-content\/uploads\/2023\/04\/Entrema.jpg\" \/>\n\t<meta property=\"og:image:width\" content=\"900\" \/>\n\t<meta property=\"og:image:height\" content=\"900\" \/>\n\t<meta property=\"og:image:type\" content=\"image\/jpeg\" \/>\n<meta name=\"twitter:card\" content=\"summary_large_image\" \/>\n<meta name=\"twitter:label1\" content=\"Est. reading time\" \/>\n\t<meta name=\"twitter:data1\" content=\"1 minute\" \/>\n<script type=\"application\/ld+json\" class=\"yoast-schema-graph\">{\"@context\":\"https:\/\/schema.org\",\"@graph\":[{\"@type\":\"WebPage\",\"@id\":\"https:\/\/mattia.com\/produkt\/textilplatta-melkea-entrema-antracit\/\",\"url\":\"https:\/\/mattia.com\/produkt\/textilplatta-melkea-entrema-antracit\/\",\"name\":\"Textilplatta Melkea Entrema Antracit | Mattia\",\"isPartOf\":{\"@id\":\"https:\/\/mattia.com\/#website\"},\"primaryImageOfPage\":{\"@id\":\"https:\/\/mattia.com\/produkt\/textilplatta-melkea-entrema-antracit\/#primaryimage\"},\"image\":{\"@id\":\"https:\/\/mattia.com\/produkt\/textilplatta-melkea-entrema-antracit\/#primaryimage\"},\"thumbnailUrl\":\"https:\/\/mattia.com\/wp-content\/uploads\/2023\/04\/Entrema.jpg\",\"datePublished\":\"2023-04-19T07:07:46+00:00\",\"dateModified\":\"2024-05-07T14:15:34+00:00\",\"description\":\"K\u00f6p Textilplatta Melkea Entrema Antracit hos Mattia. H\u00f6g kvalitet till marknadens b\u00e4sta priser med snabb leverans och fri frakt!\",\"breadcrumb\":{\"@id\":\"https:\/\/mattia.com\/produkt\/textilplatta-melkea-entrema-antracit\/#breadcrumb\"},\"inLanguage\":\"en-US\",\"potentialAction\":[{\"@type\":\"ReadAction\",\"target\":[\"https:\/\/mattia.com\/produkt\/textilplatta-melkea-entrema-antracit\/\"]}]},{\"@type\":\"ImageObject\",\"inLanguage\":\"en-US\",\"@id\":\"https:\/\/mattia.com\/produkt\/textilplatta-melkea-entrema-antracit\/#primaryimage\",\"url\":\"https:\/\/mattia.com\/wp-content\/uploads\/2023\/04\/Entrema.jpg\",\"contentUrl\":\"https:\/\/mattia.com\/wp-content\/uploads\/2023\/04\/Entrema.jpg\",\"width\":900,\"height\":900,\"caption\":\"textilmatta entrema\"},{\"@type\":\"BreadcrumbList\",\"@id\":\"https:\/\/mattia.com\/produkt\/textilplatta-melkea-entrema-antracit\/#breadcrumb\",\"itemListElement\":[{\"@type\":\"ListItem\",\"position\":1,\"name\":\"Hem\",\"item\":\"https:\/\/mattia.com\/\"},{\"@type\":\"ListItem\",\"position\":2,\"name\":\"Textilplattor\",\"item\":\"https:\/\/mattia.com\/shop\/\"},{\"@type\":\"ListItem\",\"position\":3,\"name\":\"Mattia\",\"item\":\"https:\/\/mattia.com\/varumarke\/mattia\/\"},{\"@type\":\"ListItem\",\"position\":4,\"name\":\"Textilplatta Melkea Entrema Antracit\"}]},{\"@type\":\"WebSite\",\"@id\":\"https:\/\/mattia.com\/#website\",\"url\":\"https:\/\/mattia.com\/\",\"name\":\"Mattia\",\"description\":\"Textilplattor till marknadens b\u00e4sta priser\",\"publisher\":{\"@id\":\"https:\/\/mattia.com\/#organization\"},\"potentialAction\":[{\"@type\":\"SearchAction\",\"target\":{\"@type\":\"EntryPoint\",\"urlTemplate\":\"https:\/\/mattia.com\/?s={search_term_string}\"},\"query-input\":{\"@type\":\"PropertyValueSpecification\",\"valueRequired\":true,\"valueName\":\"search_term_string\"}}],\"inLanguage\":\"en-US\"},{\"@type\":\"Organization\",\"@id\":\"https:\/\/mattia.com\/#organization\",\"name\":\"Mattia AB\",\"alternateName\":\"Mattia\",\"url\":\"https:\/\/mattia.com\/\",\"logo\":{\"@type\":\"ImageObject\",\"inLanguage\":\"en-US\",\"@id\":\"https:\/\/mattia.com\/#\/schema\/logo\/image\/\",\"url\":\"https:\/\/mattia.com\/wp-content\/uploads\/2020\/04\/logotype-1.png\",\"contentUrl\":\"https:\/\/mattia.com\/wp-content\/uploads\/2020\/04\/logotype-1.png\",\"width\":319,\"height\":90,\"caption\":\"Mattia AB\"},\"image\":{\"@id\":\"https:\/\/mattia.com\/#\/schema\/logo\/image\/\"},\"sameAs\":[\"https:\/\/www.facebook.com\/Textilplattor\"]}]}<\/script>\n<!-- \/ Yoast SEO plugin. -->","yoast_head_json":{"title":"Textilplatta Melkea Entrema Antracit | Mattia","description":"K\u00f6p Textilplatta Melkea Entrema Antracit hos Mattia. H\u00f6g kvalitet till marknadens b\u00e4sta priser med snabb leverans och fri frakt!","robots":{"index":"index","follow":"follow","max-snippet":"max-snippet:-1","max-image-preview":"max-image-preview:large","max-video-preview":"max-video-preview:-1"},"canonical":"https:\/\/mattia.com\/produkt\/textilplatta-melkea-entrema-antracit\/","og_locale":"en_US","og_type":"article","og_title":"Textilplatta Melkea Entrema Antracit | Mattia","og_description":"K\u00f6p Textilplatta Melkea Entrema Antracit hos Mattia. H\u00f6g kvalitet till marknadens b\u00e4sta priser med snabb leverans och fri frakt!","og_url":"https:\/\/mattia.com\/produkt\/textilplatta-melkea-entrema-antracit\/","og_site_name":"Mattia","article_publisher":"https:\/\/www.facebook.com\/Textilplattor","article_modified_time":"2024-05-07T14:15:34+00:00","og_image":[{"width":900,"height":900,"url":"https:\/\/mattia.com\/wp-content\/uploads\/2023\/04\/Entrema.jpg","type":"image\/jpeg"}],"twitter_card":"summary_large_image","twitter_misc":{"Est. reading time":"1 minute"},"schema":{"@context":"https:\/\/schema.org","@graph":[{"@type":"WebPage","@id":"https:\/\/mattia.com\/produkt\/textilplatta-melkea-entrema-antracit\/","url":"https:\/\/mattia.com\/produkt\/textilplatta-melkea-entrema-antracit\/","name":"Textilplatta Melkea Entrema Antracit | Mattia","isPartOf":{"@id":"https:\/\/mattia.com\/#website"},"primaryImageOfPage":{"@id":"https:\/\/mattia.com\/produkt\/textilplatta-melkea-entrema-antracit\/#primaryimage"},"image":{"@id":"https:\/\/mattia.com\/produkt\/textilplatta-melkea-entrema-antracit\/#primaryimage"},"thumbnailUrl":"https:\/\/mattia.com\/wp-content\/uploads\/2023\/04\/Entrema.jpg","datePublished":"2023-04-19T07:07:46+00:00","dateModified":"2024-05-07T14:15:34+00:00","description":"K\u00f6p Textilplatta Melkea Entrema Antracit hos Mattia. H\u00f6g kvalitet till marknadens b\u00e4sta priser med snabb leverans och fri frakt!","breadcrumb":{"@id":"https:\/\/mattia.com\/produkt\/textilplatta-melkea-entrema-antracit\/#breadcrumb"},"inLanguage":"en-US","potentialAction":[{"@type":"ReadAction","target":["https:\/\/mattia.com\/produkt\/textilplatta-melkea-entrema-antracit\/"]}]},{"@type":"ImageObject","inLanguage":"en-US","@id":"https:\/\/mattia.com\/produkt\/textilplatta-melkea-entrema-antracit\/#primaryimage","url":"https:\/\/mattia.com\/wp-content\/uploads\/2023\/04\/Entrema.jpg","contentUrl":"https:\/\/mattia.com\/wp-content\/uploads\/2023\/04\/Entrema.jpg","width":900,"height":900,"caption":"textilmatta entrema"},{"@type":"BreadcrumbList","@id":"https:\/\/mattia.com\/produkt\/textilplatta-melkea-entrema-antracit\/#breadcrumb","itemListElement":[{"@type":"ListItem","position":1,"name":"Hem","item":"https:\/\/mattia.com\/"},{"@type":"ListItem","position":2,"name":"Textilplattor","item":"https:\/\/mattia.com\/shop\/"},{"@type":"ListItem","position":3,"name":"Mattia","item":"https:\/\/mattia.com\/varumarke\/mattia\/"},{"@type":"ListItem","position":4,"name":"Textilplatta Melkea Entrema Antracit"}]},{"@type":"WebSite","@id":"https:\/\/mattia.com\/#website","url":"https:\/\/mattia.com\/","name":"Mattia","description":"Textilplattor till marknadens b\u00e4sta priser","publisher":{"@id":"https:\/\/mattia.com\/#organization"},"potentialAction":[{"@type":"SearchAction","target":{"@type":"EntryPoint","urlTemplate":"https:\/\/mattia.com\/?s={search_term_string}"},"query-input":{"@type":"PropertyValueSpecification","valueRequired":true,"valueName":"search_term_string"}}],"inLanguage":"en-US"},{"@type":"Organization","@id":"https:\/\/mattia.com\/#organization","name":"Mattia AB","alternateName":"Mattia","url":"https:\/\/mattia.com\/","logo":{"@type":"ImageObject","inLanguage":"en-US","@id":"https:\/\/mattia.com\/#\/schema\/logo\/image\/","url":"https:\/\/mattia.com\/wp-content\/uploads\/2020\/04\/logotype-1.png","contentUrl":"https:\/\/mattia.com\/wp-content\/uploads\/2020\/04\/logotype-1.png","width":319,"height":90,"caption":"Mattia AB"},"image":{"@id":"https:\/\/mattia.com\/#\/schema\/logo\/image\/"},"sameAs":["https:\/\/www.facebook.com\/Textilplattor"]}]}},"_links":{"self":[{"href":"https:\/\/mattia.com\/en\/wp-json\/wp\/v2\/product\/3127","targetHints":{"allow":["GET"]}}],"collection":[{"href":"https:\/\/mattia.com\/en\/wp-json\/wp\/v2\/product"}],"about":[{"href":"https:\/\/mattia.com\/en\/wp-json\/wp\/v2\/types\/product"}],"replies":[{"embeddable":true,"href":"https:\/\/mattia.com\/en\/wp-json\/wp\/v2\/comments?post=3127"}],"wp:featuredmedia":[{"embeddable":true,"href":"https:\/\/mattia.com\/en\/wp-json\/wp\/v2\/media\/3128"}],"wp:attachment":[{"href":"https:\/\/mattia.com\/en\/wp-json\/wp\/v2\/media?parent=3127"}],"wp:term":[{"taxonomy":"product_brand","embeddable":true,"href":"https:\/\/mattia.com\/en\/wp-json\/wp\/v2\/product_brand?post=3127"},{"taxonomy":"product_cat","embeddable":true,"href":"https:\/\/mattia.com\/en\/wp-json\/wp\/v2\/product_cat?post=3127"},{"taxonomy":"product_tag","embeddable":true,"href":"https:\/\/mattia.com\/en\/wp-json\/wp\/v2\/product_tag?post=3127"}],"curies":[{"name":"wp","href":"https:\/\/api.w.org\/{rel}","templated":true}]}}