{"id":3587,"date":"2024-03-27T13:20:18","date_gmt":"2024-03-27T12:20:18","guid":{"rendered":"https:\/\/mattia.com\/?post_type=product&#038;p=3587"},"modified":"2025-05-13T10:23:57","modified_gmt":"2025-05-13T09:23:57","slug":"textilplatta-melkea-office-33-261","status":"publish","type":"product","link":"https:\/\/mattia.com\/en\/produkt\/textilplatta-melkea-office-33-261\/","title":{"rendered":"Textilplatta Melkea Office 33 &#8211; 216"},"content":{"rendered":"<p>Melkea Office 33 &#8211; 216 \u00e4r ett melerat beige textilgolv. Slitstark och l\u00e4ttst\u00e4dad matta<br \/>\nsom passar bra till kontor, butik och liknande utrymme.<\/p>\n<p>F\u00f6rslag p\u00e5 anv\u00e4ndingsomr\u00e5de: Ljudd\u00e4mpande textilplattor konferensrum<\/p>\n","protected":false},"excerpt":{"rendered":"<p><strong>ORDINARIE PRIS 279 KR\/KVM<\/strong><\/p>\n<p>Melkea Office 33 &#8211; 216 \u00e4r ett melerat beige textilgolv. Slitstark och l\u00e4ttst\u00e4dad matta<br \/>\nsom passar bra till kontor, butik och liknande utrymme.<\/p>\n<p>F\u00f6rslag p\u00e5 anv\u00e4ndingsomr\u00e5de: Ljudd\u00e4mpande textilplattor konferensrum<\/p>\n","protected":false},"featured_media":3584,"comment_status":"closed","ping_status":"closed","template":"","meta":{"_acf_changed":false},"product_brand":[],"product_cat":[141,60,20,140],"product_tag":[],"class_list":{"0":"post-3587","1":"product","2":"type-product","3":"status-publish","4":"has-post-thumbnail","6":"product_cat-textilplattor","7":"product_cat-alla-produkter","8":"product_cat-melkea-textilplattor","9":"product_cat-office-33","10":"pa_farg-beige","11":"pa_hojd-lugg-3mm","12":"pa_produktklass-33-hard-pafrastning","13":"pa_storlek-per-platta-cm-50x50","14":"pa_total-tjocklek-mm-5mm","15":"pa_varumarke-mattia","16":"tm-no-options","18":"first","19":"instock","20":"taxable","21":"shipping-taxable","22":"purchasable","23":"product-type-simple"},"composite_layout":"","composite_add_to_cart_form_location":"","composite_editable_in_cart":false,"composite_sold_individually_context":"","composite_shop_price_calc":"","composite_components":[],"composite_scenarios":[],"acf":[],"yoast_head":"<!-- This site is optimized with the Yoast SEO plugin v24.3 - https:\/\/yoast.com\/wordpress\/plugins\/seo\/ -->\n<title>Textilplatta Melkea Office 33 - 216 | Mattia<\/title>\n<meta name=\"description\" content=\"K\u00f6p Textilplatta Melkea Office 33 - 216 hos Mattia. H\u00f6g kvalitet till marknadens b\u00e4sta priser med snabb leverans och fri frakt!\" \/>\n<meta name=\"robots\" content=\"index, follow, max-snippet:-1, max-image-preview:large, max-video-preview:-1\" \/>\n<link rel=\"canonical\" href=\"https:\/\/mattia.com\/produkt\/textilplatta-melkea-office-33-261\/\" \/>\n<meta property=\"og:locale\" content=\"en_US\" \/>\n<meta property=\"og:type\" content=\"article\" \/>\n<meta property=\"og:title\" content=\"Textilplatta Melkea Office 33 - 216 | Mattia\" \/>\n<meta property=\"og:description\" content=\"K\u00f6p Textilplatta Melkea Office 33 - 216 hos Mattia. H\u00f6g kvalitet till marknadens b\u00e4sta priser med snabb leverans och fri frakt!\" \/>\n<meta property=\"og:url\" content=\"https:\/\/mattia.com\/produkt\/textilplatta-melkea-office-33-261\/\" \/>\n<meta property=\"og:site_name\" content=\"Mattia\" \/>\n<meta property=\"article:publisher\" content=\"https:\/\/www.facebook.com\/Textilplattor\" \/>\n<meta property=\"article:modified_time\" content=\"2025-05-13T09:23:57+00:00\" \/>\n<meta property=\"og:image\" content=\"https:\/\/mattia.com\/wp-content\/uploads\/2024\/03\/Melkea-Office-33-216-1017x1024.jpg\" \/>\n\t<meta property=\"og:image:width\" content=\"1017\" \/>\n\t<meta property=\"og:image:height\" content=\"1024\" \/>\n\t<meta property=\"og:image:type\" content=\"image\/jpeg\" \/>\n<meta name=\"twitter:card\" content=\"summary_large_image\" \/>\n<meta name=\"twitter:label1\" content=\"Est. reading time\" \/>\n\t<meta name=\"twitter:data1\" content=\"1 minute\" \/>\n<script type=\"application\/ld+json\" class=\"yoast-schema-graph\">{\"@context\":\"https:\/\/schema.org\",\"@graph\":[{\"@type\":\"WebPage\",\"@id\":\"https:\/\/mattia.com\/produkt\/textilplatta-melkea-office-33-261\/\",\"url\":\"https:\/\/mattia.com\/produkt\/textilplatta-melkea-office-33-261\/\",\"name\":\"Textilplatta Melkea Office 33 - 216 | Mattia\",\"isPartOf\":{\"@id\":\"https:\/\/mattia.com\/#website\"},\"primaryImageOfPage\":{\"@id\":\"https:\/\/mattia.com\/produkt\/textilplatta-melkea-office-33-261\/#primaryimage\"},\"image\":{\"@id\":\"https:\/\/mattia.com\/produkt\/textilplatta-melkea-office-33-261\/#primaryimage\"},\"thumbnailUrl\":\"https:\/\/mattia.com\/wp-content\/uploads\/2024\/03\/Melkea-Office-33-216-scaled.jpg\",\"datePublished\":\"2024-03-27T12:20:18+00:00\",\"dateModified\":\"2025-05-13T09:23:57+00:00\",\"description\":\"K\u00f6p Textilplatta Melkea Office 33 - 216 hos Mattia. H\u00f6g kvalitet till marknadens b\u00e4sta priser med snabb leverans och fri frakt!\",\"breadcrumb\":{\"@id\":\"https:\/\/mattia.com\/produkt\/textilplatta-melkea-office-33-261\/#breadcrumb\"},\"inLanguage\":\"en-US\",\"potentialAction\":[{\"@type\":\"ReadAction\",\"target\":[\"https:\/\/mattia.com\/produkt\/textilplatta-melkea-office-33-261\/\"]}]},{\"@type\":\"ImageObject\",\"inLanguage\":\"en-US\",\"@id\":\"https:\/\/mattia.com\/produkt\/textilplatta-melkea-office-33-261\/#primaryimage\",\"url\":\"https:\/\/mattia.com\/wp-content\/uploads\/2024\/03\/Melkea-Office-33-216-scaled.jpg\",\"contentUrl\":\"https:\/\/mattia.com\/wp-content\/uploads\/2024\/03\/Melkea-Office-33-216-scaled.jpg\",\"width\":2542,\"height\":2560,\"caption\":\"Ljus textilplatta till konferensrum\"},{\"@type\":\"BreadcrumbList\",\"@id\":\"https:\/\/mattia.com\/produkt\/textilplatta-melkea-office-33-261\/#breadcrumb\",\"itemListElement\":[{\"@type\":\"ListItem\",\"position\":1,\"name\":\"Hem\",\"item\":\"https:\/\/mattia.com\/\"},{\"@type\":\"ListItem\",\"position\":2,\"name\":\"Textilplattor\",\"item\":\"https:\/\/mattia.com\/shop\/\"},{\"@type\":\"ListItem\",\"position\":3,\"name\":\"Mattia\",\"item\":\"https:\/\/mattia.com\/varumarke\/mattia\/\"},{\"@type\":\"ListItem\",\"position\":4,\"name\":\"Textilplatta Melkea Office 33 &#8211; 216\"}]},{\"@type\":\"WebSite\",\"@id\":\"https:\/\/mattia.com\/#website\",\"url\":\"https:\/\/mattia.com\/\",\"name\":\"Mattia\",\"description\":\"Textilplattor till marknadens b\u00e4sta priser\",\"publisher\":{\"@id\":\"https:\/\/mattia.com\/#organization\"},\"potentialAction\":[{\"@type\":\"SearchAction\",\"target\":{\"@type\":\"EntryPoint\",\"urlTemplate\":\"https:\/\/mattia.com\/?s={search_term_string}\"},\"query-input\":{\"@type\":\"PropertyValueSpecification\",\"valueRequired\":true,\"valueName\":\"search_term_string\"}}],\"inLanguage\":\"en-US\"},{\"@type\":\"Organization\",\"@id\":\"https:\/\/mattia.com\/#organization\",\"name\":\"Mattia AB\",\"alternateName\":\"Mattia\",\"url\":\"https:\/\/mattia.com\/\",\"logo\":{\"@type\":\"ImageObject\",\"inLanguage\":\"en-US\",\"@id\":\"https:\/\/mattia.com\/#\/schema\/logo\/image\/\",\"url\":\"https:\/\/mattia.com\/wp-content\/uploads\/2020\/04\/logotype-1.png\",\"contentUrl\":\"https:\/\/mattia.com\/wp-content\/uploads\/2020\/04\/logotype-1.png\",\"width\":319,\"height\":90,\"caption\":\"Mattia AB\"},\"image\":{\"@id\":\"https:\/\/mattia.com\/#\/schema\/logo\/image\/\"},\"sameAs\":[\"https:\/\/www.facebook.com\/Textilplattor\"]}]}<\/script>\n<!-- \/ Yoast SEO plugin. -->","yoast_head_json":{"title":"Textilplatta Melkea Office 33 - 216 | Mattia","description":"K\u00f6p Textilplatta Melkea Office 33 - 216 hos Mattia. H\u00f6g kvalitet till marknadens b\u00e4sta priser med snabb leverans och fri frakt!","robots":{"index":"index","follow":"follow","max-snippet":"max-snippet:-1","max-image-preview":"max-image-preview:large","max-video-preview":"max-video-preview:-1"},"canonical":"https:\/\/mattia.com\/produkt\/textilplatta-melkea-office-33-261\/","og_locale":"en_US","og_type":"article","og_title":"Textilplatta Melkea Office 33 - 216 | Mattia","og_description":"K\u00f6p Textilplatta Melkea Office 33 - 216 hos Mattia. H\u00f6g kvalitet till marknadens b\u00e4sta priser med snabb leverans och fri frakt!","og_url":"https:\/\/mattia.com\/produkt\/textilplatta-melkea-office-33-261\/","og_site_name":"Mattia","article_publisher":"https:\/\/www.facebook.com\/Textilplattor","article_modified_time":"2025-05-13T09:23:57+00:00","og_image":[{"width":1017,"height":1024,"url":"https:\/\/mattia.com\/wp-content\/uploads\/2024\/03\/Melkea-Office-33-216-1017x1024.jpg","type":"image\/jpeg"}],"twitter_card":"summary_large_image","twitter_misc":{"Est. reading time":"1 minute"},"schema":{"@context":"https:\/\/schema.org","@graph":[{"@type":"WebPage","@id":"https:\/\/mattia.com\/produkt\/textilplatta-melkea-office-33-261\/","url":"https:\/\/mattia.com\/produkt\/textilplatta-melkea-office-33-261\/","name":"Textilplatta Melkea Office 33 - 216 | Mattia","isPartOf":{"@id":"https:\/\/mattia.com\/#website"},"primaryImageOfPage":{"@id":"https:\/\/mattia.com\/produkt\/textilplatta-melkea-office-33-261\/#primaryimage"},"image":{"@id":"https:\/\/mattia.com\/produkt\/textilplatta-melkea-office-33-261\/#primaryimage"},"thumbnailUrl":"https:\/\/mattia.com\/wp-content\/uploads\/2024\/03\/Melkea-Office-33-216-scaled.jpg","datePublished":"2024-03-27T12:20:18+00:00","dateModified":"2025-05-13T09:23:57+00:00","description":"K\u00f6p Textilplatta Melkea Office 33 - 216 hos Mattia. H\u00f6g kvalitet till marknadens b\u00e4sta priser med snabb leverans och fri frakt!","breadcrumb":{"@id":"https:\/\/mattia.com\/produkt\/textilplatta-melkea-office-33-261\/#breadcrumb"},"inLanguage":"en-US","potentialAction":[{"@type":"ReadAction","target":["https:\/\/mattia.com\/produkt\/textilplatta-melkea-office-33-261\/"]}]},{"@type":"ImageObject","inLanguage":"en-US","@id":"https:\/\/mattia.com\/produkt\/textilplatta-melkea-office-33-261\/#primaryimage","url":"https:\/\/mattia.com\/wp-content\/uploads\/2024\/03\/Melkea-Office-33-216-scaled.jpg","contentUrl":"https:\/\/mattia.com\/wp-content\/uploads\/2024\/03\/Melkea-Office-33-216-scaled.jpg","width":2542,"height":2560,"caption":"Ljus textilplatta till konferensrum"},{"@type":"BreadcrumbList","@id":"https:\/\/mattia.com\/produkt\/textilplatta-melkea-office-33-261\/#breadcrumb","itemListElement":[{"@type":"ListItem","position":1,"name":"Hem","item":"https:\/\/mattia.com\/"},{"@type":"ListItem","position":2,"name":"Textilplattor","item":"https:\/\/mattia.com\/shop\/"},{"@type":"ListItem","position":3,"name":"Mattia","item":"https:\/\/mattia.com\/varumarke\/mattia\/"},{"@type":"ListItem","position":4,"name":"Textilplatta Melkea Office 33 &#8211; 216"}]},{"@type":"WebSite","@id":"https:\/\/mattia.com\/#website","url":"https:\/\/mattia.com\/","name":"Mattia","description":"Textilplattor till marknadens b\u00e4sta priser","publisher":{"@id":"https:\/\/mattia.com\/#organization"},"potentialAction":[{"@type":"SearchAction","target":{"@type":"EntryPoint","urlTemplate":"https:\/\/mattia.com\/?s={search_term_string}"},"query-input":{"@type":"PropertyValueSpecification","valueRequired":true,"valueName":"search_term_string"}}],"inLanguage":"en-US"},{"@type":"Organization","@id":"https:\/\/mattia.com\/#organization","name":"Mattia AB","alternateName":"Mattia","url":"https:\/\/mattia.com\/","logo":{"@type":"ImageObject","inLanguage":"en-US","@id":"https:\/\/mattia.com\/#\/schema\/logo\/image\/","url":"https:\/\/mattia.com\/wp-content\/uploads\/2020\/04\/logotype-1.png","contentUrl":"https:\/\/mattia.com\/wp-content\/uploads\/2020\/04\/logotype-1.png","width":319,"height":90,"caption":"Mattia AB"},"image":{"@id":"https:\/\/mattia.com\/#\/schema\/logo\/image\/"},"sameAs":["https:\/\/www.facebook.com\/Textilplattor"]}]}},"_links":{"self":[{"href":"https:\/\/mattia.com\/en\/wp-json\/wp\/v2\/product\/3587","targetHints":{"allow":["GET"]}}],"collection":[{"href":"https:\/\/mattia.com\/en\/wp-json\/wp\/v2\/product"}],"about":[{"href":"https:\/\/mattia.com\/en\/wp-json\/wp\/v2\/types\/product"}],"replies":[{"embeddable":true,"href":"https:\/\/mattia.com\/en\/wp-json\/wp\/v2\/comments?post=3587"}],"wp:featuredmedia":[{"embeddable":true,"href":"https:\/\/mattia.com\/en\/wp-json\/wp\/v2\/media\/3584"}],"wp:attachment":[{"href":"https:\/\/mattia.com\/en\/wp-json\/wp\/v2\/media?parent=3587"}],"wp:term":[{"taxonomy":"product_brand","embeddable":true,"href":"https:\/\/mattia.com\/en\/wp-json\/wp\/v2\/product_brand?post=3587"},{"taxonomy":"product_cat","embeddable":true,"href":"https:\/\/mattia.com\/en\/wp-json\/wp\/v2\/product_cat?post=3587"},{"taxonomy":"product_tag","embeddable":true,"href":"https:\/\/mattia.com\/en\/wp-json\/wp\/v2\/product_tag?post=3587"}],"curies":[{"name":"wp","href":"https:\/\/api.w.org\/{rel}","templated":true}]}}