{"id":3745,"date":"2024-07-11T10:13:19","date_gmt":"2024-07-11T09:13:19","guid":{"rendered":"https:\/\/mattia.com\/?post_type=product&#038;p=3745"},"modified":"2025-05-13T10:22:26","modified_gmt":"2025-05-13T09:22:26","slug":"interface-composure-ii-diffuse","status":"publish","type":"product","link":"https:\/\/mattia.com\/en\/produkt\/interface-composure-ii-diffuse\/","title":{"rendered":"Interface Composure II Diffuse"},"content":{"rendered":"<p>Textilplatta fr\u00e5n Interface &#8211; modell Composure II Diffuse 4169119<\/p>\n<p>Tillf\u00e4lligt parti &#8211; PASSA P\u00c5!<\/p>\n<p>Textilmattan Composure \u00e4r din nyckel till en v\u00e4rld av stil och komfort. Noggrant designade textilplattor ger inte bara en unik estetik utan \u00e4ven en mjuk och behaglig yta. Med fokus p\u00e5 h\u00e5llbarhet \u00e4r varje platta konstruerad f\u00f6r l\u00e5ngvarig h\u00e5llbarhet och minimal milj\u00f6p\u00e5verkan.<\/p>\n<p>Unik design f\u00f6r att f\u00f6rh\u00f6ja din inredning.<br \/>\nMjuk och behaglig yta f\u00f6r \u00f6verl\u00e4gsen komfort.<br \/>\nH\u00e5llbara material f\u00f6r l\u00e5ngvarig anv\u00e4ndning.<br \/>\nM\u00e5ngsidig och l\u00e4tt att installera.<br \/>\nIdealisk f\u00f6r olika inredningsstilar och omr\u00e5den med h\u00f6g trafik.<\/p>\n<p>Denna textila matta passar kontor med h\u00f6ga krav p\u00e5 design och h\u00e5llbarhet.<br \/>\nRusta upp din butikslokal med nya fina textilplattor!<\/p>\n<p>Toppkvalit\u00e9 till alla anv\u00e4ndingsomr\u00e5den<\/p>\n","protected":false},"excerpt":{"rendered":"<p><strong>ORDINARIE PRIS 539 KR\/KVM<\/strong><\/p>\n<p>Textilplatta fr\u00e5n Interface &#8211; modell Composure II Diffuse 4169119<\/p>\n<p>Tillf\u00e4lligt parti &#8211; PASSA P\u00c5!<\/p>\n<p>Textilmattan Composure \u00e4r din nyckel till en v\u00e4rld av stil och komfort. Noggrant designade textilplattor ger inte bara en unik estetik utan \u00e4ven en mjuk och behaglig yta. Med fokus p\u00e5 h\u00e5llbarhet \u00e4r varje platta konstruerad f\u00f6r l\u00e5ngvarig h\u00e5llbarhet och minimal milj\u00f6p\u00e5verkan.<\/p>\n<p>Unik design f\u00f6r att f\u00f6rh\u00f6ja din inredning.<br \/>\nMjuk och behaglig yta f\u00f6r \u00f6verl\u00e4gsen komfort.<br \/>\nH\u00e5llbara material f\u00f6r l\u00e5ngvarig anv\u00e4ndning.<br \/>\nM\u00e5ngsidig och l\u00e4tt att installera.<br \/>\nIdealisk f\u00f6r olika inredningsstilar och omr\u00e5den med h\u00f6g trafik.<\/p>\n<p>Denna textila matta passar kontor med h\u00f6ga krav p\u00e5 design och h\u00e5llbarhet.<br \/>\nRusta upp din butikslokal med nya fina textilplattor!<\/p>\n<p>Toppkvalit\u00e9 till alla anv\u00e4ndingsomr\u00e5den<\/p>\n","protected":false},"featured_media":756,"comment_status":"closed","ping_status":"closed","template":"","meta":{"_acf_changed":false},"product_brand":[],"product_cat":[163,141,60,87,18,24],"product_tag":[],"class_list":{"0":"post-3745","1":"product","2":"type-product","3":"status-publish","4":"has-post-thumbnail","6":"product_cat-composure-ii","7":"product_cat-textilplattor","8":"product_cat-alla-produkter","9":"product_cat-interface","10":"product_cat-composure","11":"product_cat-rea-tillfalliga-partier","12":"pa_farg-gra","13":"pa_farg-svart","14":"pa_produktklass-33-hard-pafrastning","15":"pa_sortering-kampanjpris","16":"pa_sortering-ordinarie-pris","17":"pa_total-tjocklek-mm-6mm","18":"pa_varumarke-interface","19":"tm-no-options","21":"first","22":"instock","23":"sale","24":"taxable","25":"shipping-taxable","26":"purchasable","27":"product-type-simple"},"composite_layout":"","composite_add_to_cart_form_location":"","composite_editable_in_cart":false,"composite_sold_individually_context":"","composite_shop_price_calc":"","composite_components":[],"composite_scenarios":[],"acf":[],"yoast_head":"<!-- This site is optimized with the Yoast SEO plugin v24.3 - https:\/\/yoast.com\/wordpress\/plugins\/seo\/ -->\n<title>Interface Composure II Diffuse | Mattia<\/title>\n<meta name=\"description\" content=\"K\u00f6p Interface Composure II Diffuse hos Mattia. H\u00f6g kvalitet till marknadens b\u00e4sta priser med snabb leverans och fri frakt!\" \/>\n<meta name=\"robots\" content=\"index, follow, max-snippet:-1, max-image-preview:large, max-video-preview:-1\" \/>\n<link rel=\"canonical\" href=\"https:\/\/mattia.com\/produkt\/interface-composure-ii-diffuse\/\" \/>\n<meta property=\"og:locale\" content=\"en_US\" \/>\n<meta property=\"og:type\" content=\"article\" \/>\n<meta property=\"og:title\" content=\"Interface Composure II Diffuse | Mattia\" \/>\n<meta property=\"og:description\" content=\"K\u00f6p Interface Composure II Diffuse hos Mattia. H\u00f6g kvalitet till marknadens b\u00e4sta priser med snabb leverans och fri frakt!\" \/>\n<meta property=\"og:url\" content=\"https:\/\/mattia.com\/produkt\/interface-composure-ii-diffuse\/\" \/>\n<meta property=\"og:site_name\" content=\"Mattia\" \/>\n<meta property=\"article:publisher\" content=\"https:\/\/www.facebook.com\/Textilplattor\" \/>\n<meta property=\"article:modified_time\" content=\"2025-05-13T09:22:26+00:00\" \/>\n<meta property=\"og:image\" content=\"https:\/\/mattia.com\/wp-content\/uploads\/2020\/04\/4169002.jpg\" \/>\n\t<meta property=\"og:image:width\" content=\"900\" \/>\n\t<meta property=\"og:image:height\" content=\"900\" \/>\n\t<meta property=\"og:image:type\" content=\"image\/jpeg\" \/>\n<meta name=\"twitter:card\" content=\"summary_large_image\" \/>\n<meta name=\"twitter:label1\" content=\"Est. reading time\" \/>\n\t<meta name=\"twitter:data1\" content=\"1 minute\" \/>\n<script type=\"application\/ld+json\" class=\"yoast-schema-graph\">{\"@context\":\"https:\/\/schema.org\",\"@graph\":[{\"@type\":\"WebPage\",\"@id\":\"https:\/\/mattia.com\/produkt\/interface-composure-ii-diffuse\/\",\"url\":\"https:\/\/mattia.com\/produkt\/interface-composure-ii-diffuse\/\",\"name\":\"Interface Composure II Diffuse | Mattia\",\"isPartOf\":{\"@id\":\"https:\/\/mattia.com\/#website\"},\"primaryImageOfPage\":{\"@id\":\"https:\/\/mattia.com\/produkt\/interface-composure-ii-diffuse\/#primaryimage\"},\"image\":{\"@id\":\"https:\/\/mattia.com\/produkt\/interface-composure-ii-diffuse\/#primaryimage\"},\"thumbnailUrl\":\"https:\/\/mattia.com\/wp-content\/uploads\/2020\/04\/4169002.jpg\",\"datePublished\":\"2024-07-11T09:13:19+00:00\",\"dateModified\":\"2025-05-13T09:22:26+00:00\",\"description\":\"K\u00f6p Interface Composure II Diffuse hos Mattia. H\u00f6g kvalitet till marknadens b\u00e4sta priser med snabb leverans och fri frakt!\",\"breadcrumb\":{\"@id\":\"https:\/\/mattia.com\/produkt\/interface-composure-ii-diffuse\/#breadcrumb\"},\"inLanguage\":\"en-US\",\"potentialAction\":[{\"@type\":\"ReadAction\",\"target\":[\"https:\/\/mattia.com\/produkt\/interface-composure-ii-diffuse\/\"]}]},{\"@type\":\"ImageObject\",\"inLanguage\":\"en-US\",\"@id\":\"https:\/\/mattia.com\/produkt\/interface-composure-ii-diffuse\/#primaryimage\",\"url\":\"https:\/\/mattia.com\/wp-content\/uploads\/2020\/04\/4169002.jpg\",\"contentUrl\":\"https:\/\/mattia.com\/wp-content\/uploads\/2020\/04\/4169002.jpg\",\"width\":900,\"height\":900,\"caption\":\"Textilplatta Composure 2 Diffuse\"},{\"@type\":\"BreadcrumbList\",\"@id\":\"https:\/\/mattia.com\/produkt\/interface-composure-ii-diffuse\/#breadcrumb\",\"itemListElement\":[{\"@type\":\"ListItem\",\"position\":1,\"name\":\"Hem\",\"item\":\"https:\/\/mattia.com\/\"},{\"@type\":\"ListItem\",\"position\":2,\"name\":\"Textilplattor\",\"item\":\"https:\/\/mattia.com\/shop\/\"},{\"@type\":\"ListItem\",\"position\":3,\"name\":\"Interface\",\"item\":\"https:\/\/mattia.com\/varumarke\/interface\/\"},{\"@type\":\"ListItem\",\"position\":4,\"name\":\"Interface Composure II Diffuse\"}]},{\"@type\":\"WebSite\",\"@id\":\"https:\/\/mattia.com\/#website\",\"url\":\"https:\/\/mattia.com\/\",\"name\":\"Mattia\",\"description\":\"Textilplattor till marknadens b\u00e4sta priser\",\"publisher\":{\"@id\":\"https:\/\/mattia.com\/#organization\"},\"potentialAction\":[{\"@type\":\"SearchAction\",\"target\":{\"@type\":\"EntryPoint\",\"urlTemplate\":\"https:\/\/mattia.com\/?s={search_term_string}\"},\"query-input\":{\"@type\":\"PropertyValueSpecification\",\"valueRequired\":true,\"valueName\":\"search_term_string\"}}],\"inLanguage\":\"en-US\"},{\"@type\":\"Organization\",\"@id\":\"https:\/\/mattia.com\/#organization\",\"name\":\"Mattia AB\",\"alternateName\":\"Mattia\",\"url\":\"https:\/\/mattia.com\/\",\"logo\":{\"@type\":\"ImageObject\",\"inLanguage\":\"en-US\",\"@id\":\"https:\/\/mattia.com\/#\/schema\/logo\/image\/\",\"url\":\"https:\/\/mattia.com\/wp-content\/uploads\/2020\/04\/logotype-1.png\",\"contentUrl\":\"https:\/\/mattia.com\/wp-content\/uploads\/2020\/04\/logotype-1.png\",\"width\":319,\"height\":90,\"caption\":\"Mattia AB\"},\"image\":{\"@id\":\"https:\/\/mattia.com\/#\/schema\/logo\/image\/\"},\"sameAs\":[\"https:\/\/www.facebook.com\/Textilplattor\"]}]}<\/script>\n<!-- \/ Yoast SEO plugin. -->","yoast_head_json":{"title":"Interface Composure II Diffuse | Mattia","description":"K\u00f6p Interface Composure II Diffuse hos Mattia. H\u00f6g kvalitet till marknadens b\u00e4sta priser med snabb leverans och fri frakt!","robots":{"index":"index","follow":"follow","max-snippet":"max-snippet:-1","max-image-preview":"max-image-preview:large","max-video-preview":"max-video-preview:-1"},"canonical":"https:\/\/mattia.com\/produkt\/interface-composure-ii-diffuse\/","og_locale":"en_US","og_type":"article","og_title":"Interface Composure II Diffuse | Mattia","og_description":"K\u00f6p Interface Composure II Diffuse hos Mattia. H\u00f6g kvalitet till marknadens b\u00e4sta priser med snabb leverans och fri frakt!","og_url":"https:\/\/mattia.com\/produkt\/interface-composure-ii-diffuse\/","og_site_name":"Mattia","article_publisher":"https:\/\/www.facebook.com\/Textilplattor","article_modified_time":"2025-05-13T09:22:26+00:00","og_image":[{"width":900,"height":900,"url":"https:\/\/mattia.com\/wp-content\/uploads\/2020\/04\/4169002.jpg","type":"image\/jpeg"}],"twitter_card":"summary_large_image","twitter_misc":{"Est. reading time":"1 minute"},"schema":{"@context":"https:\/\/schema.org","@graph":[{"@type":"WebPage","@id":"https:\/\/mattia.com\/produkt\/interface-composure-ii-diffuse\/","url":"https:\/\/mattia.com\/produkt\/interface-composure-ii-diffuse\/","name":"Interface Composure II Diffuse | Mattia","isPartOf":{"@id":"https:\/\/mattia.com\/#website"},"primaryImageOfPage":{"@id":"https:\/\/mattia.com\/produkt\/interface-composure-ii-diffuse\/#primaryimage"},"image":{"@id":"https:\/\/mattia.com\/produkt\/interface-composure-ii-diffuse\/#primaryimage"},"thumbnailUrl":"https:\/\/mattia.com\/wp-content\/uploads\/2020\/04\/4169002.jpg","datePublished":"2024-07-11T09:13:19+00:00","dateModified":"2025-05-13T09:22:26+00:00","description":"K\u00f6p Interface Composure II Diffuse hos Mattia. H\u00f6g kvalitet till marknadens b\u00e4sta priser med snabb leverans och fri frakt!","breadcrumb":{"@id":"https:\/\/mattia.com\/produkt\/interface-composure-ii-diffuse\/#breadcrumb"},"inLanguage":"en-US","potentialAction":[{"@type":"ReadAction","target":["https:\/\/mattia.com\/produkt\/interface-composure-ii-diffuse\/"]}]},{"@type":"ImageObject","inLanguage":"en-US","@id":"https:\/\/mattia.com\/produkt\/interface-composure-ii-diffuse\/#primaryimage","url":"https:\/\/mattia.com\/wp-content\/uploads\/2020\/04\/4169002.jpg","contentUrl":"https:\/\/mattia.com\/wp-content\/uploads\/2020\/04\/4169002.jpg","width":900,"height":900,"caption":"Textilplatta Composure 2 Diffuse"},{"@type":"BreadcrumbList","@id":"https:\/\/mattia.com\/produkt\/interface-composure-ii-diffuse\/#breadcrumb","itemListElement":[{"@type":"ListItem","position":1,"name":"Hem","item":"https:\/\/mattia.com\/"},{"@type":"ListItem","position":2,"name":"Textilplattor","item":"https:\/\/mattia.com\/shop\/"},{"@type":"ListItem","position":3,"name":"Interface","item":"https:\/\/mattia.com\/varumarke\/interface\/"},{"@type":"ListItem","position":4,"name":"Interface Composure II Diffuse"}]},{"@type":"WebSite","@id":"https:\/\/mattia.com\/#website","url":"https:\/\/mattia.com\/","name":"Mattia","description":"Textilplattor till marknadens b\u00e4sta priser","publisher":{"@id":"https:\/\/mattia.com\/#organization"},"potentialAction":[{"@type":"SearchAction","target":{"@type":"EntryPoint","urlTemplate":"https:\/\/mattia.com\/?s={search_term_string}"},"query-input":{"@type":"PropertyValueSpecification","valueRequired":true,"valueName":"search_term_string"}}],"inLanguage":"en-US"},{"@type":"Organization","@id":"https:\/\/mattia.com\/#organization","name":"Mattia AB","alternateName":"Mattia","url":"https:\/\/mattia.com\/","logo":{"@type":"ImageObject","inLanguage":"en-US","@id":"https:\/\/mattia.com\/#\/schema\/logo\/image\/","url":"https:\/\/mattia.com\/wp-content\/uploads\/2020\/04\/logotype-1.png","contentUrl":"https:\/\/mattia.com\/wp-content\/uploads\/2020\/04\/logotype-1.png","width":319,"height":90,"caption":"Mattia AB"},"image":{"@id":"https:\/\/mattia.com\/#\/schema\/logo\/image\/"},"sameAs":["https:\/\/www.facebook.com\/Textilplattor"]}]}},"_links":{"self":[{"href":"https:\/\/mattia.com\/en\/wp-json\/wp\/v2\/product\/3745","targetHints":{"allow":["GET"]}}],"collection":[{"href":"https:\/\/mattia.com\/en\/wp-json\/wp\/v2\/product"}],"about":[{"href":"https:\/\/mattia.com\/en\/wp-json\/wp\/v2\/types\/product"}],"replies":[{"embeddable":true,"href":"https:\/\/mattia.com\/en\/wp-json\/wp\/v2\/comments?post=3745"}],"wp:featuredmedia":[{"embeddable":true,"href":"https:\/\/mattia.com\/en\/wp-json\/wp\/v2\/media\/756"}],"wp:attachment":[{"href":"https:\/\/mattia.com\/en\/wp-json\/wp\/v2\/media?parent=3745"}],"wp:term":[{"taxonomy":"product_brand","embeddable":true,"href":"https:\/\/mattia.com\/en\/wp-json\/wp\/v2\/product_brand?post=3745"},{"taxonomy":"product_cat","embeddable":true,"href":"https:\/\/mattia.com\/en\/wp-json\/wp\/v2\/product_cat?post=3745"},{"taxonomy":"product_tag","embeddable":true,"href":"https:\/\/mattia.com\/en\/wp-json\/wp\/v2\/product_tag?post=3745"}],"curies":[{"name":"wp","href":"https:\/\/api.w.org\/{rel}","templated":true}]}}