{"id":4141,"date":"2025-03-27T10:32:18","date_gmt":"2025-03-27T09:32:18","guid":{"rendered":"https:\/\/mattia.com\/?post_type=product&#038;p=4141"},"modified":"2025-05-13T10:19:06","modified_gmt":"2025-05-13T09:19:06","slug":"textilplatta-ce100-emulate","status":"publish","type":"product","link":"https:\/\/mattia.com\/en\/produkt\/textilplatta-ce100-emulate\/","title":{"rendered":"Textilplatta CE100 Emulate"},"content":{"rendered":"<p>Interface Connected Ethos \u00e4r en samling textilplattor som f\u00e5ngar naturens former. Fr\u00e5n gr\u00e4smarker till steniga str\u00e4nder, torra landskap till havets brusande v\u00e5gor, Connected Ethos (Interface CE100) skapar en levande och transformativ designgrund.<br \/>\nDenna platta med en CQB-baksida vilket inneb\u00e4r bitumenfritt samt tillverkning p\u00e5 \u00e5tervunnet material.<\/p>\n<p><a href=\"https:\/\/mattia.com\/wp-content\/uploads\/2024\/05\/Interface-kontor-CE100.png\"><img loading=\"lazy\" decoding=\"async\" src=\"https:\/\/mattia.com\/wp-content\/uploads\/2024\/05\/Interface-kontor-CE100.png\" alt=\"\" width=\"1876\" height=\"1802\" class=\"alignnone size-full wp-image-3693\" srcset=\"https:\/\/mattia.com\/wp-content\/uploads\/2024\/05\/Interface-kontor-CE100.png 1876w, https:\/\/mattia.com\/wp-content\/uploads\/2024\/05\/Interface-kontor-CE100-300x288.png 300w, https:\/\/mattia.com\/wp-content\/uploads\/2024\/05\/Interface-kontor-CE100-1024x984.png 1024w, https:\/\/mattia.com\/wp-content\/uploads\/2024\/05\/Interface-kontor-CE100-1536x1475.png 1536w, https:\/\/mattia.com\/wp-content\/uploads\/2024\/05\/Interface-kontor-CE100-600x576.png 600w, https:\/\/mattia.com\/wp-content\/uploads\/2024\/05\/Interface-kontor-CE100-64x61.png 64w\" sizes=\"auto, (max-width: 1876px) 100vw, 1876px\" \/><\/a><\/p>\n","protected":false},"excerpt":{"rendered":"<p><strong>Ordinarie pris 570 kr\/kvm ex moms<\/strong><br \/>\n<strong>Tillf\u00e4lligt priss\u00e4nkt parti &#8211; Passa p\u00e5!<\/strong><\/p>\n<p>Interface Connected Ethos \u00e4r en samling textilplattor som f\u00e5ngar naturens former. Fr\u00e5n gr\u00e4smarker till steniga str\u00e4nder, torra landskap till havets brusande v\u00e5gor, Connected Ethos (Interface CE100) skapar en levande och transformativ designgrund.<br \/>\nDenna platta med en CQB-baksida vilket inneb\u00e4r bitumenfritt samt tillverkning p\u00e5 \u00e5tervunnet material.<\/p>\n","protected":false},"featured_media":4142,"comment_status":"closed","ping_status":"closed","template":"","meta":{"_acf_changed":false},"product_brand":[],"product_cat":[141,60,87,182,24],"product_tag":[],"class_list":{"0":"post-4141","1":"product","2":"type-product","3":"status-publish","4":"has-post-thumbnail","6":"product_cat-textilplattor","7":"product_cat-alla-produkter","8":"product_cat-interface","9":"product_cat-ce100","10":"product_cat-rea-tillfalliga-partier","11":"pa_farg-gra","12":"pa_hojd-lugg-3mm","13":"pa_produktklass-33-hard-pafrastning","14":"pa_sortering-prissankt-parti","15":"pa_storlek-per-platta-cm-50x50","16":"pa_total-tjocklek-mm-6-4","17":"pa_varumarke-interface","18":"tm-no-options","20":"first","21":"instock","22":"sale","23":"taxable","24":"shipping-taxable","25":"purchasable","26":"product-type-simple"},"composite_layout":"","composite_add_to_cart_form_location":"","composite_editable_in_cart":false,"composite_sold_individually_context":"","composite_shop_price_calc":"","composite_components":[],"composite_scenarios":[],"acf":[],"yoast_head":"<!-- This site is optimized with the Yoast SEO plugin v24.3 - https:\/\/yoast.com\/wordpress\/plugins\/seo\/ -->\n<title>Textilplatta CE100 Emulate | Mattia<\/title>\n<meta name=\"description\" content=\"K\u00f6p Textilplatta CE100 Emulate hos Mattia. H\u00f6g kvalitet till marknadens b\u00e4sta priser med snabb leverans och fri frakt!\" \/>\n<meta name=\"robots\" content=\"index, follow, max-snippet:-1, max-image-preview:large, max-video-preview:-1\" \/>\n<link rel=\"canonical\" href=\"https:\/\/mattia.com\/produkt\/textilplatta-ce100-emulate\/\" \/>\n<meta property=\"og:locale\" content=\"en_US\" \/>\n<meta property=\"og:type\" content=\"article\" \/>\n<meta property=\"og:title\" content=\"Textilplatta CE100 Emulate | Mattia\" \/>\n<meta property=\"og:description\" content=\"K\u00f6p Textilplatta CE100 Emulate hos Mattia. H\u00f6g kvalitet till marknadens b\u00e4sta priser med snabb leverans och fri frakt!\" \/>\n<meta property=\"og:url\" content=\"https:\/\/mattia.com\/produkt\/textilplatta-ce100-emulate\/\" \/>\n<meta property=\"og:site_name\" content=\"Mattia\" \/>\n<meta property=\"article:publisher\" content=\"https:\/\/www.facebook.com\/Textilplattor\" \/>\n<meta property=\"article:modified_time\" content=\"2025-05-13T09:19:06+00:00\" \/>\n<meta property=\"og:image\" content=\"https:\/\/mattia.com\/wp-content\/uploads\/2025\/03\/CE100-Emulate.png\" \/>\n\t<meta property=\"og:image:width\" content=\"1966\" \/>\n\t<meta property=\"og:image:height\" content=\"1922\" \/>\n\t<meta property=\"og:image:type\" content=\"image\/png\" \/>\n<meta name=\"twitter:card\" content=\"summary_large_image\" \/>\n<meta name=\"twitter:label1\" content=\"Est. reading time\" \/>\n\t<meta name=\"twitter:data1\" content=\"1 minute\" \/>\n<script type=\"application\/ld+json\" class=\"yoast-schema-graph\">{\"@context\":\"https:\/\/schema.org\",\"@graph\":[{\"@type\":\"WebPage\",\"@id\":\"https:\/\/mattia.com\/produkt\/textilplatta-ce100-emulate\/\",\"url\":\"https:\/\/mattia.com\/produkt\/textilplatta-ce100-emulate\/\",\"name\":\"Textilplatta CE100 Emulate | Mattia\",\"isPartOf\":{\"@id\":\"https:\/\/mattia.com\/#website\"},\"primaryImageOfPage\":{\"@id\":\"https:\/\/mattia.com\/produkt\/textilplatta-ce100-emulate\/#primaryimage\"},\"image\":{\"@id\":\"https:\/\/mattia.com\/produkt\/textilplatta-ce100-emulate\/#primaryimage\"},\"thumbnailUrl\":\"https:\/\/mattia.com\/wp-content\/uploads\/2025\/03\/CE100-Emulate.png\",\"datePublished\":\"2025-03-27T09:32:18+00:00\",\"dateModified\":\"2025-05-13T09:19:06+00:00\",\"description\":\"K\u00f6p Textilplatta CE100 Emulate hos Mattia. H\u00f6g kvalitet till marknadens b\u00e4sta priser med snabb leverans och fri frakt!\",\"breadcrumb\":{\"@id\":\"https:\/\/mattia.com\/produkt\/textilplatta-ce100-emulate\/#breadcrumb\"},\"inLanguage\":\"en-US\",\"potentialAction\":[{\"@type\":\"ReadAction\",\"target\":[\"https:\/\/mattia.com\/produkt\/textilplatta-ce100-emulate\/\"]}]},{\"@type\":\"ImageObject\",\"inLanguage\":\"en-US\",\"@id\":\"https:\/\/mattia.com\/produkt\/textilplatta-ce100-emulate\/#primaryimage\",\"url\":\"https:\/\/mattia.com\/wp-content\/uploads\/2025\/03\/CE100-Emulate.png\",\"contentUrl\":\"https:\/\/mattia.com\/wp-content\/uploads\/2025\/03\/CE100-Emulate.png\",\"width\":1966,\"height\":1922,\"caption\":\"Textilmatta kontor gr\u00e5 50x50\"},{\"@type\":\"BreadcrumbList\",\"@id\":\"https:\/\/mattia.com\/produkt\/textilplatta-ce100-emulate\/#breadcrumb\",\"itemListElement\":[{\"@type\":\"ListItem\",\"position\":1,\"name\":\"Hem\",\"item\":\"https:\/\/mattia.com\/\"},{\"@type\":\"ListItem\",\"position\":2,\"name\":\"Textilplattor\",\"item\":\"https:\/\/mattia.com\/shop\/\"},{\"@type\":\"ListItem\",\"position\":3,\"name\":\"Interface\",\"item\":\"https:\/\/mattia.com\/varumarke\/interface\/\"},{\"@type\":\"ListItem\",\"position\":4,\"name\":\"Textilplatta CE100 Emulate\"}]},{\"@type\":\"WebSite\",\"@id\":\"https:\/\/mattia.com\/#website\",\"url\":\"https:\/\/mattia.com\/\",\"name\":\"Mattia\",\"description\":\"Textilplattor till marknadens b\u00e4sta priser\",\"publisher\":{\"@id\":\"https:\/\/mattia.com\/#organization\"},\"potentialAction\":[{\"@type\":\"SearchAction\",\"target\":{\"@type\":\"EntryPoint\",\"urlTemplate\":\"https:\/\/mattia.com\/?s={search_term_string}\"},\"query-input\":{\"@type\":\"PropertyValueSpecification\",\"valueRequired\":true,\"valueName\":\"search_term_string\"}}],\"inLanguage\":\"en-US\"},{\"@type\":\"Organization\",\"@id\":\"https:\/\/mattia.com\/#organization\",\"name\":\"Mattia AB\",\"alternateName\":\"Mattia\",\"url\":\"https:\/\/mattia.com\/\",\"logo\":{\"@type\":\"ImageObject\",\"inLanguage\":\"en-US\",\"@id\":\"https:\/\/mattia.com\/#\/schema\/logo\/image\/\",\"url\":\"https:\/\/mattia.com\/wp-content\/uploads\/2020\/04\/logotype-1.png\",\"contentUrl\":\"https:\/\/mattia.com\/wp-content\/uploads\/2020\/04\/logotype-1.png\",\"width\":319,\"height\":90,\"caption\":\"Mattia AB\"},\"image\":{\"@id\":\"https:\/\/mattia.com\/#\/schema\/logo\/image\/\"},\"sameAs\":[\"https:\/\/www.facebook.com\/Textilplattor\"]}]}<\/script>\n<!-- \/ Yoast SEO plugin. -->","yoast_head_json":{"title":"Textilplatta CE100 Emulate | Mattia","description":"K\u00f6p Textilplatta CE100 Emulate hos Mattia. H\u00f6g kvalitet till marknadens b\u00e4sta priser med snabb leverans och fri frakt!","robots":{"index":"index","follow":"follow","max-snippet":"max-snippet:-1","max-image-preview":"max-image-preview:large","max-video-preview":"max-video-preview:-1"},"canonical":"https:\/\/mattia.com\/produkt\/textilplatta-ce100-emulate\/","og_locale":"en_US","og_type":"article","og_title":"Textilplatta CE100 Emulate | Mattia","og_description":"K\u00f6p Textilplatta CE100 Emulate hos Mattia. H\u00f6g kvalitet till marknadens b\u00e4sta priser med snabb leverans och fri frakt!","og_url":"https:\/\/mattia.com\/produkt\/textilplatta-ce100-emulate\/","og_site_name":"Mattia","article_publisher":"https:\/\/www.facebook.com\/Textilplattor","article_modified_time":"2025-05-13T09:19:06+00:00","og_image":[{"url":"https:\/\/mattia.com\/wp-content\/uploads\/2025\/03\/CE100-Emulate.png","width":1966,"height":1922,"type":"image\/png"}],"twitter_card":"summary_large_image","twitter_misc":{"Est. reading time":"1 minute"},"schema":{"@context":"https:\/\/schema.org","@graph":[{"@type":"WebPage","@id":"https:\/\/mattia.com\/produkt\/textilplatta-ce100-emulate\/","url":"https:\/\/mattia.com\/produkt\/textilplatta-ce100-emulate\/","name":"Textilplatta CE100 Emulate | Mattia","isPartOf":{"@id":"https:\/\/mattia.com\/#website"},"primaryImageOfPage":{"@id":"https:\/\/mattia.com\/produkt\/textilplatta-ce100-emulate\/#primaryimage"},"image":{"@id":"https:\/\/mattia.com\/produkt\/textilplatta-ce100-emulate\/#primaryimage"},"thumbnailUrl":"https:\/\/mattia.com\/wp-content\/uploads\/2025\/03\/CE100-Emulate.png","datePublished":"2025-03-27T09:32:18+00:00","dateModified":"2025-05-13T09:19:06+00:00","description":"K\u00f6p Textilplatta CE100 Emulate hos Mattia. H\u00f6g kvalitet till marknadens b\u00e4sta priser med snabb leverans och fri frakt!","breadcrumb":{"@id":"https:\/\/mattia.com\/produkt\/textilplatta-ce100-emulate\/#breadcrumb"},"inLanguage":"en-US","potentialAction":[{"@type":"ReadAction","target":["https:\/\/mattia.com\/produkt\/textilplatta-ce100-emulate\/"]}]},{"@type":"ImageObject","inLanguage":"en-US","@id":"https:\/\/mattia.com\/produkt\/textilplatta-ce100-emulate\/#primaryimage","url":"https:\/\/mattia.com\/wp-content\/uploads\/2025\/03\/CE100-Emulate.png","contentUrl":"https:\/\/mattia.com\/wp-content\/uploads\/2025\/03\/CE100-Emulate.png","width":1966,"height":1922,"caption":"Textilmatta kontor gr\u00e5 50x50"},{"@type":"BreadcrumbList","@id":"https:\/\/mattia.com\/produkt\/textilplatta-ce100-emulate\/#breadcrumb","itemListElement":[{"@type":"ListItem","position":1,"name":"Hem","item":"https:\/\/mattia.com\/"},{"@type":"ListItem","position":2,"name":"Textilplattor","item":"https:\/\/mattia.com\/shop\/"},{"@type":"ListItem","position":3,"name":"Interface","item":"https:\/\/mattia.com\/varumarke\/interface\/"},{"@type":"ListItem","position":4,"name":"Textilplatta CE100 Emulate"}]},{"@type":"WebSite","@id":"https:\/\/mattia.com\/#website","url":"https:\/\/mattia.com\/","name":"Mattia","description":"Textilplattor till marknadens b\u00e4sta priser","publisher":{"@id":"https:\/\/mattia.com\/#organization"},"potentialAction":[{"@type":"SearchAction","target":{"@type":"EntryPoint","urlTemplate":"https:\/\/mattia.com\/?s={search_term_string}"},"query-input":{"@type":"PropertyValueSpecification","valueRequired":true,"valueName":"search_term_string"}}],"inLanguage":"en-US"},{"@type":"Organization","@id":"https:\/\/mattia.com\/#organization","name":"Mattia AB","alternateName":"Mattia","url":"https:\/\/mattia.com\/","logo":{"@type":"ImageObject","inLanguage":"en-US","@id":"https:\/\/mattia.com\/#\/schema\/logo\/image\/","url":"https:\/\/mattia.com\/wp-content\/uploads\/2020\/04\/logotype-1.png","contentUrl":"https:\/\/mattia.com\/wp-content\/uploads\/2020\/04\/logotype-1.png","width":319,"height":90,"caption":"Mattia AB"},"image":{"@id":"https:\/\/mattia.com\/#\/schema\/logo\/image\/"},"sameAs":["https:\/\/www.facebook.com\/Textilplattor"]}]}},"_links":{"self":[{"href":"https:\/\/mattia.com\/en\/wp-json\/wp\/v2\/product\/4141","targetHints":{"allow":["GET"]}}],"collection":[{"href":"https:\/\/mattia.com\/en\/wp-json\/wp\/v2\/product"}],"about":[{"href":"https:\/\/mattia.com\/en\/wp-json\/wp\/v2\/types\/product"}],"replies":[{"embeddable":true,"href":"https:\/\/mattia.com\/en\/wp-json\/wp\/v2\/comments?post=4141"}],"wp:featuredmedia":[{"embeddable":true,"href":"https:\/\/mattia.com\/en\/wp-json\/wp\/v2\/media\/4142"}],"wp:attachment":[{"href":"https:\/\/mattia.com\/en\/wp-json\/wp\/v2\/media?parent=4141"}],"wp:term":[{"taxonomy":"product_brand","embeddable":true,"href":"https:\/\/mattia.com\/en\/wp-json\/wp\/v2\/product_brand?post=4141"},{"taxonomy":"product_cat","embeddable":true,"href":"https:\/\/mattia.com\/en\/wp-json\/wp\/v2\/product_cat?post=4141"},{"taxonomy":"product_tag","embeddable":true,"href":"https:\/\/mattia.com\/en\/wp-json\/wp\/v2\/product_tag?post=4141"}],"curies":[{"name":"wp","href":"https:\/\/api.w.org\/{rel}","templated":true}]}}