{"id":4145,"date":"2025-03-27T10:51:03","date_gmt":"2025-03-27T09:51:03","guid":{"rendered":"https:\/\/mattia.com\/?post_type=product&#038;p=4145"},"modified":"2025-05-13T10:18:34","modified_gmt":"2025-05-13T09:18:34","slug":"textilplatta-b602-black-sea","status":"publish","type":"product","link":"https:\/\/mattia.com\/en\/produkt\/textilplatta-b602-black-sea\/","title":{"rendered":"Textilplatta B602 Black Sea"},"content":{"rendered":"<p><img loading=\"lazy\" decoding=\"async\" src=\"https:\/\/mattia.com\/wp-content\/uploads\/2025\/03\/Skarmavbild-2025-03-27-kl.-10.50.43-150x150.png\" alt=\"Svarta textilmattor fastigheter\" width=\"150\" height=\"150\" class=\"alignnone size-thumbnail wp-image-4147\" srcset=\"https:\/\/mattia.com\/wp-content\/uploads\/2025\/03\/Skarmavbild-2025-03-27-kl.-10.50.43-150x150.png 150w, https:\/\/mattia.com\/wp-content\/uploads\/2025\/03\/Skarmavbild-2025-03-27-kl.-10.50.43-300x300.png 300w, https:\/\/mattia.com\/wp-content\/uploads\/2025\/03\/Skarmavbild-2025-03-27-kl.-10.50.43-100x100.png 100w\" sizes=\"auto, (max-width: 150px) 100vw, 150px\" \/><\/p>\n","protected":false},"excerpt":{"rendered":"<p>Textilplattor 50&#215;50 cm med en underbar naturlig design som efterliknar havets v\u00e5gor.<\/p>\n<p>H\u00f6j k\u00e4nslan f\u00f6r just ditt utrymme med denna h\u00e4rliga matta och f\u00e5 kreativiteten att n\u00e5 nya h\u00f6jder.<br \/>\nPassar s\u00e5v\u00e4l p\u00e5 ett kontor tusentals passerande dagligen som i ett rum hemma.<\/p>\n","protected":false},"featured_media":4146,"comment_status":"closed","ping_status":"closed","template":"","meta":{"_acf_changed":false},"product_brand":[],"product_cat":[141,60,87,184,24],"product_tag":[],"class_list":{"0":"post-4145","1":"product","2":"type-product","3":"status-publish","4":"has-post-thumbnail","6":"product_cat-textilplattor","7":"product_cat-alla-produkter","8":"product_cat-interface","9":"product_cat-b602","10":"product_cat-rea-tillfalliga-partier","11":"pa_farg-gra","12":"pa_farg-svart","13":"pa_produktklass-33-hard-pafrastning","14":"pa_sortering-1-a-sort","15":"pa_storlek-per-platta-cm-50x50","16":"pa_varumarke-interface","17":"tm-no-options","19":"first","20":"instock","21":"sale","22":"taxable","23":"shipping-taxable","24":"purchasable","25":"product-type-simple"},"composite_layout":"","composite_add_to_cart_form_location":"","composite_editable_in_cart":false,"composite_sold_individually_context":"","composite_shop_price_calc":"","composite_components":[],"composite_scenarios":[],"acf":[],"yoast_head":"<!-- This site is optimized with the Yoast SEO plugin v24.3 - https:\/\/yoast.com\/wordpress\/plugins\/seo\/ -->\n<title>Textilplatta Interface B602 Black Sea | Mattia<\/title>\n<meta name=\"description\" content=\"K\u00f6p Textilplatta B602 Black Sea hos Mattia. H\u00f6g kvalitet till marknadens b\u00e4sta priser med snabb leverans och fri frakt!\" \/>\n<meta name=\"robots\" content=\"index, follow, max-snippet:-1, max-image-preview:large, max-video-preview:-1\" \/>\n<link rel=\"canonical\" href=\"https:\/\/mattia.com\/produkt\/textilplatta-b602-black-sea\/\" \/>\n<meta property=\"og:locale\" content=\"en_US\" \/>\n<meta property=\"og:type\" content=\"article\" \/>\n<meta property=\"og:title\" content=\"Textilplatta Interface B602 Black Sea | Mattia\" \/>\n<meta property=\"og:description\" content=\"K\u00f6p Textilplatta B602 Black Sea hos Mattia. H\u00f6g kvalitet till marknadens b\u00e4sta priser med snabb leverans och fri frakt!\" \/>\n<meta property=\"og:url\" content=\"https:\/\/mattia.com\/produkt\/textilplatta-b602-black-sea\/\" \/>\n<meta property=\"og:site_name\" content=\"Mattia\" \/>\n<meta property=\"article:publisher\" content=\"https:\/\/www.facebook.com\/Textilplattor\" \/>\n<meta property=\"article:modified_time\" content=\"2025-05-13T09:18:34+00:00\" \/>\n<meta property=\"og:image\" content=\"https:\/\/mattia.com\/wp-content\/uploads\/2025\/03\/Interface-B602-black-sea.png\" \/>\n\t<meta property=\"og:image:width\" content=\"1964\" \/>\n\t<meta property=\"og:image:height\" content=\"1916\" \/>\n\t<meta property=\"og:image:type\" content=\"image\/png\" \/>\n<meta name=\"twitter:card\" content=\"summary_large_image\" \/>\n<meta name=\"twitter:label1\" content=\"Est. reading time\" \/>\n\t<meta name=\"twitter:data1\" content=\"1 minute\" \/>\n<script type=\"application\/ld+json\" class=\"yoast-schema-graph\">{\"@context\":\"https:\/\/schema.org\",\"@graph\":[{\"@type\":\"WebPage\",\"@id\":\"https:\/\/mattia.com\/produkt\/textilplatta-b602-black-sea\/\",\"url\":\"https:\/\/mattia.com\/produkt\/textilplatta-b602-black-sea\/\",\"name\":\"Textilplatta Interface B602 Black Sea | Mattia\",\"isPartOf\":{\"@id\":\"https:\/\/mattia.com\/#website\"},\"primaryImageOfPage\":{\"@id\":\"https:\/\/mattia.com\/produkt\/textilplatta-b602-black-sea\/#primaryimage\"},\"image\":{\"@id\":\"https:\/\/mattia.com\/produkt\/textilplatta-b602-black-sea\/#primaryimage\"},\"thumbnailUrl\":\"https:\/\/mattia.com\/wp-content\/uploads\/2025\/03\/Interface-B602-black-sea.png\",\"datePublished\":\"2025-03-27T09:51:03+00:00\",\"dateModified\":\"2025-05-13T09:18:34+00:00\",\"description\":\"K\u00f6p Textilplatta B602 Black Sea hos Mattia. H\u00f6g kvalitet till marknadens b\u00e4sta priser med snabb leverans och fri frakt!\",\"breadcrumb\":{\"@id\":\"https:\/\/mattia.com\/produkt\/textilplatta-b602-black-sea\/#breadcrumb\"},\"inLanguage\":\"en-US\",\"potentialAction\":[{\"@type\":\"ReadAction\",\"target\":[\"https:\/\/mattia.com\/produkt\/textilplatta-b602-black-sea\/\"]}]},{\"@type\":\"ImageObject\",\"inLanguage\":\"en-US\",\"@id\":\"https:\/\/mattia.com\/produkt\/textilplatta-b602-black-sea\/#primaryimage\",\"url\":\"https:\/\/mattia.com\/wp-content\/uploads\/2025\/03\/Interface-B602-black-sea.png\",\"contentUrl\":\"https:\/\/mattia.com\/wp-content\/uploads\/2025\/03\/Interface-B602-black-sea.png\",\"width\":1964,\"height\":1916,\"caption\":\"Kreativt kontor\"},{\"@type\":\"BreadcrumbList\",\"@id\":\"https:\/\/mattia.com\/produkt\/textilplatta-b602-black-sea\/#breadcrumb\",\"itemListElement\":[{\"@type\":\"ListItem\",\"position\":1,\"name\":\"Hem\",\"item\":\"https:\/\/mattia.com\/\"},{\"@type\":\"ListItem\",\"position\":2,\"name\":\"Textilplattor\",\"item\":\"https:\/\/mattia.com\/shop\/\"},{\"@type\":\"ListItem\",\"position\":3,\"name\":\"Interface\",\"item\":\"https:\/\/mattia.com\/varumarke\/interface\/\"},{\"@type\":\"ListItem\",\"position\":4,\"name\":\"Textilplatta B602 Black Sea\"}]},{\"@type\":\"WebSite\",\"@id\":\"https:\/\/mattia.com\/#website\",\"url\":\"https:\/\/mattia.com\/\",\"name\":\"Mattia\",\"description\":\"Textilplattor till marknadens b\u00e4sta priser\",\"publisher\":{\"@id\":\"https:\/\/mattia.com\/#organization\"},\"potentialAction\":[{\"@type\":\"SearchAction\",\"target\":{\"@type\":\"EntryPoint\",\"urlTemplate\":\"https:\/\/mattia.com\/?s={search_term_string}\"},\"query-input\":{\"@type\":\"PropertyValueSpecification\",\"valueRequired\":true,\"valueName\":\"search_term_string\"}}],\"inLanguage\":\"en-US\"},{\"@type\":\"Organization\",\"@id\":\"https:\/\/mattia.com\/#organization\",\"name\":\"Mattia AB\",\"alternateName\":\"Mattia\",\"url\":\"https:\/\/mattia.com\/\",\"logo\":{\"@type\":\"ImageObject\",\"inLanguage\":\"en-US\",\"@id\":\"https:\/\/mattia.com\/#\/schema\/logo\/image\/\",\"url\":\"https:\/\/mattia.com\/wp-content\/uploads\/2020\/04\/logotype-1.png\",\"contentUrl\":\"https:\/\/mattia.com\/wp-content\/uploads\/2020\/04\/logotype-1.png\",\"width\":319,\"height\":90,\"caption\":\"Mattia AB\"},\"image\":{\"@id\":\"https:\/\/mattia.com\/#\/schema\/logo\/image\/\"},\"sameAs\":[\"https:\/\/www.facebook.com\/Textilplattor\"]}]}<\/script>\n<!-- \/ Yoast SEO plugin. -->","yoast_head_json":{"title":"Textilplatta Interface B602 Black Sea | Mattia","description":"K\u00f6p Textilplatta B602 Black Sea hos Mattia. H\u00f6g kvalitet till marknadens b\u00e4sta priser med snabb leverans och fri frakt!","robots":{"index":"index","follow":"follow","max-snippet":"max-snippet:-1","max-image-preview":"max-image-preview:large","max-video-preview":"max-video-preview:-1"},"canonical":"https:\/\/mattia.com\/produkt\/textilplatta-b602-black-sea\/","og_locale":"en_US","og_type":"article","og_title":"Textilplatta Interface B602 Black Sea | Mattia","og_description":"K\u00f6p Textilplatta B602 Black Sea hos Mattia. H\u00f6g kvalitet till marknadens b\u00e4sta priser med snabb leverans och fri frakt!","og_url":"https:\/\/mattia.com\/produkt\/textilplatta-b602-black-sea\/","og_site_name":"Mattia","article_publisher":"https:\/\/www.facebook.com\/Textilplattor","article_modified_time":"2025-05-13T09:18:34+00:00","og_image":[{"url":"https:\/\/mattia.com\/wp-content\/uploads\/2025\/03\/Interface-B602-black-sea.png","width":1964,"height":1916,"type":"image\/png"}],"twitter_card":"summary_large_image","twitter_misc":{"Est. reading time":"1 minute"},"schema":{"@context":"https:\/\/schema.org","@graph":[{"@type":"WebPage","@id":"https:\/\/mattia.com\/produkt\/textilplatta-b602-black-sea\/","url":"https:\/\/mattia.com\/produkt\/textilplatta-b602-black-sea\/","name":"Textilplatta Interface B602 Black Sea | Mattia","isPartOf":{"@id":"https:\/\/mattia.com\/#website"},"primaryImageOfPage":{"@id":"https:\/\/mattia.com\/produkt\/textilplatta-b602-black-sea\/#primaryimage"},"image":{"@id":"https:\/\/mattia.com\/produkt\/textilplatta-b602-black-sea\/#primaryimage"},"thumbnailUrl":"https:\/\/mattia.com\/wp-content\/uploads\/2025\/03\/Interface-B602-black-sea.png","datePublished":"2025-03-27T09:51:03+00:00","dateModified":"2025-05-13T09:18:34+00:00","description":"K\u00f6p Textilplatta B602 Black Sea hos Mattia. H\u00f6g kvalitet till marknadens b\u00e4sta priser med snabb leverans och fri frakt!","breadcrumb":{"@id":"https:\/\/mattia.com\/produkt\/textilplatta-b602-black-sea\/#breadcrumb"},"inLanguage":"en-US","potentialAction":[{"@type":"ReadAction","target":["https:\/\/mattia.com\/produkt\/textilplatta-b602-black-sea\/"]}]},{"@type":"ImageObject","inLanguage":"en-US","@id":"https:\/\/mattia.com\/produkt\/textilplatta-b602-black-sea\/#primaryimage","url":"https:\/\/mattia.com\/wp-content\/uploads\/2025\/03\/Interface-B602-black-sea.png","contentUrl":"https:\/\/mattia.com\/wp-content\/uploads\/2025\/03\/Interface-B602-black-sea.png","width":1964,"height":1916,"caption":"Kreativt kontor"},{"@type":"BreadcrumbList","@id":"https:\/\/mattia.com\/produkt\/textilplatta-b602-black-sea\/#breadcrumb","itemListElement":[{"@type":"ListItem","position":1,"name":"Hem","item":"https:\/\/mattia.com\/"},{"@type":"ListItem","position":2,"name":"Textilplattor","item":"https:\/\/mattia.com\/shop\/"},{"@type":"ListItem","position":3,"name":"Interface","item":"https:\/\/mattia.com\/varumarke\/interface\/"},{"@type":"ListItem","position":4,"name":"Textilplatta B602 Black Sea"}]},{"@type":"WebSite","@id":"https:\/\/mattia.com\/#website","url":"https:\/\/mattia.com\/","name":"Mattia","description":"Textilplattor till marknadens b\u00e4sta priser","publisher":{"@id":"https:\/\/mattia.com\/#organization"},"potentialAction":[{"@type":"SearchAction","target":{"@type":"EntryPoint","urlTemplate":"https:\/\/mattia.com\/?s={search_term_string}"},"query-input":{"@type":"PropertyValueSpecification","valueRequired":true,"valueName":"search_term_string"}}],"inLanguage":"en-US"},{"@type":"Organization","@id":"https:\/\/mattia.com\/#organization","name":"Mattia AB","alternateName":"Mattia","url":"https:\/\/mattia.com\/","logo":{"@type":"ImageObject","inLanguage":"en-US","@id":"https:\/\/mattia.com\/#\/schema\/logo\/image\/","url":"https:\/\/mattia.com\/wp-content\/uploads\/2020\/04\/logotype-1.png","contentUrl":"https:\/\/mattia.com\/wp-content\/uploads\/2020\/04\/logotype-1.png","width":319,"height":90,"caption":"Mattia AB"},"image":{"@id":"https:\/\/mattia.com\/#\/schema\/logo\/image\/"},"sameAs":["https:\/\/www.facebook.com\/Textilplattor"]}]}},"_links":{"self":[{"href":"https:\/\/mattia.com\/en\/wp-json\/wp\/v2\/product\/4145","targetHints":{"allow":["GET"]}}],"collection":[{"href":"https:\/\/mattia.com\/en\/wp-json\/wp\/v2\/product"}],"about":[{"href":"https:\/\/mattia.com\/en\/wp-json\/wp\/v2\/types\/product"}],"replies":[{"embeddable":true,"href":"https:\/\/mattia.com\/en\/wp-json\/wp\/v2\/comments?post=4145"}],"wp:featuredmedia":[{"embeddable":true,"href":"https:\/\/mattia.com\/en\/wp-json\/wp\/v2\/media\/4146"}],"wp:attachment":[{"href":"https:\/\/mattia.com\/en\/wp-json\/wp\/v2\/media?parent=4145"}],"wp:term":[{"taxonomy":"product_brand","embeddable":true,"href":"https:\/\/mattia.com\/en\/wp-json\/wp\/v2\/product_brand?post=4145"},{"taxonomy":"product_cat","embeddable":true,"href":"https:\/\/mattia.com\/en\/wp-json\/wp\/v2\/product_cat?post=4145"},{"taxonomy":"product_tag","embeddable":true,"href":"https:\/\/mattia.com\/en\/wp-json\/wp\/v2\/product_tag?post=4145"}],"curies":[{"name":"wp","href":"https:\/\/api.w.org\/{rel}","templated":true}]}}