{"id":4292,"date":"2025-05-27T14:19:36","date_gmt":"2025-05-27T13:19:36","guid":{"rendered":"https:\/\/mattia.com\/?post_type=product&#038;p=4292"},"modified":"2025-11-18T09:02:46","modified_gmt":"2025-11-18T08:02:46","slug":"textilplatta-works-sense-shell","status":"publish","type":"product","link":"https:\/\/mattia.com\/en\/produkt\/textilplatta-works-sense-shell\/","title":{"rendered":"Textilplatta Works Sense &#8211; Shell"},"content":{"rendered":"<p>Interface Works Sense &#8211; Smart design f\u00f6r smarta arbetsmilj\u00f6er!<\/p>\n<p>Works Sense fr\u00e5n Interface \u00e4r en textilplatta som f\u00f6renar funktion, estetik och h\u00e5llbarhet p\u00e5 ett s\u00e4tt som lyfter moderna arbetsplatser. Med sin design skapar den en lugn och professionell atmosf\u00e4r, perfekt anpassad f\u00f6r flexibla kontor och kreativa milj\u00f6er.<\/p>\n<p>Works Sense \u00e4r tillverkad med Interface CQuest Bio-baksida, som inneh\u00e5ller biobaserade och \u00e5tervunna material, vilket bidrar till ett mer h\u00e5llbart val av textilmatta.<\/p>\n<p>50&#215;50 plattor<\/p>\n<p>100% \u00e5tervunnen Nylon (garn)<\/p>\n<p>Kan installeras enkelt p\u00e5 det s\u00e4tt ni sj\u00e4lva \u00f6nskar. Testa er fram till ett \u00f6nskat resultat.<\/p>\n","protected":false},"excerpt":{"rendered":"<p>Interface Works Sense &#8211; Smart design f\u00f6r smarta arbetsmilj\u00f6er!<\/p>\n<p>Works Sense fr\u00e5n Interface \u00e4r en textilplatta som f\u00f6renar funktion, estetik och h\u00e5llbarhet p\u00e5 ett s\u00e4tt som lyfter moderna arbetsplatser. Med sin design skapar den en lugn och professionell atmosf\u00e4r, perfekt anpassad f\u00f6r flexibla kontor och kreativa milj\u00f6er.<\/p>\n<p>Works Sense \u00e4r tillverkad med Interface CQuest Bio-baksida, som inneh\u00e5ller biobaserade och \u00e5tervunna material, vilket bidrar till ett mer h\u00e5llbart val av textilmatta.<\/p>\n<p>50&#215;50 plattor<\/p>\n<p>100% \u00e5tervunnen Nylon (garn)<\/p>\n<p>Kan installeras enkelt p\u00e5 det s\u00e4tt ni sj\u00e4lva \u00f6nskar. Testa er fram till ett \u00f6nskat resultat.<br \/>\n<img loading=\"lazy\" decoding=\"async\" src=\"https:\/\/mattia.com\/wp-content\/uploads\/2025\/05\/Skarmavbild-2025-05-27-kl.-15.22.16-150x150.png\" alt=\"\" width=\"150\" height=\"150\" class=\"alignnone size-thumbnail wp-image-4293\" srcset=\"https:\/\/mattia.com\/wp-content\/uploads\/2025\/05\/Skarmavbild-2025-05-27-kl.-15.22.16-150x150.png 150w, https:\/\/mattia.com\/wp-content\/uploads\/2025\/05\/Skarmavbild-2025-05-27-kl.-15.22.16-300x300.png 300w, https:\/\/mattia.com\/wp-content\/uploads\/2025\/05\/Skarmavbild-2025-05-27-kl.-15.22.16-100x100.png 100w\" sizes=\"auto, (max-width: 150px) 100vw, 150px\" \/><\/p>\n","protected":false},"featured_media":4294,"comment_status":"closed","ping_status":"closed","template":"","meta":{"_acf_changed":false},"product_brand":[],"product_cat":[141,60,87,187,24],"product_tag":[],"class_list":{"0":"post-4292","1":"product","2":"type-product","3":"status-publish","4":"has-post-thumbnail","6":"product_cat-textilplattor","7":"product_cat-alla-produkter","8":"product_cat-interface","9":"product_cat-works-sense","10":"product_cat-rea-tillfalliga-partier","11":"pa_farg-beige","12":"pa_farg-gra","13":"pa_produktklass-33-hard-pafrastning","14":"pa_sortering-1-a-sort","15":"pa_storlek-per-platta-cm-50x50","16":"pa_varumarke-interface","17":"tm-no-options","19":"first","20":"instock","21":"sale","22":"taxable","23":"shipping-taxable","24":"purchasable","25":"product-type-simple"},"composite_layout":"","composite_add_to_cart_form_location":"","composite_editable_in_cart":false,"composite_sold_individually_context":"","composite_shop_price_calc":"","composite_components":[],"composite_scenarios":[],"acf":[],"yoast_head":"<!-- This site is optimized with the Yoast SEO plugin v24.3 - https:\/\/yoast.com\/wordpress\/plugins\/seo\/ -->\n<title>Textilplatta Interface Works Sense - Shell<\/title>\n<meta name=\"description\" content=\"K\u00f6p Textilplatta Works Sense - Shell hos Mattia. H\u00f6g kvalitet till marknadens b\u00e4sta priser med snabb leverans och fri frakt!\" \/>\n<meta name=\"robots\" content=\"index, follow, max-snippet:-1, max-image-preview:large, max-video-preview:-1\" \/>\n<link rel=\"canonical\" href=\"https:\/\/mattia.com\/produkt\/textilplatta-works-sense-shell\/\" \/>\n<meta property=\"og:locale\" content=\"en_US\" \/>\n<meta property=\"og:type\" content=\"article\" \/>\n<meta property=\"og:title\" content=\"Textilplatta Interface Works Sense - Shell\" \/>\n<meta property=\"og:description\" content=\"K\u00f6p Textilplatta Works Sense - Shell hos Mattia. H\u00f6g kvalitet till marknadens b\u00e4sta priser med snabb leverans och fri frakt!\" \/>\n<meta property=\"og:url\" content=\"https:\/\/mattia.com\/produkt\/textilplatta-works-sense-shell\/\" \/>\n<meta property=\"og:site_name\" content=\"Mattia\" \/>\n<meta property=\"article:publisher\" content=\"https:\/\/www.facebook.com\/Textilplattor\" \/>\n<meta property=\"article:modified_time\" content=\"2025-11-18T08:02:46+00:00\" \/>\n<meta property=\"og:image\" content=\"https:\/\/mattia.com\/wp-content\/uploads\/2025\/05\/Work-Sense-4312007-1012x1024.jpg\" \/>\n\t<meta property=\"og:image:width\" content=\"1012\" \/>\n\t<meta property=\"og:image:height\" content=\"1024\" \/>\n\t<meta property=\"og:image:type\" content=\"image\/jpeg\" \/>\n<meta name=\"twitter:card\" content=\"summary_large_image\" \/>\n<meta name=\"twitter:label1\" content=\"Est. reading time\" \/>\n\t<meta name=\"twitter:data1\" content=\"1 minute\" \/>\n<script type=\"application\/ld+json\" class=\"yoast-schema-graph\">{\"@context\":\"https:\/\/schema.org\",\"@graph\":[{\"@type\":\"WebPage\",\"@id\":\"https:\/\/mattia.com\/produkt\/textilplatta-works-sense-shell\/\",\"url\":\"https:\/\/mattia.com\/produkt\/textilplatta-works-sense-shell\/\",\"name\":\"Textilplatta Interface Works Sense - Shell\",\"isPartOf\":{\"@id\":\"https:\/\/mattia.com\/#website\"},\"primaryImageOfPage\":{\"@id\":\"https:\/\/mattia.com\/produkt\/textilplatta-works-sense-shell\/#primaryimage\"},\"image\":{\"@id\":\"https:\/\/mattia.com\/produkt\/textilplatta-works-sense-shell\/#primaryimage\"},\"thumbnailUrl\":\"https:\/\/mattia.com\/wp-content\/uploads\/2025\/05\/Work-Sense-4312007-scaled.jpg\",\"datePublished\":\"2025-05-27T13:19:36+00:00\",\"dateModified\":\"2025-11-18T08:02:46+00:00\",\"description\":\"K\u00f6p Textilplatta Works Sense - Shell hos Mattia. H\u00f6g kvalitet till marknadens b\u00e4sta priser med snabb leverans och fri frakt!\",\"breadcrumb\":{\"@id\":\"https:\/\/mattia.com\/produkt\/textilplatta-works-sense-shell\/#breadcrumb\"},\"inLanguage\":\"en-US\",\"potentialAction\":[{\"@type\":\"ReadAction\",\"target\":[\"https:\/\/mattia.com\/produkt\/textilplatta-works-sense-shell\/\"]}]},{\"@type\":\"ImageObject\",\"inLanguage\":\"en-US\",\"@id\":\"https:\/\/mattia.com\/produkt\/textilplatta-works-sense-shell\/#primaryimage\",\"url\":\"https:\/\/mattia.com\/wp-content\/uploads\/2025\/05\/Work-Sense-4312007-scaled.jpg\",\"contentUrl\":\"https:\/\/mattia.com\/wp-content\/uploads\/2025\/05\/Work-Sense-4312007-scaled.jpg\",\"width\":2530,\"height\":2560},{\"@type\":\"BreadcrumbList\",\"@id\":\"https:\/\/mattia.com\/produkt\/textilplatta-works-sense-shell\/#breadcrumb\",\"itemListElement\":[{\"@type\":\"ListItem\",\"position\":1,\"name\":\"Hem\",\"item\":\"https:\/\/mattia.com\/\"},{\"@type\":\"ListItem\",\"position\":2,\"name\":\"Textilplattor\",\"item\":\"https:\/\/mattia.com\/shop\/\"},{\"@type\":\"ListItem\",\"position\":3,\"name\":\"Interface\",\"item\":\"https:\/\/mattia.com\/varumarke\/interface\/\"},{\"@type\":\"ListItem\",\"position\":4,\"name\":\"Textilplatta Works Sense &#8211; Shell\"}]},{\"@type\":\"WebSite\",\"@id\":\"https:\/\/mattia.com\/#website\",\"url\":\"https:\/\/mattia.com\/\",\"name\":\"Mattia\",\"description\":\"Textilplattor till marknadens b\u00e4sta priser\",\"publisher\":{\"@id\":\"https:\/\/mattia.com\/#organization\"},\"potentialAction\":[{\"@type\":\"SearchAction\",\"target\":{\"@type\":\"EntryPoint\",\"urlTemplate\":\"https:\/\/mattia.com\/?s={search_term_string}\"},\"query-input\":{\"@type\":\"PropertyValueSpecification\",\"valueRequired\":true,\"valueName\":\"search_term_string\"}}],\"inLanguage\":\"en-US\"},{\"@type\":\"Organization\",\"@id\":\"https:\/\/mattia.com\/#organization\",\"name\":\"Mattia AB\",\"alternateName\":\"Mattia\",\"url\":\"https:\/\/mattia.com\/\",\"logo\":{\"@type\":\"ImageObject\",\"inLanguage\":\"en-US\",\"@id\":\"https:\/\/mattia.com\/#\/schema\/logo\/image\/\",\"url\":\"https:\/\/mattia.com\/wp-content\/uploads\/2020\/04\/logotype-1.png\",\"contentUrl\":\"https:\/\/mattia.com\/wp-content\/uploads\/2020\/04\/logotype-1.png\",\"width\":319,\"height\":90,\"caption\":\"Mattia AB\"},\"image\":{\"@id\":\"https:\/\/mattia.com\/#\/schema\/logo\/image\/\"},\"sameAs\":[\"https:\/\/www.facebook.com\/Textilplattor\"]}]}<\/script>\n<!-- \/ Yoast SEO plugin. -->","yoast_head_json":{"title":"Textilplatta Interface Works Sense - Shell","description":"K\u00f6p Textilplatta Works Sense - Shell hos Mattia. H\u00f6g kvalitet till marknadens b\u00e4sta priser med snabb leverans och fri frakt!","robots":{"index":"index","follow":"follow","max-snippet":"max-snippet:-1","max-image-preview":"max-image-preview:large","max-video-preview":"max-video-preview:-1"},"canonical":"https:\/\/mattia.com\/produkt\/textilplatta-works-sense-shell\/","og_locale":"en_US","og_type":"article","og_title":"Textilplatta Interface Works Sense - Shell","og_description":"K\u00f6p Textilplatta Works Sense - Shell hos Mattia. H\u00f6g kvalitet till marknadens b\u00e4sta priser med snabb leverans och fri frakt!","og_url":"https:\/\/mattia.com\/produkt\/textilplatta-works-sense-shell\/","og_site_name":"Mattia","article_publisher":"https:\/\/www.facebook.com\/Textilplattor","article_modified_time":"2025-11-18T08:02:46+00:00","og_image":[{"width":1012,"height":1024,"url":"https:\/\/mattia.com\/wp-content\/uploads\/2025\/05\/Work-Sense-4312007-1012x1024.jpg","type":"image\/jpeg"}],"twitter_card":"summary_large_image","twitter_misc":{"Est. reading time":"1 minute"},"schema":{"@context":"https:\/\/schema.org","@graph":[{"@type":"WebPage","@id":"https:\/\/mattia.com\/produkt\/textilplatta-works-sense-shell\/","url":"https:\/\/mattia.com\/produkt\/textilplatta-works-sense-shell\/","name":"Textilplatta Interface Works Sense - Shell","isPartOf":{"@id":"https:\/\/mattia.com\/#website"},"primaryImageOfPage":{"@id":"https:\/\/mattia.com\/produkt\/textilplatta-works-sense-shell\/#primaryimage"},"image":{"@id":"https:\/\/mattia.com\/produkt\/textilplatta-works-sense-shell\/#primaryimage"},"thumbnailUrl":"https:\/\/mattia.com\/wp-content\/uploads\/2025\/05\/Work-Sense-4312007-scaled.jpg","datePublished":"2025-05-27T13:19:36+00:00","dateModified":"2025-11-18T08:02:46+00:00","description":"K\u00f6p Textilplatta Works Sense - Shell hos Mattia. H\u00f6g kvalitet till marknadens b\u00e4sta priser med snabb leverans och fri frakt!","breadcrumb":{"@id":"https:\/\/mattia.com\/produkt\/textilplatta-works-sense-shell\/#breadcrumb"},"inLanguage":"en-US","potentialAction":[{"@type":"ReadAction","target":["https:\/\/mattia.com\/produkt\/textilplatta-works-sense-shell\/"]}]},{"@type":"ImageObject","inLanguage":"en-US","@id":"https:\/\/mattia.com\/produkt\/textilplatta-works-sense-shell\/#primaryimage","url":"https:\/\/mattia.com\/wp-content\/uploads\/2025\/05\/Work-Sense-4312007-scaled.jpg","contentUrl":"https:\/\/mattia.com\/wp-content\/uploads\/2025\/05\/Work-Sense-4312007-scaled.jpg","width":2530,"height":2560},{"@type":"BreadcrumbList","@id":"https:\/\/mattia.com\/produkt\/textilplatta-works-sense-shell\/#breadcrumb","itemListElement":[{"@type":"ListItem","position":1,"name":"Hem","item":"https:\/\/mattia.com\/"},{"@type":"ListItem","position":2,"name":"Textilplattor","item":"https:\/\/mattia.com\/shop\/"},{"@type":"ListItem","position":3,"name":"Interface","item":"https:\/\/mattia.com\/varumarke\/interface\/"},{"@type":"ListItem","position":4,"name":"Textilplatta Works Sense &#8211; Shell"}]},{"@type":"WebSite","@id":"https:\/\/mattia.com\/#website","url":"https:\/\/mattia.com\/","name":"Mattia","description":"Textilplattor till marknadens b\u00e4sta priser","publisher":{"@id":"https:\/\/mattia.com\/#organization"},"potentialAction":[{"@type":"SearchAction","target":{"@type":"EntryPoint","urlTemplate":"https:\/\/mattia.com\/?s={search_term_string}"},"query-input":{"@type":"PropertyValueSpecification","valueRequired":true,"valueName":"search_term_string"}}],"inLanguage":"en-US"},{"@type":"Organization","@id":"https:\/\/mattia.com\/#organization","name":"Mattia AB","alternateName":"Mattia","url":"https:\/\/mattia.com\/","logo":{"@type":"ImageObject","inLanguage":"en-US","@id":"https:\/\/mattia.com\/#\/schema\/logo\/image\/","url":"https:\/\/mattia.com\/wp-content\/uploads\/2020\/04\/logotype-1.png","contentUrl":"https:\/\/mattia.com\/wp-content\/uploads\/2020\/04\/logotype-1.png","width":319,"height":90,"caption":"Mattia AB"},"image":{"@id":"https:\/\/mattia.com\/#\/schema\/logo\/image\/"},"sameAs":["https:\/\/www.facebook.com\/Textilplattor"]}]}},"_links":{"self":[{"href":"https:\/\/mattia.com\/en\/wp-json\/wp\/v2\/product\/4292","targetHints":{"allow":["GET"]}}],"collection":[{"href":"https:\/\/mattia.com\/en\/wp-json\/wp\/v2\/product"}],"about":[{"href":"https:\/\/mattia.com\/en\/wp-json\/wp\/v2\/types\/product"}],"replies":[{"embeddable":true,"href":"https:\/\/mattia.com\/en\/wp-json\/wp\/v2\/comments?post=4292"}],"wp:featuredmedia":[{"embeddable":true,"href":"https:\/\/mattia.com\/en\/wp-json\/wp\/v2\/media\/4294"}],"wp:attachment":[{"href":"https:\/\/mattia.com\/en\/wp-json\/wp\/v2\/media?parent=4292"}],"wp:term":[{"taxonomy":"product_brand","embeddable":true,"href":"https:\/\/mattia.com\/en\/wp-json\/wp\/v2\/product_brand?post=4292"},{"taxonomy":"product_cat","embeddable":true,"href":"https:\/\/mattia.com\/en\/wp-json\/wp\/v2\/product_cat?post=4292"},{"taxonomy":"product_tag","embeddable":true,"href":"https:\/\/mattia.com\/en\/wp-json\/wp\/v2\/product_tag?post=4292"}],"curies":[{"name":"wp","href":"https:\/\/api.w.org\/{rel}","templated":true}]}}