{"id":4852,"date":"2026-04-02T05:42:21","date_gmt":"2026-04-02T04:42:21","guid":{"rendered":"https:\/\/mattia.com\/?post_type=product&#038;p=4852"},"modified":"2026-04-02T06:31:02","modified_gmt":"2026-04-02T05:31:02","slug":"textilplatta-heuga-530-bark","status":"publish","type":"product","link":"https:\/\/mattia.com\/en\/produkt\/textilplatta-heuga-530-bark\/","title":{"rendered":"Textilplatta Heuga 530 Bark"},"content":{"rendered":"<p>Tillf\u00e4lligt parti f\u00f6r 279 kr\/kvm ex moms &#8211; s\u00e5 l\u00e4nge lagret r\u00e4cker!<\/p>\n<p>Heuga 530 \u00e4r en modul\u00e4r textilplatta som \u00e4r 50 x 50 cm &#8211; Utm\u00e4rkt till kontor och liknande milj\u00f6er som vill skapa en k\u00e4nsla av lyx och ombodnad.<\/p>\n<p>Heuga 530 \u00e4r utformad f\u00f6r att vara slitstark och ljudabsorberande, vilket g\u00f6r den till ett popul\u00e4rt val f\u00f6r b\u00e5de kommersiella och privata byggnader. Textilplattorna \u00e4r ocks\u00e5 l\u00e4tta att installera och underh\u00e5lla.<br \/>\nDessa textila mattor fungerar perfekt i utrymmen s\u00e5 som restaurangen, kontor och andra aff\u00e4rslokaler.<\/p>\n<p>En av de fr\u00e4msta f\u00f6rdelarna med Heuga 530 \u00e4r dess flexibilitet. Eftersom textilplattorna \u00e4r modul\u00e4ra kan de enkelt anpassas och bytas ut vid behov. Det g\u00f6r ocks\u00e5 att man kan skapa olika m\u00f6nster och design p\u00e5 golvet.<\/p>\n<p>Sammanfattningsvis \u00e4r Heuga 530 en modul\u00e4r textilplatta som \u00e4r slitstark, ljudabsorberande och flexibel. Den \u00e4r ett popul\u00e4rt val f\u00f6r olika typer av byggnader p\u00e5 grund av dess funktionella och estetiska egenskaper.<\/p>\n","protected":false},"excerpt":{"rendered":"<p>Tillf\u00e4lligt parti f\u00f6r 279 kr\/kvm ex moms &#8211; s\u00e5 l\u00e4nge lagret r\u00e4cker!<\/p>\n<p>Heuga 530 \u00e4r en modul\u00e4r textilplatta som \u00e4r 50 x 50 cm &#8211; Utm\u00e4rkt till kontor och liknande milj\u00f6er som vill skapa en k\u00e4nsla av lyx och ombodnad.<\/p>\n<p>Heuga 530 \u00e4r utformad f\u00f6r att vara slitstark och ljudabsorberande, vilket g\u00f6r den till ett popul\u00e4rt val f\u00f6r b\u00e5de kommersiella och privata byggnader. Textilplattorna \u00e4r ocks\u00e5 l\u00e4tta att installera och underh\u00e5lla.<br \/>\nDessa textila mattor fungerar perfekt i utrymmen s\u00e5 som restaurangen, kontor och andra aff\u00e4rslokaler.<\/p>\n","protected":false},"featured_media":4854,"comment_status":"closed","ping_status":"closed","template":"","meta":{"_acf_changed":false},"product_brand":[],"product_cat":[141,60,87,77,24],"product_tag":[],"class_list":{"0":"post-4852","1":"product","2":"type-product","3":"status-publish","4":"has-post-thumbnail","6":"product_cat-textilplattor","7":"product_cat-alla-produkter","8":"product_cat-interface","9":"product_cat-heuga-530","10":"product_cat-rea-tillfalliga-partier","11":"pa_farg-beige","12":"pa_farg-brun","13":"pa_produktklass-33-hard-pafrastning","14":"pa_sortering-1-a-sort","15":"pa_storlek-per-platta-cm-50x50","16":"pa_varumarke-interface","17":"tm-no-options","19":"first","20":"instock","21":"sale","22":"taxable","23":"shipping-taxable","24":"purchasable","25":"product-type-simple"},"composite_layout":"","composite_add_to_cart_form_location":"","composite_editable_in_cart":false,"composite_sold_individually_context":"","composite_shop_price_calc":"","composite_components":[],"composite_scenarios":[],"acf":[],"yoast_head":"<!-- This site is optimized with the Yoast SEO plugin v24.3 - https:\/\/yoast.com\/wordpress\/plugins\/seo\/ -->\n<title>Textilplatta Interface Heuga 530 Brown\/Beige<\/title>\n<meta name=\"description\" content=\"K\u00f6p Textilplatta Heuga 530 Bark hos Mattia. H\u00f6g kvalitet till marknadens b\u00e4sta priser med snabb leverans och fri frakt!\" \/>\n<meta name=\"robots\" content=\"index, follow, max-snippet:-1, max-image-preview:large, max-video-preview:-1\" \/>\n<link rel=\"canonical\" href=\"https:\/\/mattia.com\/produkt\/textilplatta-heuga-530-bark\/\" \/>\n<meta property=\"og:locale\" content=\"en_US\" \/>\n<meta property=\"og:type\" content=\"article\" \/>\n<meta property=\"og:title\" content=\"Textilplatta Interface Heuga 530 Brown\/Beige\" \/>\n<meta property=\"og:description\" content=\"K\u00f6p Textilplatta Heuga 530 Bark hos Mattia. H\u00f6g kvalitet till marknadens b\u00e4sta priser med snabb leverans och fri frakt!\" \/>\n<meta property=\"og:url\" content=\"https:\/\/mattia.com\/produkt\/textilplatta-heuga-530-bark\/\" \/>\n<meta property=\"og:site_name\" content=\"Mattia\" \/>\n<meta property=\"article:publisher\" content=\"https:\/\/www.facebook.com\/Textilplattor\" \/>\n<meta property=\"article:modified_time\" content=\"2026-04-02T05:31:02+00:00\" \/>\n<meta property=\"og:image\" content=\"https:\/\/mattia.com\/wp-content\/uploads\/2026\/04\/Heuga-530-Bark-1.jpg\" \/>\n\t<meta property=\"og:image:width\" content=\"976\" \/>\n\t<meta property=\"og:image:height\" content=\"940\" \/>\n\t<meta property=\"og:image:type\" content=\"image\/jpeg\" \/>\n<meta name=\"twitter:card\" content=\"summary_large_image\" \/>\n<meta name=\"twitter:label1\" content=\"Est. reading time\" \/>\n\t<meta name=\"twitter:data1\" content=\"1 minute\" \/>\n<script type=\"application\/ld+json\" class=\"yoast-schema-graph\">{\"@context\":\"https:\/\/schema.org\",\"@graph\":[{\"@type\":\"WebPage\",\"@id\":\"https:\/\/mattia.com\/produkt\/textilplatta-heuga-530-bark\/\",\"url\":\"https:\/\/mattia.com\/produkt\/textilplatta-heuga-530-bark\/\",\"name\":\"Textilplatta Interface Heuga 530 Brown\/Beige\",\"isPartOf\":{\"@id\":\"https:\/\/mattia.com\/#website\"},\"primaryImageOfPage\":{\"@id\":\"https:\/\/mattia.com\/produkt\/textilplatta-heuga-530-bark\/#primaryimage\"},\"image\":{\"@id\":\"https:\/\/mattia.com\/produkt\/textilplatta-heuga-530-bark\/#primaryimage\"},\"thumbnailUrl\":\"https:\/\/mattia.com\/wp-content\/uploads\/2026\/04\/Heuga-530-Bark-1.jpg\",\"datePublished\":\"2026-04-02T04:42:21+00:00\",\"dateModified\":\"2026-04-02T05:31:02+00:00\",\"description\":\"K\u00f6p Textilplatta Heuga 530 Bark hos Mattia. H\u00f6g kvalitet till marknadens b\u00e4sta priser med snabb leverans och fri frakt!\",\"breadcrumb\":{\"@id\":\"https:\/\/mattia.com\/produkt\/textilplatta-heuga-530-bark\/#breadcrumb\"},\"inLanguage\":\"en-US\",\"potentialAction\":[{\"@type\":\"ReadAction\",\"target\":[\"https:\/\/mattia.com\/produkt\/textilplatta-heuga-530-bark\/\"]}]},{\"@type\":\"ImageObject\",\"inLanguage\":\"en-US\",\"@id\":\"https:\/\/mattia.com\/produkt\/textilplatta-heuga-530-bark\/#primaryimage\",\"url\":\"https:\/\/mattia.com\/wp-content\/uploads\/2026\/04\/Heuga-530-Bark-1.jpg\",\"contentUrl\":\"https:\/\/mattia.com\/wp-content\/uploads\/2026\/04\/Heuga-530-Bark-1.jpg\",\"width\":976,\"height\":940,\"caption\":\"Textilplatta inredning\"},{\"@type\":\"BreadcrumbList\",\"@id\":\"https:\/\/mattia.com\/produkt\/textilplatta-heuga-530-bark\/#breadcrumb\",\"itemListElement\":[{\"@type\":\"ListItem\",\"position\":1,\"name\":\"Hem\",\"item\":\"https:\/\/mattia.com\/\"},{\"@type\":\"ListItem\",\"position\":2,\"name\":\"Textilplattor\",\"item\":\"https:\/\/mattia.com\/shop\/\"},{\"@type\":\"ListItem\",\"position\":3,\"name\":\"Interface\",\"item\":\"https:\/\/mattia.com\/varumarke\/interface\/\"},{\"@type\":\"ListItem\",\"position\":4,\"name\":\"Textilplatta Heuga 530 Bark\"}]},{\"@type\":\"WebSite\",\"@id\":\"https:\/\/mattia.com\/#website\",\"url\":\"https:\/\/mattia.com\/\",\"name\":\"Mattia\",\"description\":\"Textilplattor till marknadens b\u00e4sta priser\",\"publisher\":{\"@id\":\"https:\/\/mattia.com\/#organization\"},\"potentialAction\":[{\"@type\":\"SearchAction\",\"target\":{\"@type\":\"EntryPoint\",\"urlTemplate\":\"https:\/\/mattia.com\/?s={search_term_string}\"},\"query-input\":{\"@type\":\"PropertyValueSpecification\",\"valueRequired\":true,\"valueName\":\"search_term_string\"}}],\"inLanguage\":\"en-US\"},{\"@type\":\"Organization\",\"@id\":\"https:\/\/mattia.com\/#organization\",\"name\":\"Mattia AB\",\"alternateName\":\"Mattia\",\"url\":\"https:\/\/mattia.com\/\",\"logo\":{\"@type\":\"ImageObject\",\"inLanguage\":\"en-US\",\"@id\":\"https:\/\/mattia.com\/#\/schema\/logo\/image\/\",\"url\":\"https:\/\/mattia.com\/wp-content\/uploads\/2020\/04\/logotype-1.png\",\"contentUrl\":\"https:\/\/mattia.com\/wp-content\/uploads\/2020\/04\/logotype-1.png\",\"width\":319,\"height\":90,\"caption\":\"Mattia AB\"},\"image\":{\"@id\":\"https:\/\/mattia.com\/#\/schema\/logo\/image\/\"},\"sameAs\":[\"https:\/\/www.facebook.com\/Textilplattor\"]}]}<\/script>\n<!-- \/ Yoast SEO plugin. -->","yoast_head_json":{"title":"Textilplatta Interface Heuga 530 Brown\/Beige","description":"K\u00f6p Textilplatta Heuga 530 Bark hos Mattia. H\u00f6g kvalitet till marknadens b\u00e4sta priser med snabb leverans och fri frakt!","robots":{"index":"index","follow":"follow","max-snippet":"max-snippet:-1","max-image-preview":"max-image-preview:large","max-video-preview":"max-video-preview:-1"},"canonical":"https:\/\/mattia.com\/produkt\/textilplatta-heuga-530-bark\/","og_locale":"en_US","og_type":"article","og_title":"Textilplatta Interface Heuga 530 Brown\/Beige","og_description":"K\u00f6p Textilplatta Heuga 530 Bark hos Mattia. H\u00f6g kvalitet till marknadens b\u00e4sta priser med snabb leverans och fri frakt!","og_url":"https:\/\/mattia.com\/produkt\/textilplatta-heuga-530-bark\/","og_site_name":"Mattia","article_publisher":"https:\/\/www.facebook.com\/Textilplattor","article_modified_time":"2026-04-02T05:31:02+00:00","og_image":[{"width":976,"height":940,"url":"https:\/\/mattia.com\/wp-content\/uploads\/2026\/04\/Heuga-530-Bark-1.jpg","type":"image\/jpeg"}],"twitter_card":"summary_large_image","twitter_misc":{"Est. reading time":"1 minute"},"schema":{"@context":"https:\/\/schema.org","@graph":[{"@type":"WebPage","@id":"https:\/\/mattia.com\/produkt\/textilplatta-heuga-530-bark\/","url":"https:\/\/mattia.com\/produkt\/textilplatta-heuga-530-bark\/","name":"Textilplatta Interface Heuga 530 Brown\/Beige","isPartOf":{"@id":"https:\/\/mattia.com\/#website"},"primaryImageOfPage":{"@id":"https:\/\/mattia.com\/produkt\/textilplatta-heuga-530-bark\/#primaryimage"},"image":{"@id":"https:\/\/mattia.com\/produkt\/textilplatta-heuga-530-bark\/#primaryimage"},"thumbnailUrl":"https:\/\/mattia.com\/wp-content\/uploads\/2026\/04\/Heuga-530-Bark-1.jpg","datePublished":"2026-04-02T04:42:21+00:00","dateModified":"2026-04-02T05:31:02+00:00","description":"K\u00f6p Textilplatta Heuga 530 Bark hos Mattia. H\u00f6g kvalitet till marknadens b\u00e4sta priser med snabb leverans och fri frakt!","breadcrumb":{"@id":"https:\/\/mattia.com\/produkt\/textilplatta-heuga-530-bark\/#breadcrumb"},"inLanguage":"en-US","potentialAction":[{"@type":"ReadAction","target":["https:\/\/mattia.com\/produkt\/textilplatta-heuga-530-bark\/"]}]},{"@type":"ImageObject","inLanguage":"en-US","@id":"https:\/\/mattia.com\/produkt\/textilplatta-heuga-530-bark\/#primaryimage","url":"https:\/\/mattia.com\/wp-content\/uploads\/2026\/04\/Heuga-530-Bark-1.jpg","contentUrl":"https:\/\/mattia.com\/wp-content\/uploads\/2026\/04\/Heuga-530-Bark-1.jpg","width":976,"height":940,"caption":"Textilplatta inredning"},{"@type":"BreadcrumbList","@id":"https:\/\/mattia.com\/produkt\/textilplatta-heuga-530-bark\/#breadcrumb","itemListElement":[{"@type":"ListItem","position":1,"name":"Hem","item":"https:\/\/mattia.com\/"},{"@type":"ListItem","position":2,"name":"Textilplattor","item":"https:\/\/mattia.com\/shop\/"},{"@type":"ListItem","position":3,"name":"Interface","item":"https:\/\/mattia.com\/varumarke\/interface\/"},{"@type":"ListItem","position":4,"name":"Textilplatta Heuga 530 Bark"}]},{"@type":"WebSite","@id":"https:\/\/mattia.com\/#website","url":"https:\/\/mattia.com\/","name":"Mattia","description":"Textilplattor till marknadens b\u00e4sta priser","publisher":{"@id":"https:\/\/mattia.com\/#organization"},"potentialAction":[{"@type":"SearchAction","target":{"@type":"EntryPoint","urlTemplate":"https:\/\/mattia.com\/?s={search_term_string}"},"query-input":{"@type":"PropertyValueSpecification","valueRequired":true,"valueName":"search_term_string"}}],"inLanguage":"en-US"},{"@type":"Organization","@id":"https:\/\/mattia.com\/#organization","name":"Mattia AB","alternateName":"Mattia","url":"https:\/\/mattia.com\/","logo":{"@type":"ImageObject","inLanguage":"en-US","@id":"https:\/\/mattia.com\/#\/schema\/logo\/image\/","url":"https:\/\/mattia.com\/wp-content\/uploads\/2020\/04\/logotype-1.png","contentUrl":"https:\/\/mattia.com\/wp-content\/uploads\/2020\/04\/logotype-1.png","width":319,"height":90,"caption":"Mattia AB"},"image":{"@id":"https:\/\/mattia.com\/#\/schema\/logo\/image\/"},"sameAs":["https:\/\/www.facebook.com\/Textilplattor"]}]}},"_links":{"self":[{"href":"https:\/\/mattia.com\/en\/wp-json\/wp\/v2\/product\/4852","targetHints":{"allow":["GET"]}}],"collection":[{"href":"https:\/\/mattia.com\/en\/wp-json\/wp\/v2\/product"}],"about":[{"href":"https:\/\/mattia.com\/en\/wp-json\/wp\/v2\/types\/product"}],"replies":[{"embeddable":true,"href":"https:\/\/mattia.com\/en\/wp-json\/wp\/v2\/comments?post=4852"}],"wp:featuredmedia":[{"embeddable":true,"href":"https:\/\/mattia.com\/en\/wp-json\/wp\/v2\/media\/4854"}],"wp:attachment":[{"href":"https:\/\/mattia.com\/en\/wp-json\/wp\/v2\/media?parent=4852"}],"wp:term":[{"taxonomy":"product_brand","embeddable":true,"href":"https:\/\/mattia.com\/en\/wp-json\/wp\/v2\/product_brand?post=4852"},{"taxonomy":"product_cat","embeddable":true,"href":"https:\/\/mattia.com\/en\/wp-json\/wp\/v2\/product_cat?post=4852"},{"taxonomy":"product_tag","embeddable":true,"href":"https:\/\/mattia.com\/en\/wp-json\/wp\/v2\/product_tag?post=4852"}],"curies":[{"name":"wp","href":"https:\/\/api.w.org\/{rel}","templated":true}]}}