{"id":4883,"date":"2026-04-16T13:52:24","date_gmt":"2026-04-16T12:52:24","guid":{"rendered":"https:\/\/mattia.com\/?post_type=product&#038;p=4883"},"modified":"2026-04-16T14:29:58","modified_gmt":"2026-04-16T13:29:58","slug":"textilplatta-weave-57-prm-030","status":"publish","type":"product","link":"https:\/\/mattia.com\/en\/produkt\/textilplatta-weave-57-prm-030\/","title":{"rendered":"Textilplatta Weave 57 PRM 030"},"content":{"rendered":"<p>Tillf\u00e4lligt parti f\u00f6r 159 kr\/kvm ex moms.<br \/>\nOrdinarie Pris 799 kr\/kvm ex moms<\/p>\n<p>En slitstark och stilren textilplatta med klassisk ribbad struktur som passar perfekt i b\u00e5de hemmilj\u00f6er och offentliga ytor. Den diskreta designen ger ett lugnt och enhetligt intryck samtidigt som den tillf\u00f6r v\u00e4rme och komfort till rummet.<\/p>\n<p>Plattorna \u00e4r enkla att l\u00e4gga, vilket g\u00f6r det smidigt att anpassa golvet efter egna behov \u2013 oavsett om det g\u00e4ller ett mindre rum eller st\u00f6rre ytor. Den t\u00e5liga ytan g\u00f6r dem s\u00e4rskilt l\u00e4mpliga f\u00f6r omr\u00e5den med mycket r\u00f6relse, som kontor, butiker eller hallar.<\/p>\n<p>Ett praktiskt och snyggt val f\u00f6r dig som vill kombinera funktion, h\u00e5llbarhet och modern design.<\/p>\n","protected":false},"excerpt":{"rendered":"<p><strong>Tillf\u00e4lligt parti f\u00f6r 159 kr\/kvm ex moms vid minimiorder p\u00e5 50 kvm<br \/>\nOrdinarie Pris 799 kr\/kvm ex moms<\/strong><\/p>\n<p>En slitstark och stilren textilplatta med klassisk ribbad struktur som passar perfekt i b\u00e5de hemmilj\u00f6er och offentliga ytor. Den diskreta designen ger ett lugnt och enhetligt intryck samtidigt som den tillf\u00f6r v\u00e4rme och komfort till rummet.<\/p>\n<p>Plattorna \u00e4r enkla att l\u00e4gga, vilket g\u00f6r det smidigt att anpassa golvet efter egna behov \u2013 oavsett om det g\u00e4ller ett mindre rum eller st\u00f6rre ytor. Den t\u00e5liga ytan g\u00f6r dem s\u00e4rskilt l\u00e4mpliga f\u00f6r omr\u00e5den med mycket r\u00f6relse, som kontor, butiker eller hallar.<\/p>\n<p>Ett praktiskt och snyggt val f\u00f6r dig som vill kombinera funktion, h\u00e5llbarhet och modern design.<\/p>\n","protected":false},"featured_media":4884,"comment_status":"closed","ping_status":"closed","template":"","meta":{"_acf_changed":false},"product_brand":[],"product_cat":[141,60,24],"product_tag":[],"class_list":{"0":"post-4883","1":"product","2":"type-product","3":"status-publish","4":"has-post-thumbnail","6":"product_cat-textilplattor","7":"product_cat-alla-produkter","8":"product_cat-rea-tillfalliga-partier","9":"pa_farg-bla","10":"pa_produktklass-33-hard-pafrastning","11":"pa_sortering-1-a-sort","12":"pa_storlek-per-platta-cm-textilplatta-59x59","13":"tm-no-options","15":"first","16":"instock","17":"sale","18":"taxable","19":"shipping-taxable","20":"purchasable","21":"product-type-simple"},"composite_layout":"","composite_add_to_cart_form_location":"","composite_editable_in_cart":false,"composite_sold_individually_context":"","composite_shop_price_calc":"","composite_components":[],"composite_scenarios":[],"acf":[],"yoast_head":"<!-- This site is optimized with the Yoast SEO plugin v24.3 - https:\/\/yoast.com\/wordpress\/plugins\/seo\/ -->\n<title>Textilplatta Weave 57 PRM 030<\/title>\n<meta name=\"description\" content=\"K\u00f6p Textilplatta Weave 57 PRM 030 hos Mattia. H\u00f6g kvalitet till marknadens b\u00e4sta priser med snabb leverans och fri frakt!\" \/>\n<meta name=\"robots\" content=\"index, follow, max-snippet:-1, max-image-preview:large, max-video-preview:-1\" \/>\n<link rel=\"canonical\" href=\"https:\/\/mattia.com\/produkt\/textilplatta-weave-57-prm-030\/\" \/>\n<meta property=\"og:locale\" content=\"en_US\" \/>\n<meta property=\"og:type\" content=\"article\" \/>\n<meta property=\"og:title\" content=\"Textilplatta Weave 57 PRM 030\" \/>\n<meta property=\"og:description\" content=\"K\u00f6p Textilplatta Weave 57 PRM 030 hos Mattia. H\u00f6g kvalitet till marknadens b\u00e4sta priser med snabb leverans och fri frakt!\" \/>\n<meta property=\"og:url\" content=\"https:\/\/mattia.com\/produkt\/textilplatta-weave-57-prm-030\/\" \/>\n<meta property=\"og:site_name\" content=\"Mattia\" \/>\n<meta property=\"article:publisher\" content=\"https:\/\/www.facebook.com\/Textilplattor\" \/>\n<meta property=\"article:modified_time\" content=\"2026-04-16T13:29:58+00:00\" \/>\n<meta property=\"og:image\" content=\"https:\/\/mattia.com\/wp-content\/uploads\/2026\/04\/Anker-Perlon-Rips-091010-030.jpg\" \/>\n\t<meta property=\"og:image:width\" content=\"2048\" \/>\n\t<meta property=\"og:image:height\" content=\"2048\" \/>\n\t<meta property=\"og:image:type\" content=\"image\/jpeg\" \/>\n<meta name=\"twitter:card\" content=\"summary_large_image\" \/>\n<meta name=\"twitter:label1\" content=\"Est. reading time\" \/>\n\t<meta name=\"twitter:data1\" content=\"1 minute\" \/>\n<script type=\"application\/ld+json\" class=\"yoast-schema-graph\">{\"@context\":\"https:\/\/schema.org\",\"@graph\":[{\"@type\":\"WebPage\",\"@id\":\"https:\/\/mattia.com\/produkt\/textilplatta-weave-57-prm-030\/\",\"url\":\"https:\/\/mattia.com\/produkt\/textilplatta-weave-57-prm-030\/\",\"name\":\"Textilplatta Weave 57 PRM 030\",\"isPartOf\":{\"@id\":\"https:\/\/mattia.com\/#website\"},\"primaryImageOfPage\":{\"@id\":\"https:\/\/mattia.com\/produkt\/textilplatta-weave-57-prm-030\/#primaryimage\"},\"image\":{\"@id\":\"https:\/\/mattia.com\/produkt\/textilplatta-weave-57-prm-030\/#primaryimage\"},\"thumbnailUrl\":\"https:\/\/mattia.com\/wp-content\/uploads\/2026\/04\/Anker-Perlon-Rips-091010-030.jpg\",\"datePublished\":\"2026-04-16T12:52:24+00:00\",\"dateModified\":\"2026-04-16T13:29:58+00:00\",\"description\":\"K\u00f6p Textilplatta Weave 57 PRM 030 hos Mattia. H\u00f6g kvalitet till marknadens b\u00e4sta priser med snabb leverans och fri frakt!\",\"breadcrumb\":{\"@id\":\"https:\/\/mattia.com\/produkt\/textilplatta-weave-57-prm-030\/#breadcrumb\"},\"inLanguage\":\"en-US\",\"potentialAction\":[{\"@type\":\"ReadAction\",\"target\":[\"https:\/\/mattia.com\/produkt\/textilplatta-weave-57-prm-030\/\"]}]},{\"@type\":\"ImageObject\",\"inLanguage\":\"en-US\",\"@id\":\"https:\/\/mattia.com\/produkt\/textilplatta-weave-57-prm-030\/#primaryimage\",\"url\":\"https:\/\/mattia.com\/wp-content\/uploads\/2026\/04\/Anker-Perlon-Rips-091010-030.jpg\",\"contentUrl\":\"https:\/\/mattia.com\/wp-content\/uploads\/2026\/04\/Anker-Perlon-Rips-091010-030.jpg\",\"width\":2048,\"height\":2048},{\"@type\":\"BreadcrumbList\",\"@id\":\"https:\/\/mattia.com\/produkt\/textilplatta-weave-57-prm-030\/#breadcrumb\",\"itemListElement\":[{\"@type\":\"ListItem\",\"position\":1,\"name\":\"Hem\",\"item\":\"https:\/\/mattia.com\/\"},{\"@type\":\"ListItem\",\"position\":2,\"name\":\"Textilplattor\",\"item\":\"https:\/\/mattia.com\/shop\/\"},{\"@type\":\"ListItem\",\"position\":3,\"name\":\"Textilplatta Weave 57 PRM 030\"}]},{\"@type\":\"WebSite\",\"@id\":\"https:\/\/mattia.com\/#website\",\"url\":\"https:\/\/mattia.com\/\",\"name\":\"Mattia\",\"description\":\"Textilplattor till marknadens b\u00e4sta priser\",\"publisher\":{\"@id\":\"https:\/\/mattia.com\/#organization\"},\"potentialAction\":[{\"@type\":\"SearchAction\",\"target\":{\"@type\":\"EntryPoint\",\"urlTemplate\":\"https:\/\/mattia.com\/?s={search_term_string}\"},\"query-input\":{\"@type\":\"PropertyValueSpecification\",\"valueRequired\":true,\"valueName\":\"search_term_string\"}}],\"inLanguage\":\"en-US\"},{\"@type\":\"Organization\",\"@id\":\"https:\/\/mattia.com\/#organization\",\"name\":\"Mattia AB\",\"alternateName\":\"Mattia\",\"url\":\"https:\/\/mattia.com\/\",\"logo\":{\"@type\":\"ImageObject\",\"inLanguage\":\"en-US\",\"@id\":\"https:\/\/mattia.com\/#\/schema\/logo\/image\/\",\"url\":\"https:\/\/mattia.com\/wp-content\/uploads\/2020\/04\/logotype-1.png\",\"contentUrl\":\"https:\/\/mattia.com\/wp-content\/uploads\/2020\/04\/logotype-1.png\",\"width\":319,\"height\":90,\"caption\":\"Mattia AB\"},\"image\":{\"@id\":\"https:\/\/mattia.com\/#\/schema\/logo\/image\/\"},\"sameAs\":[\"https:\/\/www.facebook.com\/Textilplattor\"]}]}<\/script>\n<!-- \/ Yoast SEO plugin. -->","yoast_head_json":{"title":"Textilplatta Weave 57 PRM 030","description":"K\u00f6p Textilplatta Weave 57 PRM 030 hos Mattia. H\u00f6g kvalitet till marknadens b\u00e4sta priser med snabb leverans och fri frakt!","robots":{"index":"index","follow":"follow","max-snippet":"max-snippet:-1","max-image-preview":"max-image-preview:large","max-video-preview":"max-video-preview:-1"},"canonical":"https:\/\/mattia.com\/produkt\/textilplatta-weave-57-prm-030\/","og_locale":"en_US","og_type":"article","og_title":"Textilplatta Weave 57 PRM 030","og_description":"K\u00f6p Textilplatta Weave 57 PRM 030 hos Mattia. H\u00f6g kvalitet till marknadens b\u00e4sta priser med snabb leverans och fri frakt!","og_url":"https:\/\/mattia.com\/produkt\/textilplatta-weave-57-prm-030\/","og_site_name":"Mattia","article_publisher":"https:\/\/www.facebook.com\/Textilplattor","article_modified_time":"2026-04-16T13:29:58+00:00","og_image":[{"width":2048,"height":2048,"url":"https:\/\/mattia.com\/wp-content\/uploads\/2026\/04\/Anker-Perlon-Rips-091010-030.jpg","type":"image\/jpeg"}],"twitter_card":"summary_large_image","twitter_misc":{"Est. reading time":"1 minute"},"schema":{"@context":"https:\/\/schema.org","@graph":[{"@type":"WebPage","@id":"https:\/\/mattia.com\/produkt\/textilplatta-weave-57-prm-030\/","url":"https:\/\/mattia.com\/produkt\/textilplatta-weave-57-prm-030\/","name":"Textilplatta Weave 57 PRM 030","isPartOf":{"@id":"https:\/\/mattia.com\/#website"},"primaryImageOfPage":{"@id":"https:\/\/mattia.com\/produkt\/textilplatta-weave-57-prm-030\/#primaryimage"},"image":{"@id":"https:\/\/mattia.com\/produkt\/textilplatta-weave-57-prm-030\/#primaryimage"},"thumbnailUrl":"https:\/\/mattia.com\/wp-content\/uploads\/2026\/04\/Anker-Perlon-Rips-091010-030.jpg","datePublished":"2026-04-16T12:52:24+00:00","dateModified":"2026-04-16T13:29:58+00:00","description":"K\u00f6p Textilplatta Weave 57 PRM 030 hos Mattia. H\u00f6g kvalitet till marknadens b\u00e4sta priser med snabb leverans och fri frakt!","breadcrumb":{"@id":"https:\/\/mattia.com\/produkt\/textilplatta-weave-57-prm-030\/#breadcrumb"},"inLanguage":"en-US","potentialAction":[{"@type":"ReadAction","target":["https:\/\/mattia.com\/produkt\/textilplatta-weave-57-prm-030\/"]}]},{"@type":"ImageObject","inLanguage":"en-US","@id":"https:\/\/mattia.com\/produkt\/textilplatta-weave-57-prm-030\/#primaryimage","url":"https:\/\/mattia.com\/wp-content\/uploads\/2026\/04\/Anker-Perlon-Rips-091010-030.jpg","contentUrl":"https:\/\/mattia.com\/wp-content\/uploads\/2026\/04\/Anker-Perlon-Rips-091010-030.jpg","width":2048,"height":2048},{"@type":"BreadcrumbList","@id":"https:\/\/mattia.com\/produkt\/textilplatta-weave-57-prm-030\/#breadcrumb","itemListElement":[{"@type":"ListItem","position":1,"name":"Hem","item":"https:\/\/mattia.com\/"},{"@type":"ListItem","position":2,"name":"Textilplattor","item":"https:\/\/mattia.com\/shop\/"},{"@type":"ListItem","position":3,"name":"Textilplatta Weave 57 PRM 030"}]},{"@type":"WebSite","@id":"https:\/\/mattia.com\/#website","url":"https:\/\/mattia.com\/","name":"Mattia","description":"Textilplattor till marknadens b\u00e4sta priser","publisher":{"@id":"https:\/\/mattia.com\/#organization"},"potentialAction":[{"@type":"SearchAction","target":{"@type":"EntryPoint","urlTemplate":"https:\/\/mattia.com\/?s={search_term_string}"},"query-input":{"@type":"PropertyValueSpecification","valueRequired":true,"valueName":"search_term_string"}}],"inLanguage":"en-US"},{"@type":"Organization","@id":"https:\/\/mattia.com\/#organization","name":"Mattia AB","alternateName":"Mattia","url":"https:\/\/mattia.com\/","logo":{"@type":"ImageObject","inLanguage":"en-US","@id":"https:\/\/mattia.com\/#\/schema\/logo\/image\/","url":"https:\/\/mattia.com\/wp-content\/uploads\/2020\/04\/logotype-1.png","contentUrl":"https:\/\/mattia.com\/wp-content\/uploads\/2020\/04\/logotype-1.png","width":319,"height":90,"caption":"Mattia AB"},"image":{"@id":"https:\/\/mattia.com\/#\/schema\/logo\/image\/"},"sameAs":["https:\/\/www.facebook.com\/Textilplattor"]}]}},"_links":{"self":[{"href":"https:\/\/mattia.com\/en\/wp-json\/wp\/v2\/product\/4883","targetHints":{"allow":["GET"]}}],"collection":[{"href":"https:\/\/mattia.com\/en\/wp-json\/wp\/v2\/product"}],"about":[{"href":"https:\/\/mattia.com\/en\/wp-json\/wp\/v2\/types\/product"}],"replies":[{"embeddable":true,"href":"https:\/\/mattia.com\/en\/wp-json\/wp\/v2\/comments?post=4883"}],"wp:featuredmedia":[{"embeddable":true,"href":"https:\/\/mattia.com\/en\/wp-json\/wp\/v2\/media\/4884"}],"wp:attachment":[{"href":"https:\/\/mattia.com\/en\/wp-json\/wp\/v2\/media?parent=4883"}],"wp:term":[{"taxonomy":"product_brand","embeddable":true,"href":"https:\/\/mattia.com\/en\/wp-json\/wp\/v2\/product_brand?post=4883"},{"taxonomy":"product_cat","embeddable":true,"href":"https:\/\/mattia.com\/en\/wp-json\/wp\/v2\/product_cat?post=4883"},{"taxonomy":"product_tag","embeddable":true,"href":"https:\/\/mattia.com\/en\/wp-json\/wp\/v2\/product_tag?post=4883"}],"curies":[{"name":"wp","href":"https:\/\/api.w.org\/{rel}","templated":true}]}}