{"id":794,"date":"2021-08-06T09:55:15","date_gmt":"2021-08-06T08:55:15","guid":{"rendered":"https:\/\/mattia.com\/?post_type=product&#038;p=794"},"modified":"2025-12-16T16:10:31","modified_gmt":"2025-12-16T15:10:31","slug":"heuga-530-carbon","status":"publish","type":"product","link":"https:\/\/mattia.com\/en\/produkt\/heuga-530-carbon\/","title":{"rendered":"Textilplatta Heuga 530 Carbon"},"content":{"rendered":"<p>Tillf\u00e4lligt parti f\u00f6r 249 kr\/kvm ex moms &#8211; s\u00e5 l\u00e4nge lagret r\u00e4cker!<\/p>\n<p>Heuga 530 \u00e4r en mycket slitstark och t\u00e5lig textilplatta i klassisk design med \u00f6glad mjuk lugg och ett svagt melerat m\u00f6nster som beh\u00e5ller sitt utseende under l\u00e5ng tid. Anpassad f\u00f6r kommersiell milj\u00f6 med h\u00f6g trafik s\u00e5som hotell, butiker, kontor och liknande utrymmen.<\/p>\n","protected":false},"excerpt":{"rendered":"<p>Heuga 530 \u00e4r en mycket slitstark och t\u00e5lig textilplatta i klassisk design med \u00f6glad mjuk lugg och ett svagt melerat m\u00f6nster som beh\u00e5ller sitt utseende under l\u00e5ng tid. Anpassad f\u00f6r kommersiell milj\u00f6 med h\u00f6g trafik s\u00e5som hotell, butiker, kontor och liknande utrymmen.<\/p>\n","protected":false},"featured_media":795,"comment_status":"closed","ping_status":"closed","template":"","meta":{"_acf_changed":false},"product_brand":[],"product_cat":[141,60,87,77,24],"product_tag":[],"class_list":{"0":"post-794","1":"product","2":"type-product","3":"status-publish","4":"has-post-thumbnail","6":"product_cat-textilplattor","7":"product_cat-alla-produkter","8":"product_cat-interface","9":"product_cat-heuga-530","10":"product_cat-rea-tillfalliga-partier","11":"pa_farg-gra","12":"pa_produktklass-33-hard-pafrastning","13":"pa_sortering-1-a-sort","14":"pa_storlek-per-platta-cm-50x50","15":"pa_varumarke-interface","16":"tm-no-options","18":"first","19":"instock","20":"sale","21":"taxable","22":"shipping-taxable","23":"purchasable","24":"product-type-simple"},"composite_layout":"","composite_add_to_cart_form_location":"","composite_editable_in_cart":false,"composite_sold_individually_context":"","composite_shop_price_calc":"","composite_components":[],"composite_scenarios":[],"acf":[],"yoast_head":"<!-- This site is optimized with the Yoast SEO plugin v24.3 - https:\/\/yoast.com\/wordpress\/plugins\/seo\/ -->\n<title>Textilplatta Interface Heuga 530 Carbon online | Mattia<\/title>\n<meta name=\"description\" content=\"K\u00f6p Textilplatta Heuga 530 Carbon hos Mattia. H\u00f6g kvalitet till marknadens b\u00e4sta priser med snabb leverans och fri frakt!\" \/>\n<meta name=\"robots\" content=\"index, follow, max-snippet:-1, max-image-preview:large, max-video-preview:-1\" \/>\n<link rel=\"canonical\" href=\"https:\/\/mattia.com\/produkt\/heuga-530-carbon\/\" \/>\n<meta property=\"og:locale\" content=\"en_US\" \/>\n<meta property=\"og:type\" content=\"article\" \/>\n<meta property=\"og:title\" content=\"Textilplatta Interface Heuga 530 Carbon online | Mattia\" \/>\n<meta property=\"og:description\" content=\"K\u00f6p Textilplatta Heuga 530 Carbon hos Mattia. H\u00f6g kvalitet till marknadens b\u00e4sta priser med snabb leverans och fri frakt!\" \/>\n<meta property=\"og:url\" content=\"https:\/\/mattia.com\/produkt\/heuga-530-carbon\/\" \/>\n<meta property=\"og:site_name\" content=\"Mattia\" \/>\n<meta property=\"article:publisher\" content=\"https:\/\/www.facebook.com\/Textilplattor\" \/>\n<meta property=\"article:modified_time\" content=\"2025-12-16T15:10:31+00:00\" \/>\n<meta property=\"og:image\" content=\"https:\/\/mattia.com\/wp-content\/uploads\/2021\/08\/Heuga-530-carbon.jpg.png\" \/>\n\t<meta property=\"og:image:width\" content=\"1288\" \/>\n\t<meta property=\"og:image:height\" content=\"1288\" \/>\n\t<meta property=\"og:image:type\" content=\"image\/png\" \/>\n<meta name=\"twitter:card\" content=\"summary_large_image\" \/>\n<meta name=\"twitter:label1\" content=\"Est. reading time\" \/>\n\t<meta name=\"twitter:data1\" content=\"1 minute\" \/>\n<script type=\"application\/ld+json\" class=\"yoast-schema-graph\">{\"@context\":\"https:\/\/schema.org\",\"@graph\":[{\"@type\":\"WebPage\",\"@id\":\"https:\/\/mattia.com\/produkt\/heuga-530-carbon\/\",\"url\":\"https:\/\/mattia.com\/produkt\/heuga-530-carbon\/\",\"name\":\"Textilplatta Interface Heuga 530 Carbon online | Mattia\",\"isPartOf\":{\"@id\":\"https:\/\/mattia.com\/#website\"},\"primaryImageOfPage\":{\"@id\":\"https:\/\/mattia.com\/produkt\/heuga-530-carbon\/#primaryimage\"},\"image\":{\"@id\":\"https:\/\/mattia.com\/produkt\/heuga-530-carbon\/#primaryimage\"},\"thumbnailUrl\":\"https:\/\/mattia.com\/wp-content\/uploads\/2021\/08\/Heuga-530-carbon.jpg.png\",\"datePublished\":\"2021-08-06T08:55:15+00:00\",\"dateModified\":\"2025-12-16T15:10:31+00:00\",\"description\":\"K\u00f6p Textilplatta Heuga 530 Carbon hos Mattia. H\u00f6g kvalitet till marknadens b\u00e4sta priser med snabb leverans och fri frakt!\",\"breadcrumb\":{\"@id\":\"https:\/\/mattia.com\/produkt\/heuga-530-carbon\/#breadcrumb\"},\"inLanguage\":\"en-US\",\"potentialAction\":[{\"@type\":\"ReadAction\",\"target\":[\"https:\/\/mattia.com\/produkt\/heuga-530-carbon\/\"]}]},{\"@type\":\"ImageObject\",\"inLanguage\":\"en-US\",\"@id\":\"https:\/\/mattia.com\/produkt\/heuga-530-carbon\/#primaryimage\",\"url\":\"https:\/\/mattia.com\/wp-content\/uploads\/2021\/08\/Heuga-530-carbon.jpg.png\",\"contentUrl\":\"https:\/\/mattia.com\/wp-content\/uploads\/2021\/08\/Heuga-530-carbon.jpg.png\",\"width\":1288,\"height\":1288,\"caption\":\"Textilplatta-interface-Heuga 530 carbon\"},{\"@type\":\"BreadcrumbList\",\"@id\":\"https:\/\/mattia.com\/produkt\/heuga-530-carbon\/#breadcrumb\",\"itemListElement\":[{\"@type\":\"ListItem\",\"position\":1,\"name\":\"Hem\",\"item\":\"https:\/\/mattia.com\/\"},{\"@type\":\"ListItem\",\"position\":2,\"name\":\"Textilplattor\",\"item\":\"https:\/\/mattia.com\/shop\/\"},{\"@type\":\"ListItem\",\"position\":3,\"name\":\"Interface\",\"item\":\"https:\/\/mattia.com\/varumarke\/interface\/\"},{\"@type\":\"ListItem\",\"position\":4,\"name\":\"Textilplatta Heuga 530 Carbon\"}]},{\"@type\":\"WebSite\",\"@id\":\"https:\/\/mattia.com\/#website\",\"url\":\"https:\/\/mattia.com\/\",\"name\":\"Mattia\",\"description\":\"Textilplattor till marknadens b\u00e4sta priser\",\"publisher\":{\"@id\":\"https:\/\/mattia.com\/#organization\"},\"potentialAction\":[{\"@type\":\"SearchAction\",\"target\":{\"@type\":\"EntryPoint\",\"urlTemplate\":\"https:\/\/mattia.com\/?s={search_term_string}\"},\"query-input\":{\"@type\":\"PropertyValueSpecification\",\"valueRequired\":true,\"valueName\":\"search_term_string\"}}],\"inLanguage\":\"en-US\"},{\"@type\":\"Organization\",\"@id\":\"https:\/\/mattia.com\/#organization\",\"name\":\"Mattia AB\",\"alternateName\":\"Mattia\",\"url\":\"https:\/\/mattia.com\/\",\"logo\":{\"@type\":\"ImageObject\",\"inLanguage\":\"en-US\",\"@id\":\"https:\/\/mattia.com\/#\/schema\/logo\/image\/\",\"url\":\"https:\/\/mattia.com\/wp-content\/uploads\/2020\/04\/logotype-1.png\",\"contentUrl\":\"https:\/\/mattia.com\/wp-content\/uploads\/2020\/04\/logotype-1.png\",\"width\":319,\"height\":90,\"caption\":\"Mattia AB\"},\"image\":{\"@id\":\"https:\/\/mattia.com\/#\/schema\/logo\/image\/\"},\"sameAs\":[\"https:\/\/www.facebook.com\/Textilplattor\"]}]}<\/script>\n<!-- \/ Yoast SEO plugin. -->","yoast_head_json":{"title":"Textilplatta Interface Heuga 530 Carbon online | Mattia","description":"K\u00f6p Textilplatta Heuga 530 Carbon hos Mattia. H\u00f6g kvalitet till marknadens b\u00e4sta priser med snabb leverans och fri frakt!","robots":{"index":"index","follow":"follow","max-snippet":"max-snippet:-1","max-image-preview":"max-image-preview:large","max-video-preview":"max-video-preview:-1"},"canonical":"https:\/\/mattia.com\/produkt\/heuga-530-carbon\/","og_locale":"en_US","og_type":"article","og_title":"Textilplatta Interface Heuga 530 Carbon online | Mattia","og_description":"K\u00f6p Textilplatta Heuga 530 Carbon hos Mattia. H\u00f6g kvalitet till marknadens b\u00e4sta priser med snabb leverans och fri frakt!","og_url":"https:\/\/mattia.com\/produkt\/heuga-530-carbon\/","og_site_name":"Mattia","article_publisher":"https:\/\/www.facebook.com\/Textilplattor","article_modified_time":"2025-12-16T15:10:31+00:00","og_image":[{"width":1288,"height":1288,"url":"https:\/\/mattia.com\/wp-content\/uploads\/2021\/08\/Heuga-530-carbon.jpg.png","type":"image\/png"}],"twitter_card":"summary_large_image","twitter_misc":{"Est. reading time":"1 minute"},"schema":{"@context":"https:\/\/schema.org","@graph":[{"@type":"WebPage","@id":"https:\/\/mattia.com\/produkt\/heuga-530-carbon\/","url":"https:\/\/mattia.com\/produkt\/heuga-530-carbon\/","name":"Textilplatta Interface Heuga 530 Carbon online | Mattia","isPartOf":{"@id":"https:\/\/mattia.com\/#website"},"primaryImageOfPage":{"@id":"https:\/\/mattia.com\/produkt\/heuga-530-carbon\/#primaryimage"},"image":{"@id":"https:\/\/mattia.com\/produkt\/heuga-530-carbon\/#primaryimage"},"thumbnailUrl":"https:\/\/mattia.com\/wp-content\/uploads\/2021\/08\/Heuga-530-carbon.jpg.png","datePublished":"2021-08-06T08:55:15+00:00","dateModified":"2025-12-16T15:10:31+00:00","description":"K\u00f6p Textilplatta Heuga 530 Carbon hos Mattia. H\u00f6g kvalitet till marknadens b\u00e4sta priser med snabb leverans och fri frakt!","breadcrumb":{"@id":"https:\/\/mattia.com\/produkt\/heuga-530-carbon\/#breadcrumb"},"inLanguage":"en-US","potentialAction":[{"@type":"ReadAction","target":["https:\/\/mattia.com\/produkt\/heuga-530-carbon\/"]}]},{"@type":"ImageObject","inLanguage":"en-US","@id":"https:\/\/mattia.com\/produkt\/heuga-530-carbon\/#primaryimage","url":"https:\/\/mattia.com\/wp-content\/uploads\/2021\/08\/Heuga-530-carbon.jpg.png","contentUrl":"https:\/\/mattia.com\/wp-content\/uploads\/2021\/08\/Heuga-530-carbon.jpg.png","width":1288,"height":1288,"caption":"Textilplatta-interface-Heuga 530 carbon"},{"@type":"BreadcrumbList","@id":"https:\/\/mattia.com\/produkt\/heuga-530-carbon\/#breadcrumb","itemListElement":[{"@type":"ListItem","position":1,"name":"Hem","item":"https:\/\/mattia.com\/"},{"@type":"ListItem","position":2,"name":"Textilplattor","item":"https:\/\/mattia.com\/shop\/"},{"@type":"ListItem","position":3,"name":"Interface","item":"https:\/\/mattia.com\/varumarke\/interface\/"},{"@type":"ListItem","position":4,"name":"Textilplatta Heuga 530 Carbon"}]},{"@type":"WebSite","@id":"https:\/\/mattia.com\/#website","url":"https:\/\/mattia.com\/","name":"Mattia","description":"Textilplattor till marknadens b\u00e4sta priser","publisher":{"@id":"https:\/\/mattia.com\/#organization"},"potentialAction":[{"@type":"SearchAction","target":{"@type":"EntryPoint","urlTemplate":"https:\/\/mattia.com\/?s={search_term_string}"},"query-input":{"@type":"PropertyValueSpecification","valueRequired":true,"valueName":"search_term_string"}}],"inLanguage":"en-US"},{"@type":"Organization","@id":"https:\/\/mattia.com\/#organization","name":"Mattia AB","alternateName":"Mattia","url":"https:\/\/mattia.com\/","logo":{"@type":"ImageObject","inLanguage":"en-US","@id":"https:\/\/mattia.com\/#\/schema\/logo\/image\/","url":"https:\/\/mattia.com\/wp-content\/uploads\/2020\/04\/logotype-1.png","contentUrl":"https:\/\/mattia.com\/wp-content\/uploads\/2020\/04\/logotype-1.png","width":319,"height":90,"caption":"Mattia AB"},"image":{"@id":"https:\/\/mattia.com\/#\/schema\/logo\/image\/"},"sameAs":["https:\/\/www.facebook.com\/Textilplattor"]}]}},"_links":{"self":[{"href":"https:\/\/mattia.com\/en\/wp-json\/wp\/v2\/product\/794","targetHints":{"allow":["GET"]}}],"collection":[{"href":"https:\/\/mattia.com\/en\/wp-json\/wp\/v2\/product"}],"about":[{"href":"https:\/\/mattia.com\/en\/wp-json\/wp\/v2\/types\/product"}],"replies":[{"embeddable":true,"href":"https:\/\/mattia.com\/en\/wp-json\/wp\/v2\/comments?post=794"}],"wp:featuredmedia":[{"embeddable":true,"href":"https:\/\/mattia.com\/en\/wp-json\/wp\/v2\/media\/795"}],"wp:attachment":[{"href":"https:\/\/mattia.com\/en\/wp-json\/wp\/v2\/media?parent=794"}],"wp:term":[{"taxonomy":"product_brand","embeddable":true,"href":"https:\/\/mattia.com\/en\/wp-json\/wp\/v2\/product_brand?post=794"},{"taxonomy":"product_cat","embeddable":true,"href":"https:\/\/mattia.com\/en\/wp-json\/wp\/v2\/product_cat?post=794"},{"taxonomy":"product_tag","embeddable":true,"href":"https:\/\/mattia.com\/en\/wp-json\/wp\/v2\/product_tag?post=794"}],"curies":[{"name":"wp","href":"https:\/\/api.w.org\/{rel}","templated":true}]}}